{"id":10646,"date":"2021-08-25T22:11:18","date_gmt":"2021-08-25T19:11:18","guid":{"rendered":"https:\/\/academyprivateinvestment.com\/estatuto-y-licencia-de-la-organizacion-educativa\/"},"modified":"2021-11-28T17:52:52","modified_gmt":"2021-11-28T14:52:52","slug":"estatuto-y-licencia-de-la-organizacion-educativa","status":"publish","type":"page","link":"https:\/\/academyprivateinvestment.com\/es\/estatuto-y-licencia-de-la-organizacion-educativa\/","title":{"rendered":"Estatuto y licencia de la organizaci\u00f3n educativa"},"content":{"rendered":"&#13;\n<ol class=\"big\">&#13;\n<li><a href=\"\/wp-content\/uploads\/2021\/08\/ustav-ooo-achi.pdf\" data-type=\"URL\" data-id=\"\/wp-content\/uploads\/2021\/08\/ustav-ooo-achi.pdf\">Estatuto de la organizaci\u00f3n educativa<\/a><\/li>&#13;\n<li><a href=\"\/wp-content\/uploads\/2021\/08\/liczenziya-&#x2116;039917-ot-22.02.2019g..pdf\" data-type=\"URL\" data-id=\"\/wp-content\/uploads\/2021\/08\/liczenziya-&#x2116;039917-ot-22.02.2019g..pdf\">Licencia para realizar actividades educativas (con anexos)<\/a><\/li>&#13;\n<li>Plan financiero y econ\u00f3mico de la entidad educativa<\/li>&#13;\n<li>Regulaciones locales:<ul class=\"quote-list\">&#13;\n<li>Reglamento sobre el modo de uso por parte de los participantes en las relaciones educativas (aprendices (oyentes) y trabajadores) de los recursos de biblioteca e informaci\u00f3n, la base de capacitaci\u00f3n<\/li>&#13;\n<li>Reglamento sobre la ense\u00f1anza del plan de estudios individual, incluida la ense\u00f1anza acelerada, dentro del programa educativo de los estudiantes<\/li>&#13;\n<li>Reglamento de salud de los alumnos, primeros auxilios<\/li>&#13;\n<li>Reglamento sobre las formas, la periodicidad y el procedimiento para el control continuo del rendimiento acad\u00e9mico, la evaluaci\u00f3n intermedia y final de los estudiantes matriculados en los programas<\/li>&#13;\n<li>Reglamento sobre la organizaci\u00f3n de la ense\u00f1anza a distancia<\/li>&#13;\n<li>Reglamento sobre las modalidades de formaci\u00f3n<\/li>&#13;\n<li>Reglamento sobre el establecimiento, la organizaci\u00f3n y la adopci\u00f3n de decisiones de la comisi\u00f3n de soluci\u00f3n de controversias<\/li>&#13;\n<li>Normas de \u00e9tica profesional de los tutores<\/li>&#13;\n<li>Reglamento sobre la certificaci\u00f3n final de los estudiantes<\/li>&#13;\n<li>Procedimiento para la certificaci\u00f3n de los trabajadores que ocupan puestos de tutores<\/li>&#13;\n<li>Normas laborales internas<\/li>&#13;\n<li>Reglamento de tratamiento y protecci\u00f3n de datos personales<\/li>&#13;\n<li>Reglamento sobre el procedimiento de formalizaci\u00f3n, ocurrencia, suspensi\u00f3n y terminaci\u00f3n de la relaci\u00f3n entre la organizaci\u00f3n educativa y los estudiantes<\/li>&#13;\n<li>Reglas internas para estudiantes (oyentes)<\/li>&#13;\n<li>Instrucciones para la salud laboral, la seguridad t\u00e9cnica y la seguridad contra incendios de los estudiantes en la organizaci\u00f3n educativa<\/li>&#13;\n<li>Reglamento del consejo pedag\u00f3gico<\/li>&#13;\n<li>Reglas de admisi\u00f3n de estudiantes<\/li>&#13;\n<li>Reglamento sobre el procedimiento de expulsi\u00f3n, recuperaci\u00f3n y transferencia de los alumnos<\/li>&#13;\n<li>Reglamento sobre la prestaci\u00f3n de servicios educativos pagados y el procedimiento para la celebraci\u00f3n de contratos<\/li>&#13;\n<li>Reglamento sobre el procedimiento para la formalizaci\u00f3n, emisi\u00f3n y almacenamiento de documentos sobre formaci\u00f3n y profesional complementaria<\/li>&#13;\n<li>Programa de desarrollo educativo<\/li>&#13;\n<li>Orden de aprobaci\u00f3n del costo de los servicios educativos pagados<\/li>&#13;\n<li>Reglamento de examen por cuenta propia<\/li>&#13;\n<li>Reglamento sobre la evaluaci\u00f3n interna de la calidad de los programas profesionales complementarios y sus resultados<\/li>&#13;\n<\/ul><\/li>&#13;\n<li>Informe de autoexamen<\/li>&#13;\n<li>Servicios educativos de pago<\/li>&#13;\n<li>Orden de aprobaci\u00f3n de la forma modelo del contrato para la prestaci\u00f3n de servicios educativos de pago<\/li>&#13;\n<\/ol>&#13;\n\r\n<div class=\"wp-block-spacer\" style=\"height: 100px;\" aria-hidden=\"true\">\u00a0<\/div>\r\n","protected":false},"excerpt":{"rendered":"<p>&#13;<\/p>\n<ol class=\"big\">&#13;<\/p>\n<li>Estatuto de la organizaci\u00f3n educativa<\/li>\n<p>&#13;<\/p>\n<li>Licencia para realizar actividades educativas (con anexos)<\/li>\n<p>&#13;<\/p>\n<li>Plan financiero y econ\u00f3mico de la entidad educativa<\/li>\n<p>&#13;<\/p>\n<li>Regulaciones locales:\n<ul class=\"quote-list\">&#13;<\/p>\n<li>Reglamento sobre el modo de uso por parte de los participantes en las relaciones educativas (aprendices (oyentes) y trabajadores) de los recursos de biblioteca e informaci\u00f3n, la base de capacitaci\u00f3n<\/li>\n<p>&#13;<\/p>\n<li>Reglamento sobre la ense\u00f1anza del plan de estudios individual,<\/li>\n<\/ul>\n<\/li>\n<\/ol>\n<p>&#8230;<\/p>\n","protected":false},"author":2,"featured_media":0,"parent":0,"menu_order":93,"comment_status":"closed","ping_status":"closed","template":"","meta":{"inline_featured_image":false,"spay_email":""},"acf":[],"_links":{"self":[{"href":"https:\/\/academyprivateinvestment.com\/es\/wp-json\/wp\/v2\/pages\/10646"}],"collection":[{"href":"https:\/\/academyprivateinvestment.com\/es\/wp-json\/wp\/v2\/pages"}],"about":[{"href":"https:\/\/academyprivateinvestment.com\/es\/wp-json\/wp\/v2\/types\/page"}],"author":[{"embeddable":true,"href":"https:\/\/academyprivateinvestment.com\/es\/wp-json\/wp\/v2\/users\/2"}],"replies":[{"embeddable":true,"href":"https:\/\/academyprivateinvestment.com\/es\/wp-json\/wp\/v2\/comments?post=10646"}],"version-history":[{"count":2,"href":"https:\/\/academyprivateinvestment.com\/es\/wp-json\/wp\/v2\/pages\/10646\/revisions"}],"predecessor-version":[{"id":107852,"href":"https:\/\/academyprivateinvestment.com\/es\/wp-json\/wp\/v2\/pages\/10646\/revisions\/107852"}],"wp:attachment":[{"href":"https:\/\/academyprivateinvestment.com\/es\/wp-json\/wp\/v2\/media?parent=10646"}],"curies":[{"name":"wp","href":"https:\/\/api.w.org\/{rel}","templated":true}]}}