{"id":10685,"date":"2021-07-20T09:09:20","date_gmt":"2021-07-20T06:09:20","guid":{"rendered":"https:\/\/academyprivateinvestment.com\/politica-de-privacidad\/"},"modified":"2021-10-15T14:36:13","modified_gmt":"2021-10-15T11:36:13","slug":"politica-de-privacidad","status":"publish","type":"page","link":"https:\/\/academyprivateinvestment.com\/es\/politica-de-privacidad\/","title":{"rendered":"Pol\u00edtica de privacidad"},"content":{"rendered":"\n<h2>Qui\u00e9nes somos<\/h2>\n\n<p><strong class=\"privacy-policy-tutorial\">Texto propuesto: <\/strong>Direcci\u00f3n de nuestra p\u00e1gina web: https:\/\/academyprivateinvestment.com.<\/p>\n\n<h2>Comentarios<\/h2>\n\n<p><strong class=\"privacy-policy-tutorial\">Texto propuesto: <\/strong>Si un visitante deja un comentario en la p\u00e1gina, recopilamos los datos especificados en el formulario de comentarios, as\u00ed como la direcci\u00f3n IP del visitante y los datos del user-agent del navegador para determinar el spam.<\/p>\n\n<p>Una cadena an\u00f3nima creada a partir de su direcci\u00f3n de correo electr\u00f3nico (&#8220;hash&#8221;) se puede proporcionar al servicio Gravatar para determinar si la est\u00e1 utilizando. La pol\u00edtica de privacidad de Gravatar est\u00e1 disponible aqu\u00ed: https:\/\/automattic.com\/privacy\/ . Despu\u00e9s de aprobar su comentario, su imagen de perfil ser\u00e1 visible p\u00fablicamente en el contexto de su comentario.<\/p>\n\n<h2>Ficheros multimedia<\/h2>\n\n<p><strong class=\"privacy-policy-tutorial\">Texto propuesto: <\/strong>Si es un usuario registrado y subes fotos al sitio, es posible que deba evitar cargar im\u00e1genes con metadatos EXIF, ya que pueden contener datos de su ubicaci\u00f3n a trav\u00e9s del GPS. Los visitantes pueden extraer esta informaci\u00f3n descargando im\u00e1genes de la p\u00e1gina.<\/p>\n\n<h2>Cookies<\/h2>\n\n<p><strong class=\"privacy-policy-tutorial\">Texto propuesto: <\/strong>Si deja un comentario en nuestra p\u00e1gina, puede incluir el almacenamiento de su nombre, direcci\u00f3n de correo electr\u00f3nico y sitio web en las cookies. Esto se hace para su conveniencia, para no volver a llenar los datos al volver a comentar. Estas cookies se almacenan durante un a\u00f1o.<\/p>\n\n<p>Si tiene una cuenta en el sitio e inicia sesi\u00f3n en ella, estableceremos una cookie temporal para determinar el soporte de cookies por parte de su navegador, la cookie no contiene ninguna informaci\u00f3n personal y se elimina al cerrar su navegador.<\/p>\n\n<p>Al iniciar sesi\u00f3n en la cuenta, tambi\u00e9n configuramos varias cookies con los datos de Inicio de sesi\u00f3n y la configuraci\u00f3n de la pantalla. Las cookies de Inicio de sesi\u00f3n se almacenan durante dos d\u00edas, las cookies con configuraci\u00f3n de pantalla son un a\u00f1o. Si elige la opci\u00f3n &#8220;Recordarme&#8221;, los datos de Inicio de sesi\u00f3n se mantendr\u00e1n durante dos semanas. Al cerrar sesi\u00f3n, se eliminar\u00e1n las cookies de Inicio de sesi\u00f3n.<\/p>\n\n<p>Al editar o publicar un art\u00edculo en el navegador, se guardar\u00e1 una cookie adicional, no contiene datos personales y solo contiene el id del registro editado por usted, caducar\u00e1 despu\u00e9s de 1 d\u00eda.<\/p>\n\n<h2>Contenido incrustado de otros sitios web<\/h2>\n\n<p><strong class=\"privacy-policy-tutorial\">Texto propuesto: <\/strong>Los art\u00edculos de este sitio pueden incluir contenido incrustado (por ejemplo, videos, im\u00e1genes, art\u00edculos, etc.), este contenido se comporta como si un visitante hubiera iniciado sesi\u00f3n en otro sitio.<\/p>\n\n<p>Estos sitios pueden recopilar informaci\u00f3n sobre usted, usar cookies, implementar un seguimiento adicional de terceros y monitorear su interacci\u00f3n con el contenido incrustado, incluido el seguimiento de la interacci\u00f3n, si tiene una cuenta y ha iniciado sesi\u00f3n en ese sitio.<\/p>\n\n<h2>Con qui\u00e9n compartimos sus datos<\/h2>\n\n<p><strong class=\"privacy-policy-tutorial\">Texto propuesto: <\/strong>Si solicita un restablecimiento de contrase\u00f1a, su IP aparecer\u00e1 en el mensaje de correo electr\u00f3nico de restablecimiento.<\/p>\n\n<h2>Cu\u00e1nto tiempo almacenamos sus datos<\/h2>\n\n<p><strong class=\"privacy-policy-tutorial\">Texto propuesto: <\/strong>Si deja un comentario, el comentario en s\u00ed y sus metadatos permanecen indefinidamente. Esto se hace para identificar y aprobar los comentarios posteriores autom\u00e1ticamente, en lugar de ponerlos en una cola para su aprobaci\u00f3n.<\/p>\n\n<p>Para los usuarios registrados en nuestro sitio web, almacenamos la informaci\u00f3n personal que indican en su perfil. Todos los usuarios pueden ver, editar o eliminar su informaci\u00f3n del perfil en cualquier momento (excepto el nombre de usuario). La administraci\u00f3n del sitio web tambi\u00e9n puede ver y modificar esta informaci\u00f3n.<\/p>\n\n<h2>Qu\u00e9 derechos tiene sobre sus datos<\/h2>\n\n<p><strong class=\"privacy-policy-tutorial\">Texto propuesto: <\/strong>Si tiene una cuenta en el sitio o si ha dejado comentarios, puede solicitar un archivo de exportaci\u00f3n de datos personales que hemos guardado sobre usted, incluidos los datos que ha proporcionado. Tambi\u00e9n puede solicitar la eliminaci\u00f3n de estos datos, esto no incluye los datos que estamos obligados a almacenar con fines administrativos, legales o de seguridad.<\/p>\n\n<h2>A d\u00f3nde enviamos sus datos<\/h2>\n\n<p><strong class=\"privacy-policy-tutorial\">Texto propuesto: <\/strong>Los comentarios de los usuarios pueden ser verificados por el servicio de detecci\u00f3n autom\u00e1tica de spam.<\/p>\n","protected":false},"excerpt":{"rendered":"<p>Qui\u00e9nes somos<\/p>\n<p>Texto propuesto: Direcci\u00f3n de nuestra p\u00e1gina web: https:\/\/academyprivateinvestment.com.<\/p>\n<p>Comentarios<\/p>\n<p>Texto propuesto: Si un visitante deja un comentario en la p\u00e1gina, recopilamos los datos especificados en el formulario de comentarios, as\u00ed como la direcci\u00f3n IP del visitante y los datos del user-agent del navegador para determinar el spam.<\/p>\n<p>Una cadena an\u00f3nima creada a partir de su direcci\u00f3n de correo electr\u00f3nico (&#8220;hash&#8221;) se puede proporcionar al servicio Gravatar para determinar si la est\u00e1 utilizando. La pol\u00edtica de privacidad de Gravatar est\u00e1 disponible aqu\u00ed: https:\/\/automattic.com\/privacy\/ &#8230;.<\/p>\n","protected":false},"author":1,"featured_media":0,"parent":0,"menu_order":24,"comment_status":"closed","ping_status":"open","template":"","meta":{"inline_featured_image":false,"spay_email":""},"acf":[],"_links":{"self":[{"href":"https:\/\/academyprivateinvestment.com\/es\/wp-json\/wp\/v2\/pages\/10685"}],"collection":[{"href":"https:\/\/academyprivateinvestment.com\/es\/wp-json\/wp\/v2\/pages"}],"about":[{"href":"https:\/\/academyprivateinvestment.com\/es\/wp-json\/wp\/v2\/types\/page"}],"author":[{"embeddable":true,"href":"https:\/\/academyprivateinvestment.com\/es\/wp-json\/wp\/v2\/users\/1"}],"replies":[{"embeddable":true,"href":"https:\/\/academyprivateinvestment.com\/es\/wp-json\/wp\/v2\/comments?post=10685"}],"version-history":[{"count":1,"href":"https:\/\/academyprivateinvestment.com\/es\/wp-json\/wp\/v2\/pages\/10685\/revisions"}],"predecessor-version":[{"id":10686,"href":"https:\/\/academyprivateinvestment.com\/es\/wp-json\/wp\/v2\/pages\/10685\/revisions\/10686"}],"wp:attachment":[{"href":"https:\/\/academyprivateinvestment.com\/es\/wp-json\/wp\/v2\/media?parent=10685"}],"curies":[{"name":"wp","href":"https:\/\/api.w.org\/{rel}","templated":true}]}}