{"id":107855,"date":"2021-11-22T13:31:00","date_gmt":"2021-11-22T10:31:00","guid":{"rendered":"https:\/\/academyprivateinvestment.com\/program\/presentador-calificado-de-genio-de-las-finanzas\/"},"modified":"2022-11-21T09:59:58","modified_gmt":"2022-11-21T06:59:58","slug":"gen-fin-qualified-presenter","status":"publish","type":"product","link":"https:\/\/academyprivateinvestment.com\/es\/programs\/gen-fin-qualified-presenter\/","title":{"rendered":"\u201cGenio de finanzas&#8221;, ponente cualificado. PREMIUM"},"content":{"rendered":"\r\n<p>Para aquellos que buscan la oportunidad de ganar m\u00e1s y quieren llevar la educaci\u00f3n financiera a las masas. Usted tendr\u00e1 acceso a un curso que le convertir\u00e1 en el presentador de la formaci\u00f3n \u201cGenio de Finanzas\u201d, \u00a1despu\u00e9s del cual usted recibir\u00e1 no s\u00f3lo un certificado de presentador y la oportunidad de entrenar a otros, sino tambi\u00e9n un mont\u00f3n de bonos exclusivos!<\/p>\r\n\r\n\r\n\r\n<h2>Qu\u00e9 se incluye en el paquete:<\/h2>\r\n\r\n\r\n\r\n<ul class=\"quote-list\">\r\n<li>Caja con el juego &#8220;Genio de Finanzas&#8221;<\/li>\r\n<li>Bolso con logo<\/li>\r\n<li>Curso especial &#8220;Entrenamiento para los presentadores de la formaci\u00f3n en forma de juego de mesa &#8220;Genio de Finanzas&#8221;<\/li>\r\n<li>Certificado de presentador calificado (condiciones: aprobaci\u00f3n exitosa de la prueba de certificaci\u00f3n)<\/li>\r\n<li>Conexi\u00f3n con el embudo autom\u00e1tico (s\u00f3lo para presentador certificado)<\/li>\r\n<\/ul>\r\n\r\n\r\n\r\n<p>El enlace a los tutoriales llegar\u00e1 a su correo electr\u00f3nico de registro de la cuenta API dentro de 1-3 d\u00edas h\u00e1biles desde el pago.<\/p>\r\n\r\n\r\n\r\n<p><em>*El costo de env\u00edo est\u00e1 incluido en el precio del art\u00edculo.<\/em><\/p>\r\n\r\n\r\n\r\n<p><strong>\u00a1IMPORTANTE!<\/strong>\u00a0Despu\u00e9s del pago, se enviar\u00e1 un correo a su correo electr\u00f3nico y a sus mensajes personales con un formulario para indicar los datos de entrega.<strong>\u00a0\u00a1Rellene cuidadosamente cada campo del formulario\u00a0<\/strong>para una entrega exitosa y oportuna de su ejemplar del entrenamiento!<\/p>\r\n","protected":false},"excerpt":{"rendered":"<p><span data-sheets-value=\"{&quot;1&quot;:2,&quot;2&quot;:&quot;Una gran oferta para aquellos que buscan la oportunidad de ganar m\u00e1s y sue\u00f1an con llevar la educaci\u00f3n financiera a las masas. Convi\u00e9rtase en un presentador profesional de la formaci\u00f3n \\&quot;Genio de Finanzas\\&quot; y el propietario de este Best - seller: su propia copia de la formaci\u00f3n en forma de juego de mesa.&quot;}\" data-sheets-userformat=\"{&quot;2&quot;:12801,&quot;3&quot;:{&quot;1&quot;:0},&quot;12&quot;:0,&quot;15&quot;:&quot;Arial, sans-serif&quot;,&quot;16&quot;:11}\">Una gran oferta para aquellos que buscan la oportunidad de ganar m\u00e1s y sue\u00f1an con llevar la educaci\u00f3n financiera a las masas. Convi\u00e9rtase en un presentador profesional de la formaci\u00f3n &#8220;Genio de Finanzas&#8221; y el propietario de este Best &#8211; seller: su propia copia de la formaci\u00f3n en forma de juego de mesa.<\/span><\/p>\n","protected":false},"featured_media":10726,"comment_status":"closed","ping_status":"closed","template":"","meta":{"inline_featured_image":false,"spay_email":""},"product_cat":[436,442],"product_tag":[],"acf":{"global_goods_id":1251},"_links":{"self":[{"href":"https:\/\/academyprivateinvestment.com\/es\/wp-json\/wp\/v2\/product\/107855"}],"collection":[{"href":"https:\/\/academyprivateinvestment.com\/es\/wp-json\/wp\/v2\/product"}],"about":[{"href":"https:\/\/academyprivateinvestment.com\/es\/wp-json\/wp\/v2\/types\/product"}],"replies":[{"embeddable":true,"href":"https:\/\/academyprivateinvestment.com\/es\/wp-json\/wp\/v2\/comments?post=107855"}],"wp:featuredmedia":[{"embeddable":true,"href":"https:\/\/academyprivateinvestment.com\/es\/wp-json\/wp\/v2\/media\/10726"}],"wp:attachment":[{"href":"https:\/\/academyprivateinvestment.com\/es\/wp-json\/wp\/v2\/media?parent=107855"}],"wp:term":[{"taxonomy":"product_cat","embeddable":true,"href":"https:\/\/academyprivateinvestment.com\/es\/wp-json\/wp\/v2\/product_cat?post=107855"},{"taxonomy":"product_tag","embeddable":true,"href":"https:\/\/academyprivateinvestment.com\/es\/wp-json\/wp\/v2\/product_tag?post=107855"}],"curies":[{"name":"wp","href":"https:\/\/api.w.org\/{rel}","templated":true}]}}