{"id":107856,"date":"2021-11-22T11:45:10","date_gmt":"2021-11-22T08:45:10","guid":{"rendered":"https:\/\/academyprivateinvestment.com\/program\/gen-fin\/"},"modified":"2022-10-05T12:48:05","modified_gmt":"2022-10-05T09:48:05","slug":"gen-fin","status":"publish","type":"product","link":"https:\/\/academyprivateinvestment.com\/es\/programs\/gen-fin\/","title":{"rendered":"Entrenamiento en forma de juego &#8220;Genio de Finanzas&#8221;"},"content":{"rendered":"\r\n<p>Excelente oferta solo para miembros del Club de Inversores Privados<\/p>\r\n\r\n\r\n\r\n<h2>Qu\u00e9 se incluye en el paquete:<\/h2>\r\n\r\n\r\n\r\n<ol class=\"big\">\r\n<li>Caja con el juego \u201cGenio de Finanzas\u201d<\/li>\r\n<li>Bolso con logo<\/li>\r\n<\/ol>\r\n\r\n\r\n\r\n<p>* El costo de env\u00edo est\u00e1 incluido en el precio del art\u00edculo.<\/p>\r\n\r\n\r\n\r\n<p><strong>\u00a1IMPORTANTE!<\/strong>\u00a0Despu\u00e9s del pago, se enviar\u00e1 un correo a su correo electr\u00f3nico y a sus mensajes personales con un formulario para indicar los datos de entrega.<strong>\u00a0\u00a1Rellene cuidadosamente cada campo del formulario\u00a0<\/strong>para una entrega exitosa y oportuna de su ejemplar del entrenamiento!<\/p>\r\n","protected":false},"excerpt":{"rendered":"<p><span data-sheets-value=\"{&quot;1&quot;:2,&quot;2&quot;:&quot;La versi\u00f3n actualizada del entrenamiento en forma de juego de mesa le permitir\u00e1 cambiar su actitud hacia las finanzas desde los primeros minutos del juego, poner a prueba sus habilidades y conocimientos sin riesgos y comenzar a generar ideas para crear capital y aumentar sus ingresos.&quot;}\" data-sheets-userformat=\"{&quot;2&quot;:12801,&quot;3&quot;:{&quot;1&quot;:0},&quot;12&quot;:0,&quot;15&quot;:&quot;Arial, sans-serif&quot;,&quot;16&quot;:11}\">La versi\u00f3n actualizada del entrenamiento en forma de juego de mesa le permitir\u00e1 cambiar su actitud hacia las finanzas desde los primeros minutos del juego, poner a prueba sus habilidades y conocimientos sin riesgos y comenzar a generar ideas para crear capital y aumentar sus ingresos.<\/span><\/p>\n","protected":false},"featured_media":95977,"comment_status":"closed","ping_status":"closed","template":"","meta":{"inline_featured_image":false,"spay_email":""},"product_cat":[442],"product_tag":[],"acf":{"global_goods_id":""},"_links":{"self":[{"href":"https:\/\/academyprivateinvestment.com\/es\/wp-json\/wp\/v2\/product\/107856"}],"collection":[{"href":"https:\/\/academyprivateinvestment.com\/es\/wp-json\/wp\/v2\/product"}],"about":[{"href":"https:\/\/academyprivateinvestment.com\/es\/wp-json\/wp\/v2\/types\/product"}],"replies":[{"embeddable":true,"href":"https:\/\/academyprivateinvestment.com\/es\/wp-json\/wp\/v2\/comments?post=107856"}],"wp:featuredmedia":[{"embeddable":true,"href":"https:\/\/academyprivateinvestment.com\/es\/wp-json\/wp\/v2\/media\/95977"}],"wp:attachment":[{"href":"https:\/\/academyprivateinvestment.com\/es\/wp-json\/wp\/v2\/media?parent=107856"}],"wp:term":[{"taxonomy":"product_cat","embeddable":true,"href":"https:\/\/academyprivateinvestment.com\/es\/wp-json\/wp\/v2\/product_cat?post=107856"},{"taxonomy":"product_tag","embeddable":true,"href":"https:\/\/academyprivateinvestment.com\/es\/wp-json\/wp\/v2\/product_tag?post=107856"}],"curies":[{"name":"wp","href":"https:\/\/api.w.org\/{rel}","templated":true}]}}