{"id":107982,"date":"2021-11-26T15:45:58","date_gmt":"2021-11-26T12:45:58","guid":{"rendered":"https:\/\/academyprivateinvestment.com\/?post_type=product&#038;p=107982"},"modified":"2022-01-26T14:40:17","modified_gmt":"2022-01-26T11:40:17","slug":"profi-investor-2-cat","status":"publish","type":"product","link":"https:\/\/academyprivateinvestment.com\/es\/programs\/profi-investor-2-cat\/","title":{"rendered":"Inversor Profesional categor\u00eda 2 (v\u00eddeo curso)"},"content":{"rendered":"<p style=\"text-align: center;\"><strong>El programa avanzado &#8220;Inversor Profesional de categor\u00eda 2&#8221; es creado para aquellos que:<\/strong><\/p>\n<ul>\n<li style=\"text-align: justify;\">Tiene un gran deseo de aprender a invertir, pero a\u00fan no sabe nada al respecto;<\/li>\n<li style=\"text-align: justify;\">Ha tenido experiencia en la inversi\u00f3n m\u00e1s negativa que positiva, pero tambi\u00e9n tiene el deseo de aprender la ciencia de la inversi\u00f3n para preservar y multiplicar sus ahorros.<\/li>\n<li style=\"text-align: justify;\">Ten\u00eda experiencia en la p\u00e9rdida de fondos de empresas sin escr\u00fapulos o pir\u00e1mides financieras y le gustar\u00eda aprender a multiplicar y proteger adecuadamente sus ahorros;<\/li>\n<li style=\"text-align: justify;\">Tiene deudas y desea pagarlas m\u00e1s r\u00e1pido, as\u00ed como crear otra fuente de ingresos en el negocio de inversi\u00f3n.<\/li>\n<li style=\"text-align: justify;\">Quiere aprender a crear ingresos de sus inversiones de 15% a 35% por a\u00f1o con la seguridad garantizada de las inversiones;<\/li>\n<li style=\"text-align: justify;\">Le gustar\u00eda entender y darse cuenta de lo que significa crear 300%-1000% de ingresos en sus inversiones;<\/li>\n<li style=\"text-align: justify;\">Desea saber qu\u00e9 hacer para crear un capital de $ 1,000,000 o m\u00e1s durante un per\u00edodo de 5-10 a\u00f1os con el menor riesgo y alta seguridad;<\/li>\n<li style=\"text-align: justify;\">Quiere aprender c\u00f3mo distinguir las pir\u00e1mides financieras y las empresas disfuncionales de las ofertas que realmente valen la pena y no meterse en problemas con la p\u00e9rdida de ahorros.<\/li>\n<li style=\"text-align: justify;\">Quien est\u00e1 interesado en explorar los mercados de valores, divisas y criptomonedas y aprender a administrar su capital en estos mercados;<\/li>\n<li style=\"text-align: justify;\">Desea obtener planes financieros para todas las categor\u00edas y niveles de inversores;<\/li>\n<li style=\"text-align: justify;\">Quien se pregunta qu\u00e9 es el sistema financiero moderno y c\u00f3mo protegerse contra la inflaci\u00f3n, la hiperinflaci\u00f3n y las crisis mundiales;<\/li>\n<li style=\"text-align: justify;\">Quien se pregunta por qu\u00e9 existen programas de alto rendimiento y fondos de cobertura y c\u00f3mo definirlos para su cartera;<\/li>\n<li style=\"text-align: justify;\">Quiere aprender a trabajar en los mercados de valores y crear carteras con un alto rendimiento en la cartera 2-5% por mes.<\/li>\n<\/ul>\n<p style=\"text-align: center;\"><strong>El programa avanzado incluye:<\/strong><\/p>\n<ul>\n<li style=\"text-align: justify;\">Curso &#8220;Fundamentos de la inversi\u00f3n&#8221;.<\/li>\n<li style=\"text-align: justify;\">Curso &#8220;Primeros pasos en la inversi\u00f3n privada&#8221;.<\/li>\n<li style=\"text-align: justify;\">Curso avanzado de inversor privado &#8220;Mercados burs\u00e1tiles y gesti\u00f3n de capital personal de cartera&#8221;.<\/li>\n<li style=\"text-align: justify;\">Curso &#8220;Finanzas mundiales, estatales y corporativas, evoluci\u00f3n de la creaci\u00f3n de pol\u00edticas descentralizadas digitales modernas&#8221;.<\/li>\n<li style=\"text-align: justify;\">El examen con la recepci\u00f3n del certificado &#8220;Inversor Profesional de categor\u00eda 2&#8221;.<\/li>\n<\/ul>\n<p style=\"text-align: center;\"><strong>Qu\u00e9 temas estudiaremos y analizaremos en detalle:<\/strong><\/p>\n<div class=\"accordion\">\n<div class=\"accordion-control\"><strong>+ Curso &#8220;Fundamentos de la inversi\u00f3n&#8221;.<\/strong><\/div>\n<div class=\"accordion-content\">\n<div>\n<p style=\"text-align: justify;\">\n<ul>\n<li>Conceptos b\u00e1sicos en la inversi\u00f3n. En qu\u00e9 se basa la Independencia financiera y la Libertad.<\/li>\n<li>Los 5 mandamientos principales de un Inversor Privado.<\/li>\n<li>Planes financieros \u00f3ptimos.<\/li>\n<li>Fundamentos de la diversificaci\u00f3n.<\/li>\n<li>Disciplina y gesti\u00f3n de riesgos en la inversi\u00f3n.<\/li>\n<li>C\u00f3mo controlar la codicia y evitar la pereza.<\/li>\n<li>La inversi\u00f3n m\u00e1s rentable y confiable del mundo en todo momento.<\/li>\n<li>El aumento del capital conduce a la riqueza absoluta.<\/li>\n<li>Reglas para crear un fondo para imprevistos.<\/li>\n<li>Fundamentos del desarrollo financiero y de inversi\u00f3n de la personalidad.<\/li>\n<li>C\u00f3mo $1 se convierte en $1 mill\u00f3n y en qu\u00e9 per\u00edodo<\/li>\n<li>C\u00f3mo aprender a crear un rendimiento de inversi\u00f3n 300-100% anual.<\/li>\n<li>Pr\u00e1ctica.<\/li>\n<\/ul>\n<\/div>\n<\/div>\n<\/div>\n<div class=\"accordion\">\n<div class=\"accordion-control\"><strong>+ Curso &#8220;Primeros pasos en la inversi\u00f3n privada&#8221;.<\/strong><\/div>\n<div class=\"accordion-content\">\n<div>\n<p style=\"text-align: justify;\">\n<ul>\n<li>Activos y pasivos. Gesti\u00f3n de activos y reducci\u00f3n de pasivos.<\/li>\n<li>Por qu\u00e9 la gente pierde su dinero en la inversi\u00f3n.<\/li>\n<li>Niveles de inversores y para qu\u00e9 entenderlos.<\/li>\n<li>Estrategias de inversi\u00f3n.<\/li>\n<li>Comprender las inversiones de alto rendimiento y c\u00f3mo aprender a gestionar los riesgos.<\/li>\n<li>Programas de pensiones, programas de pensiones alternativos.<\/li>\n<li>Estrategias de diversificaci\u00f3n y cobertura de riesgos.<\/li>\n<li>Elaboraci\u00f3n de un informe de balance personal.<\/li>\n<li>Qu\u00e9 es una estrategia de inversi\u00f3n y c\u00f3mo elegir una estrategia de inversi\u00f3n.<\/li>\n<li>Selecci\u00f3n de sectores de inversi\u00f3n.<\/li>\n<li>Selecci\u00f3n de instrumentos de inversi\u00f3n para crear su propia cartera de inversiones.<\/li>\n<li>M\u00e9todo de control de riesgo\/rendimiento.<\/li>\n<li>Principios b\u00e1sicos de la cartera de inversiones.<\/li>\n<li>Tipos de carteras de inversi\u00f3n.<\/li>\n<li>Equilibrar carteras.<\/li>\n<li>Curso pr\u00e1ctico de elaboraci\u00f3n de planes financieros y carteras de inversiones.<\/li>\n<li>C\u00f3mo crear un capital de $ 1 mill\u00f3n o m\u00e1s.<\/li>\n<\/ul>\n<\/div>\n<\/div>\n<\/div>\n<div class=\"accordion\">\n<div class=\"accordion-control\"><strong>+ Curso avanzado de inversor privado &#8220;Mercados burs\u00e1tiles y gesti\u00f3n de capital personal de cartera&#8221;.<\/strong><\/div>\n<div class=\"accordion-content\">\n<div>\n<p style=\"text-align: justify;\">\n<ul>\n<li>Planes financieros y c\u00f3mo desarrollar sus activos progresivamente.<\/li>\n<li>Planes financieros de pobres y ricos.<\/li>\n<li>Planes de pensiones y cu\u00e1l es su diferencia.<\/li>\n<li>Reglas para crear planes financieros.<\/li>\n<li>Sus Metas y Sue\u00f1os en la elaboraci\u00f3n de planes financieros y de jubilaci\u00f3n.<\/li>\n<li>Objetos de inversi\u00f3n, formaci\u00f3n de objetos.<\/li>\n<li>Herramientas en inversi\u00f3n, comprensi\u00f3n b\u00e1sica.<\/li>\n<li>Herramientas y oportunidades de inversi\u00f3n en el mercado educativo.<\/li>\n<li>El sector bancario como componente de inversi\u00f3n.<\/li>\n<li>Grupos financieros y definici\u00f3n de grupos financieros.<\/li>\n<li>Instrumentaci\u00f3n en grupos financieros y productos de inversi\u00f3n bancaria.<\/li>\n<li>Fondos de seguros.<\/li>\n<li>Instrumentos de inversi\u00f3n en el mercado de servicios de seguros.<\/li>\n<li>Mercado de valores, conceptos b\u00e1sicos del mercado de valores.<\/li>\n<li>Herramientas de inversi\u00f3n en las bolsas de valores.<\/li>\n<li>Las bolsas de valores internacionales, su importancia e influencia en la pol\u00edtica financiera y de inversi\u00f3n mundial.<\/li>\n<li>Instrumentos de inversi\u00f3n de bajo riesgo con rendimientos garantizados en las bolsas de valores.<\/li>\n<li>Instrumentos de riesgo medio con garant\u00eda de seguridad de capital y rendimiento de 2-5% por mes.<\/li>\n<li>Instrumentos de alto riesgo con un rendimiento de 5-10% por mes.<\/li>\n<li>Gesti\u00f3n de riesgos al invertir en las bolsas de valores.<\/li>\n<li>Brokering en las bolsas de valores.<\/li>\n<li>Estrategias algor\u00edtmicas en la inversi\u00f3n privada.<\/li>\n<li>Robosistemas en inversi\u00f3n privada.<\/li>\n<li>Terminales comerciales. C\u00f3mo trabajar con terminales comerciales.<\/li>\n<li>Herramientas de gesti\u00f3n pasiva de dinero.<\/li>\n<li>Lo que hay que entender y saber cuando se trata de los mercados de valores.<\/li>\n<li>Normas b\u00e1sicas para la creaci\u00f3n de carteras de inversi\u00f3n personales.<\/li>\n<li>Los fundamentos del comercio de acciones y su beneficio en lo que est\u00e1 versado en el comercio de acciones.<\/li>\n<\/ul>\n<\/div>\n<\/div>\n<\/div>\n<div class=\"accordion\">\n<div class=\"accordion-control\"><strong>+ Curso &#8220;Finanzas mundiales, estatales y corporativas, evoluci\u00f3n de la creaci\u00f3n de pol\u00edticas descentralizadas digitales modernas&#8221;.<\/strong><\/div>\n<div class=\"accordion-content\">\n<div>\n<p style=\"text-align: justify;\">\n<ul>\n<li>Finanzas mundiales. C\u00f3mo se regula la econom\u00eda mundial.<\/li>\n<li>Sistemas y programas bancarios internacionales.<\/li>\n<li>El impacto del capital mundial en la geopol\u00edtica.<\/li>\n<li>De d\u00f3nde viene el dinero en la econom\u00eda mundial.<\/li>\n<li>Zonas de influencia del mercado de divisas.<\/li>\n<li>Monedas estatales mundiales y su importancia en el sistema financiero mundial.<\/li>\n<li>Pol\u00edtica econ\u00f3mica estatal.<\/li>\n<li>Finanzas p\u00fablicas. De d\u00f3nde viene el dinero en cada pa\u00eds, c\u00f3mo se forman las masas monetarias.<\/li>\n<li>Pol\u00edtica monetaria mundial.<\/li>\n<li>Finanzas corporativas y su impacto en las finanzas p\u00fablicas y mundiales.<\/li>\n<li>El mercado de divisas y su importancia en las finanzas mundiales.<\/li>\n<li>Instrumentos y objetos de inversi\u00f3n en el mercado de divisas.<\/li>\n<li>Regulaci\u00f3n de los mercados de divisas.<\/li>\n<li>Beneficios y peligros al invertir en los mercados de divisas.<\/li>\n<li>El final de la regulaci\u00f3n monetaria fiduciaria y el amanecer del nuevo desarrollo descentralizado digital.<\/li>\n<li>Criptoeconom\u00eda y tecnolog\u00eda blockchain.<\/li>\n<li>Las principales herramientas en los mercados criptogr\u00e1ficos.<\/li>\n<li>Perspectivas de desarrollo del mercado de criptomoneda.<\/li>\n<li>Globalizaci\u00f3n y Criptonom\u00eda.<\/li>\n<li>Inversi\u00f3n privada en la Nueva Era Digital.<\/li>\n<\/ul>\n<\/div>\n<\/div>\n<\/div>\n<p style=\"text-align: justify;\">\n<ul>\n<li style=\"text-align: justify;\"><strong>Tiempo para aprender y responder a las preguntas de la prueba<\/strong>: 150-300 horas<\/li>\n<li style=\"text-align: justify;\"><strong>Formato:<\/strong> estudio independiente del material en formato de video en un modo conveniente para usted, 1 sesi\u00f3n de mentor\u00eda, acceso a los materiales de video del programa por un per\u00edodo de 1 a\u00f1o a partir de la fecha de pago.<\/li>\n<\/ul>\n<p dir=\"ltr\" style=\"text-align: center;\"><strong>Gr\u00e1fico de cambios de precio:<br \/>\n<\/strong><\/p>\n<div dir=\"ltr\" align=\"left\">\n<table style=\"width: 100%; border: 1px solid #000000;\" border=\"1\">\n<colgroup>\n<col width=\"293\" \/>\n<col width=\"290\" \/><\/colgroup>\n<tbody>\n<tr>\n<td>\n<p dir=\"ltr\" style=\"text-align: center;\"><strong>PERIODO<br \/>\n<\/strong><\/p>\n<\/td>\n<td style=\"text-align: center;\">\n<p dir=\"ltr\"><strong>COSTE<br \/>\n<\/strong><\/p>\n<\/td>\n<\/tr>\n<tr>\n<td style=\"text-align: center;\">\n<p dir=\"ltr\">del\u00a01.12.2021 al\u00a01.01.2022<\/p>\n<\/td>\n<td style=\"text-align: center;\">\n<p dir=\"ltr\">350 $<\/p>\n<\/td>\n<\/tr>\n<tr>\n<td style=\"text-align: center;\">\n<p dir=\"ltr\">del\u00a01.01.2022 al\u00a01.03.2022<\/p>\n<\/td>\n<td style=\"text-align: center;\">\n<p dir=\"ltr\">440 $<\/p>\n<\/td>\n<\/tr>\n<tr>\n<td style=\"text-align: center;\">\n<p dir=\"ltr\">del\u00a01.03.2022 al\u00a01.04.2022<\/p>\n<\/td>\n<td>\n<p dir=\"ltr\" style=\"text-align: center;\">525 $<\/p>\n<\/td>\n<\/tr>\n<\/tbody>\n<\/table>\n<\/div>\n<p>Dentro de 1-3 d\u00edas h\u00e1biles a partir de la fecha de pago, se le enviar\u00e1 una carta con m\u00e1s instrucciones a su correo electr\u00f3nico.<\/p>\n<ul>\n<li style=\"text-align: justify;\"><strong>Remitente:<\/strong> Academia de Inversor Privado<\/li>\n<\/ul>\n","protected":false},"excerpt":{"rendered":"<p><span data-sheets-value=\"{&quot;1&quot;:2,&quot;2&quot;:&quot;Un programa avanzado para aquellos que desean aprender la ciencia de la inversi\u00f3n y crear fuentes adicionales de ingresos con el menor riesgo y alta seguridad, as\u00ed como aprender la gesti\u00f3n de cartera de su propio capital. Incluye el programa b\u00e1sico &quot;Inversor Profesional categor\u00eda 3&quot;.&quot;}\" data-sheets-userformat=\"{&quot;2&quot;:12801,&quot;3&quot;:{&quot;1&quot;:0},&quot;12&quot;:0,&quot;15&quot;:&quot;Arial, sans-serif&quot;,&quot;16&quot;:11}\">Un programa avanzado para aquellos que desean aprender la ciencia de la inversi\u00f3n y crear fuentes adicionales de ingresos con el menor riesgo y alta seguridad, as\u00ed como aprender la gesti\u00f3n de cartera de su propio capital. Incluye el programa b\u00e1sico &#8220;Inversor Profesional categor\u00eda 3&#8221;.<\/span><\/p>\n","protected":false},"featured_media":105794,"comment_status":"closed","ping_status":"closed","template":"","meta":{"inline_featured_image":false,"spay_email":""},"product_cat":[436],"product_tag":[],"acf":{"global_goods_id":""},"_links":{"self":[{"href":"https:\/\/academyprivateinvestment.com\/es\/wp-json\/wp\/v2\/product\/107982"}],"collection":[{"href":"https:\/\/academyprivateinvestment.com\/es\/wp-json\/wp\/v2\/product"}],"about":[{"href":"https:\/\/academyprivateinvestment.com\/es\/wp-json\/wp\/v2\/types\/product"}],"replies":[{"embeddable":true,"href":"https:\/\/academyprivateinvestment.com\/es\/wp-json\/wp\/v2\/comments?post=107982"}],"wp:featuredmedia":[{"embeddable":true,"href":"https:\/\/academyprivateinvestment.com\/es\/wp-json\/wp\/v2\/media\/105794"}],"wp:attachment":[{"href":"https:\/\/academyprivateinvestment.com\/es\/wp-json\/wp\/v2\/media?parent=107982"}],"wp:term":[{"taxonomy":"product_cat","embeddable":true,"href":"https:\/\/academyprivateinvestment.com\/es\/wp-json\/wp\/v2\/product_cat?post=107982"},{"taxonomy":"product_tag","embeddable":true,"href":"https:\/\/academyprivateinvestment.com\/es\/wp-json\/wp\/v2\/product_tag?post=107982"}],"curies":[{"name":"wp","href":"https:\/\/api.w.org\/{rel}","templated":true}]}}