{"id":107983,"date":"2021-11-22T08:50:22","date_gmt":"2021-11-22T05:50:22","guid":{"rendered":"https:\/\/academyprivateinvestment.com\/?post_type=product&#038;p=107983"},"modified":"2022-01-26T14:46:19","modified_gmt":"2022-01-26T11:46:19","slug":"profi-investor-1-cat","status":"publish","type":"product","link":"https:\/\/academyprivateinvestment.com\/es\/programs\/profi-investor-1-cat\/","title":{"rendered":"Inversor Profesional categor\u00eda 1 (v\u00eddeo curso)"},"content":{"rendered":"<p>El programa de \u00e9lite \u00ab<strong>Inversor Profesional catego\u00eda 1<\/strong>\u00bb incluye el programa avanzado \u00ab<strong>Inversor Profesional catego\u00eda 2<\/strong>\u00bb y el programa b\u00e1sico \u00ab<strong>Inversor Profesional catego\u00eda 3<\/strong>\u00bb.<\/p>\n<p style=\"text-align: center;\"><strong>El programa de \u00e9lite &#8220;Inversor Profesional de categor\u00eda 1&#8221; es creado para aquellos que:<\/strong><\/p>\n<ul>\n<li>Tiene un gran deseo de aprender a invertir, pero a\u00fan no sabe nada al respecto;<\/li>\n<li>Ha tenido experiencia en la inversi\u00f3n m\u00e1s negativa que positiva, pero tambi\u00e9n tiene el deseo de aprender la ciencia de la inversi\u00f3n para preservar y multiplicar sus ahorros.<\/li>\n<li>Ten\u00eda experiencia en la p\u00e9rdida de fondos de empresas sin escr\u00fapulos o pir\u00e1mides financieras y le gustar\u00eda aprender a multiplicar y proteger adecuadamente sus ahorros;<\/li>\n<li>Tiene deudas y desea pagarlas m\u00e1s r\u00e1pido, as\u00ed como crear otra fuente de ingresos en el negocio de inversi\u00f3n.<\/li>\n<li>Quiere aprender a crear ingresos de sus inversiones de 15% a 35% por a\u00f1o con la seguridad garantizada de las inversiones;<\/li>\n<li>Le gustar\u00eda entender y darse cuenta de lo que significa crear 300%-1000% de ingresos en sus inversiones;<\/li>\n<li>Desea saber qu\u00e9 hacer para crear un capital de $ 1,000,000 o m\u00e1s durante un per\u00edodo de 5-10 a\u00f1os con el menor riesgo y alta seguridad;<\/li>\n<li>Quiere aprender c\u00f3mo distinguir las pir\u00e1mides financieras y las empresas disfuncionales de las ofertas que realmente valen la pena y no meterse en problemas con la p\u00e9rdida de ahorros.<\/li>\n<li>Quien est\u00e1 interesado en explorar los mercados de valores, divisas y criptomonedas y aprender a administrar su capital en estos mercados;<\/li>\n<li>Desea obtener planes financieros para todas las categor\u00edas y niveles de inversores;<\/li>\n<li>Quien se pregunta qu\u00e9 es el sistema financiero moderno y c\u00f3mo protegerse contra la inflaci\u00f3n, la hiperinflaci\u00f3n y las crisis mundiales;<\/li>\n<li>Quien se pregunta por qu\u00e9 existen programas de alto rendimiento y fondos de cobertura y c\u00f3mo definirlos para su cartera;<\/li>\n<li>Quiere aprender a trabajar en los mercados de valores y crear carteras con un alto rendimiento en la cartera 2-5% por mes.<\/li>\n<\/ul>\n<p style=\"text-align: center;\"><strong>El programa de \u00e9lite incluye:<\/strong><\/p>\n<ul>\n<li>Curso &#8220;Fundamentos de la inversi\u00f3n&#8221;.<\/li>\n<li>Curso &#8220;Primeros pasos en la inversi\u00f3n privada&#8221;.<\/li>\n<li>Curso avanzado de inversor privado &#8220;Mercados burs\u00e1tiles y gesti\u00f3n de capital personal de cartera&#8221;.<\/li>\n<li>Curso &#8220;Finanzas mundiales, estatales y corporativas, evoluci\u00f3n de la creaci\u00f3n de pol\u00edticas descentralizadas digitales modernas&#8221;.<\/li>\n<li>Curso &#8220;Mercado de divisas Forex: historia y perspectivas de desarrollo, beneficios y riesgos para los inversores privados&#8221;.<\/li>\n<li>Curso &#8220;Mercado de criptomonedas y tecnolog\u00eda blockchain, alto rendimiento y riesgos para inversores privados&#8221;.<\/li>\n<li>Curso &#8220;Mercado de riesgo y mercado de capital empresarial&#8221;.<\/li>\n<li>Curso &#8220;Globalidad en la creaci\u00f3n de una cartera de inversiones: ventajas, pros y contras&#8221;.<\/li>\n<li>El examen con la recepci\u00f3n del certificado &#8220;Inversor Profesional de categor\u00eda 1&#8221;.<\/li>\n<\/ul>\n<p style=\"text-align: center;\"><strong>Qu\u00e9 temas estudiaremos y analizaremos en detalle:<\/strong><\/p>\n<p><strong>+ Curso &#8220;Fundamentos de la inversi\u00f3n&#8221;.<\/strong><\/p>\n<ul>\n<li>Conceptos b\u00e1sicos en la inversi\u00f3n. En qu\u00e9 se basa la Independencia financiera y la Libertad.<\/li>\n<li>Los 5 mandamientos principales de un Inversor Privado.<\/li>\n<li>Planes financieros \u00f3ptimos.<\/li>\n<li>Fundamentos de la diversificaci\u00f3n.<\/li>\n<li>Disciplina y gesti\u00f3n de riesgos en la inversi\u00f3n.<\/li>\n<li>C\u00f3mo controlar la codicia y evitar la pereza.<\/li>\n<li>La inversi\u00f3n m\u00e1s rentable y confiable del mundo en todo momento.<\/li>\n<li>El aumento del capital conduce a la riqueza absoluta.<\/li>\n<li>Reglas para crear un fondo para imprevistos.<\/li>\n<li>Fundamentos del desarrollo financiero y de inversi\u00f3n de la personalidad.<\/li>\n<li>C\u00f3mo $1 se convierte en $1 mill\u00f3n y en qu\u00e9 per\u00edodo<\/li>\n<li>C\u00f3mo aprender a crear un rendimiento de inversi\u00f3n 300-100% anual.<\/li>\n<li>Pr\u00e1ctica.<\/li>\n<\/ul>\n<p><strong>+ Curso &#8220;Primeros pasos en la inversi\u00f3n privada&#8221;.<\/strong><\/p>\n<ul>\n<li>Activos y pasivos. Gesti\u00f3n de activos y reducci\u00f3n de pasivos.<\/li>\n<li>Por qu\u00e9 la gente pierde su dinero en la inversi\u00f3n.<\/li>\n<li>Niveles de inversores y para qu\u00e9 entenderlos.<\/li>\n<li>Estrategias de inversi\u00f3n.<\/li>\n<li>Comprender las inversiones de alto rendimiento y c\u00f3mo aprender a gestionar los riesgos.<\/li>\n<li>Programas de pensiones, programas de pensiones alternativos.<\/li>\n<li>Estrategias de diversificaci\u00f3n y cobertura de riesgos.<\/li>\n<li>Elaboraci\u00f3n de un informe de balance personal.<\/li>\n<li>Qu\u00e9 es una estrategia de inversi\u00f3n y c\u00f3mo elegir una estrategia de inversi\u00f3n.<\/li>\n<li>Selecci\u00f3n de sectores de inversi\u00f3n.<\/li>\n<li>Selecci\u00f3n de instrumentos de inversi\u00f3n para crear su propia cartera de inversiones.<\/li>\n<li>M\u00e9todo de control de riesgo\/rendimiento.<\/li>\n<li>Principios b\u00e1sicos de la cartera de inversiones.<\/li>\n<li>Tipos de carteras de inversi\u00f3n.<\/li>\n<li>Equilibrar carteras.<\/li>\n<li>Curso pr\u00e1ctico de elaboraci\u00f3n de planes financieros y carteras de inversiones.<\/li>\n<li>C\u00f3mo crear un capital de $ 1 mill\u00f3n o m\u00e1s.<\/li>\n<\/ul>\n<p><strong>+ Curso avanzado de inversor privado &#8220;Mercados burs\u00e1tiles y gesti\u00f3n de capital personal de cartera&#8221;.<\/strong><\/p>\n<ul>\n<li>Planes financieros y c\u00f3mo desarrollar sus activos progresivamente.<\/li>\n<li>Planes financieros de pobres y ricos.<\/li>\n<li>Planes de pensiones y cu\u00e1l es su diferencia.<\/li>\n<li>Reglas para crear planes financieros.<\/li>\n<li>Sus Metas y Sue\u00f1os en la elaboraci\u00f3n de planes financieros y de jubilaci\u00f3n.<\/li>\n<li>Objetos de inversi\u00f3n, formaci\u00f3n de objetos.<\/li>\n<li>Herramientas en inversi\u00f3n, comprensi\u00f3n b\u00e1sica.<\/li>\n<li>Herramientas y oportunidades de inversi\u00f3n en el mercado educativo.<\/li>\n<li>El sector bancario como componente de inversi\u00f3n.<\/li>\n<li>Grupos financieros y definici\u00f3n de grupos financieros.<\/li>\n<li>Instrumentaci\u00f3n en grupos financieros y productos de inversi\u00f3n bancaria.<\/li>\n<li>Fondos de seguros.<\/li>\n<li>Instrumentos de inversi\u00f3n en el mercado de servicios de seguros.<\/li>\n<li>Mercado de valores, conceptos b\u00e1sicos del mercado de valores.<\/li>\n<li>Herramientas de inversi\u00f3n en las bolsas de valores.<\/li>\n<li>Las bolsas de valores internacionales, su importancia e influencia en la pol\u00edtica financiera y de inversi\u00f3n mundial.<\/li>\n<li>Instrumentos de inversi\u00f3n de bajo riesgo con rendimientos garantizados en las bolsas de valores.<\/li>\n<li>Instrumentos de riesgo medio con garant\u00eda de seguridad de capital y rendimiento de 2-5% por mes.<\/li>\n<li>Instrumentos de alto riesgo con un rendimiento de 5-10% por mes.<\/li>\n<li>Gesti\u00f3n de riesgos al invertir en las bolsas de valores.<\/li>\n<li>Brokering en las bolsas de valores.<\/li>\n<li>Estrategias algor\u00edtmicas en la inversi\u00f3n privada.<\/li>\n<li>Robosistemas en inversi\u00f3n privada.<\/li>\n<li>Terminales comerciales. C\u00f3mo trabajar con terminales comerciales.<\/li>\n<li>Herramientas de gesti\u00f3n pasiva de dinero.<\/li>\n<li>Lo que hay que entender y saber cuando se trata de los mercados de valores.<\/li>\n<li>Normas b\u00e1sicas para la creaci\u00f3n de carteras de inversi\u00f3n personales.<\/li>\n<li>Los fundamentos del comercio de acciones y su beneficio en lo que est\u00e1 versado en el comercio de acciones.<\/li>\n<\/ul>\n<p><strong>+ Curso &#8220;Finanzas mundiales, estatales y corporativas, evoluci\u00f3n de la creaci\u00f3n de pol\u00edticas descentralizadas digitales modernas&#8221;.<\/strong><\/p>\n<ul>\n<li>Finanzas mundiales. C\u00f3mo se regula la econom\u00eda mundial.<\/li>\n<li>Sistemas y programas bancarios internacionales.<\/li>\n<li>El impacto del capital mundial en la geopol\u00edtica.<\/li>\n<li>De d\u00f3nde viene el dinero en la econom\u00eda mundial.<\/li>\n<li>Zonas de influencia del mercado de divisas.<\/li>\n<li>Monedas estatales mundiales y su importancia en el sistema financiero mundial.<\/li>\n<li>Pol\u00edtica econ\u00f3mica estatal.<\/li>\n<li>Finanzas p\u00fablicas. De d\u00f3nde viene el dinero en cada pa\u00eds, c\u00f3mo se forman las masas monetarias.<\/li>\n<li>Pol\u00edtica monetaria mundial.<\/li>\n<li>Finanzas corporativas y su impacto en las finanzas p\u00fablicas y mundiales.<\/li>\n<li>El mercado de divisas y su importancia en las finanzas mundiales.<\/li>\n<li>Instrumentos y objetos de inversi\u00f3n en el mercado de divisas.<\/li>\n<li>Regulaci\u00f3n de los mercados de divisas.<\/li>\n<li>Beneficios y peligros al invertir en los mercados de divisas.<\/li>\n<li>El final de la regulaci\u00f3n monetaria fiduciaria y el amanecer del nuevo desarrollo descentralizado digital.<\/li>\n<li>Criptoeconom\u00eda y tecnolog\u00eda blockchain.<\/li>\n<li>Las principales herramientas en los mercados criptogr\u00e1ficos.<\/li>\n<li>Perspectivas de desarrollo del mercado de criptomoneda.<\/li>\n<li>Globalizaci\u00f3n y Criptonom\u00eda.<\/li>\n<li>Inversi\u00f3n privada en la Nueva Era Digital.<\/li>\n<\/ul>\n<p><strong>+ Curso &#8220;Mercado de divisas Forex: historia y perspectivas de desarrollo, beneficios y riesgos para los inversores privados&#8221;.<\/strong><\/p>\n<ul>\n<li>Historia de la aparici\u00f3n del mercado Forex.<\/li>\n<li>Participantes profesionales del mercado Forex.<\/li>\n<li>Proporcionar liquidez en el mercado Forex.<\/li>\n<li>Fundamentos del comercio en el mercado Forex.<\/li>\n<li>Beneficios del inversor privado cuando se trabaja con el mercado Forex.<\/li>\n<li>Herramientas de inversi\u00f3n en el mercado Forex.<\/li>\n<li>Terminales comerciales en el mercado Forex.<\/li>\n<li>Crear estrategias de inversi\u00f3n en el mercado Forex.<\/li>\n<li>Brokering en Forex.<\/li>\n<li>Crear estrategias individuales y carteras de inversi\u00f3n en el mercado Forex.<\/li>\n<li>Reglas obligatorias de disciplina al invertir en Forex.<\/li>\n<\/ul>\n<p><strong>+ Curso &#8220;Mercado de criptomonedas y tecnolog\u00eda blockchain, alto rendimiento y riesgos para inversores privados&#8221;.<\/strong><\/p>\n<ul>\n<li>Historia de la aparici\u00f3n de tecnolog\u00edas de blockchain y criptomonedas.<\/li>\n<li>Pioneros de la industria criptogr\u00e1fica y sus historias formativas.<\/li>\n<li>La singularidad de inversi\u00f3n de los instrumentos de criptomoneda.<\/li>\n<li>Intercambios de criptomoneda y su peculiaridad en el desarrollo de tecnolog\u00edas de blockchain.<\/li>\n<li>Caracter\u00edsticas de la percepci\u00f3n de la pol\u00edtica p\u00fablica y la creaci\u00f3n de criptomonedas nacionales.<\/li>\n<li>Tendencias en la industria criptogr\u00e1fica y atractivo de inversi\u00f3n.<\/li>\n<li>Tokenizaci\u00f3n de procesos de negocios.<\/li>\n<li>Variedad de tokens.<\/li>\n<li>Tokens y contratos inteligentes. Lo que necesita saber sobre ello un inversor privado.<\/li>\n<li>Comercio en criptomonedas. Caracter\u00edstica y diferencia del mercado de valores y divisas.<\/li>\n<li>Gesti\u00f3n de riesgos y reglas obligatorias de disciplina en el mercado criptogr\u00e1fico.<\/li>\n<li>Un plan detallado al invertir en el mercado de criptomonedas.<\/li>\n<\/ul>\n<p><strong>+ Curso &#8220;Mercado de riesgo y mercado de capital empresarial&#8221;<\/strong><\/p>\n<ul>\n<li>Mercado de riesgo, caracter\u00edsticas de inversi\u00f3n.<\/li>\n<li>Etapas de inversi\u00f3n en el mercado de riesgo.<\/li>\n<li>Pros y contras al invertir en un mercado de riesgo.<\/li>\n<li>Participaci\u00f3n de capital en negocios y nuevas empresas.<\/li>\n<li>Participaci\u00f3n en empresas en desarrollo.<\/li>\n<li>Participaci\u00f3n de capital en el negocio terminado con el objetivo de expansi\u00f3n.<\/li>\n<li>Participaci\u00f3n en el potencial cient\u00edfico.<\/li>\n<li>Mercados de extracci\u00f3n de metales preciosos, pros y contras.<\/li>\n<li>Invertir en tecnolog\u00eda innovadora, pros y contras.<\/li>\n<li>Mercado de inversi\u00f3n para el desarrollo de la cultura y el cine.<\/li>\n<li>Mercado de inversi\u00f3n de salud y longevidad.<\/li>\n<li>Mercado de inversi\u00f3n de Crowdinvesting Multinivel.<\/li>\n<li>Mercado de inversi\u00f3n de tecnolog\u00eda de IT.<\/li>\n<li>Inversi\u00f3n en el desarrollo de la innovaci\u00f3n espacial.<\/li>\n<li>Las inversiones en la administraci\u00f3n de capital en el sector de la restauraci\u00f3n y el comercio mayorista y minorista.<\/li>\n<li>Mercado inmobiliario de inversi\u00f3n.<\/li>\n<li>Invertir en servicios educativos y plataformas.<\/li>\n<li>Invertir en tecnolog\u00edas de transporte innovadoras.<\/li>\n<li>Inversi\u00f3n en energ\u00edas alternativas.<\/li>\n<li>Inversi\u00f3n en el sector agr\u00edcola.<\/li>\n<\/ul>\n<p><strong>+ Curso &#8220;Globalidad en la creaci\u00f3n de una cartera de inversiones. Ventajas, pros y contras&#8221;<\/strong><\/p>\n<ul>\n<li>Pensamiento de cartera.<\/li>\n<li>Algoritmos de creaci\u00f3n de cartera.<\/li>\n<li>Tipos de carteras.<\/li>\n<li>Globalidad de la macroeconom\u00eda.<\/li>\n<li>Globalidad en la inversi\u00f3n privada.<\/li>\n<li>Un conjunto de herramientas en la inversi\u00f3n global.<\/li>\n<li>Diversificaci\u00f3n de riesgos en la inversi\u00f3n global.<\/li>\n<li>Beneficios al crear una Cartera de Inversiones Global.<\/li>\n<\/ul>\n<p>&nbsp;<\/p>\n<ul>\n<li><strong>Tiempo para aprender y responder a las preguntas de la prueba:<\/strong>300-800 horas (se recomienda dedicar 2-3 horas al d\u00eda a la formaci\u00f3n)<\/li>\n<li><strong>Formato:<\/strong>\u00a0estudio independiente del material en formato de video en un modo conveniente para usted, 1 sesi\u00f3n de mentor\u00eda, acceso a los materiales de video del programa por un per\u00edodo de 1 a\u00f1o a partir de la fecha de pago.<\/li>\n<\/ul>\n<p style=\"text-align: center;\"><strong>Gr\u00e1fico de cambios de precio:<\/strong><\/p>\n<table>\n<tbody>\n<tr>\n<td><strong>PERIODO<\/strong><\/td>\n<td><strong>COSTE<\/strong><\/td>\n<\/tr>\n<tr>\n<td>del\u00a01.12.2021\u00a0al\u00a01.01.2022<\/td>\n<td>800 $<\/td>\n<\/tr>\n<tr>\n<td>del 1.01.2022 al 1.03.2022<\/td>\n<td>1250 $<\/td>\n<\/tr>\n<tr>\n<td>del 1.03.2022 al 1.04.2022<\/td>\n<td>1520 $<\/td>\n<\/tr>\n<\/tbody>\n<\/table>\n<p>Dentro de 1-3 d\u00edas h\u00e1biles a partir de la fecha de pago, se le enviar\u00e1 una carta con m\u00e1s instrucciones a su correo electr\u00f3nico.<\/p>\n<ul>\n<li><strong>Remitente:<\/strong>\u00a0Academia de Inversor Privado<\/li>\n<\/ul>\n","protected":false},"excerpt":{"rendered":"<p>El curso &#8220;Inversor Profesional&#8221; est\u00e1 creado para aquellos que desean dominar a nivel profesional una profesi\u00f3n nueva e interesante, aumentar el nivel de l\u00edmite de inversi\u00f3n en proyectos del ecosistema Evorich<\/p>\n","protected":false},"featured_media":105856,"comment_status":"closed","ping_status":"closed","template":"","meta":{"inline_featured_image":false,"spay_email":""},"product_cat":[436,443,460],"product_tag":[],"acf":{"global_goods_id":""},"_links":{"self":[{"href":"https:\/\/academyprivateinvestment.com\/es\/wp-json\/wp\/v2\/product\/107983"}],"collection":[{"href":"https:\/\/academyprivateinvestment.com\/es\/wp-json\/wp\/v2\/product"}],"about":[{"href":"https:\/\/academyprivateinvestment.com\/es\/wp-json\/wp\/v2\/types\/product"}],"replies":[{"embeddable":true,"href":"https:\/\/academyprivateinvestment.com\/es\/wp-json\/wp\/v2\/comments?post=107983"}],"wp:featuredmedia":[{"embeddable":true,"href":"https:\/\/academyprivateinvestment.com\/es\/wp-json\/wp\/v2\/media\/105856"}],"wp:attachment":[{"href":"https:\/\/academyprivateinvestment.com\/es\/wp-json\/wp\/v2\/media?parent=107983"}],"wp:term":[{"taxonomy":"product_cat","embeddable":true,"href":"https:\/\/academyprivateinvestment.com\/es\/wp-json\/wp\/v2\/product_cat?post=107983"},{"taxonomy":"product_tag","embeddable":true,"href":"https:\/\/academyprivateinvestment.com\/es\/wp-json\/wp\/v2\/product_tag?post=107983"}],"curies":[{"name":"wp","href":"https:\/\/api.w.org\/{rel}","templated":true}]}}