{"id":107984,"date":"2021-12-06T16:20:03","date_gmt":"2021-12-06T13:20:03","guid":{"rendered":"https:\/\/academyprivateinvestment.com\/?post_type=product&#038;p=107984"},"modified":"2021-12-16T13:05:21","modified_gmt":"2021-12-16T10:05:21","slug":"8-rules","status":"publish","type":"product","link":"https:\/\/academyprivateinvestment.com\/es\/programs\/8-rules\/","title":{"rendered":"8 reglas del inversor privado"},"content":{"rendered":"<div class=\"reg_form_btn-tovar btn-tovar-top\">\n<div class=\"button\"><a class=\"button\" href=\"\/ru?page_id=135692\">Registro<\/a><\/div>\n<\/div>\n<p><strong>8 reglas de inversor privado:<\/strong> un curso exclusivo sobre el \u00e9xito financiero del autor, fundador y CEO de la Academia de Inversor Privado, inversor profesional multidisciplinario y consultor para preservar, multiplicar y administrar el capital privado <strong>Andrey Khovratov<\/strong>.<\/p>\n<p>Si desea convertirse en una persona rica y pr\u00f3spera, aseg\u00farese de estudiar y poner en pr\u00e1ctica las 8 reglas del inversor privado todos los d\u00edas.<\/p>\n<p style=\"text-align: center;\"><strong>DESPU\u00c9S DE ESTUDIAR EL CURSO, USTED SER\u00c1 CAPAZ DE:<\/strong><\/p>\n<ul>\n<li><strong>construir<\/strong> una estrategia para lograr la independencia financiera<\/li>\n<li><strong>controlar<\/strong> sus ingresos y gastos<\/li>\n<li><strong>conocer<\/strong> los principales secretos de la gente rica del mundo<\/li>\n<li><strong>encontrar<\/strong> el pensamiento de un hombre rico<\/li>\n<li><strong>crear<\/strong> una fuente de ingresos en constante crecimiento<\/li>\n<li><strong>utilizar<\/strong> el 10% del esfuerzo para obtener el 100% de las ganancias<\/li>\n<li><strong>sentir<\/strong> la independencia financiera las 24 horas del d\u00eda<\/li>\n<\/ul>\n<p>La mayor\u00eda de los millonarios de hoy dar\u00edan mucho para evitar errores y, al principio de su viaje, saber lo que obtendr\u00eda en estas 8 lecciones cortas, pero extremadamente importantes.<\/p>\n<p style=\"text-align: center;\"><strong>\u00a1Reg\u00edstrese ahora y acceda al curso sin pagar!<\/strong><\/p>\n<div class=\"reg_form_btn-tovar btn-tovar-bottom\">\n<div class=\"button\"><a class=\"button\" href=\"\/ru?page_id=135692\">Registro<\/a><\/div>\n<\/div>\n","protected":false},"excerpt":{"rendered":"<p>Si desea convertirse en una persona rica y pr\u00f3spera, aseg\u00farese de estudiar y poner en pr\u00e1ctica las 8 reglas del inversor privado todos los d\u00edas. La mayor\u00eda de los millonarios de hoy dar\u00edan mucho para evitar errores y, al principio de su viaje, saber lo que obtendr\u00eda en estas 8 lecciones cortas pero extremadamente importantes.<\/p>\n","protected":false},"featured_media":108447,"comment_status":"closed","ping_status":"closed","template":"","meta":{"inline_featured_image":false,"spay_email":""},"product_cat":[443],"product_tag":[],"acf":{"global_goods_id":""},"_links":{"self":[{"href":"https:\/\/academyprivateinvestment.com\/es\/wp-json\/wp\/v2\/product\/107984"}],"collection":[{"href":"https:\/\/academyprivateinvestment.com\/es\/wp-json\/wp\/v2\/product"}],"about":[{"href":"https:\/\/academyprivateinvestment.com\/es\/wp-json\/wp\/v2\/types\/product"}],"replies":[{"embeddable":true,"href":"https:\/\/academyprivateinvestment.com\/es\/wp-json\/wp\/v2\/comments?post=107984"}],"wp:featuredmedia":[{"embeddable":true,"href":"https:\/\/academyprivateinvestment.com\/es\/wp-json\/wp\/v2\/media\/108447"}],"wp:attachment":[{"href":"https:\/\/academyprivateinvestment.com\/es\/wp-json\/wp\/v2\/media?parent=107984"}],"wp:term":[{"taxonomy":"product_cat","embeddable":true,"href":"https:\/\/academyprivateinvestment.com\/es\/wp-json\/wp\/v2\/product_cat?post=107984"},{"taxonomy":"product_tag","embeddable":true,"href":"https:\/\/academyprivateinvestment.com\/es\/wp-json\/wp\/v2\/product_tag?post=107984"}],"curies":[{"name":"wp","href":"https:\/\/api.w.org\/{rel}","templated":true}]}}