{"id":174506,"date":"2021-11-26T15:53:04","date_gmt":"2021-11-26T12:53:04","guid":{"rendered":"https:\/\/academyprivateinvestment.com\/programs\/profi-investor-3-cat-2\/"},"modified":"2022-10-07T20:02:09","modified_gmt":"2022-10-07T17:02:09","slug":"profi-investor-3-cat","status":"publish","type":"product","link":"https:\/\/academyprivateinvestment.com\/es\/programs\/profi-investor-3-cat\/","title":{"rendered":"Inversor Profesional categor\u00eda 3 (v\u00eddeo curso)"},"content":{"rendered":"<p style=\"text-align: center;\"><strong>Programa b\u00e1sico &#8220;Inversor Profesional de categor\u00eda 3&#8221; es creado para aquellos que:<\/strong><\/p>\n<ul>\n<li>Tiene un gran deseo de aprender a invertir, pero a\u00fan no sabe nada al respecto;<\/li>\n<li>Ha tenido experiencia en la inversi\u00f3n m\u00e1s negativa que positiva, pero tambi\u00e9n tiene el deseo de aprender la ciencia de la inversi\u00f3n para preservar y multiplicar sus ahorros.<\/li>\n<li>Ten\u00eda experiencia en la p\u00e9rdida de fondos de empresas sin escr\u00fapulos o pir\u00e1mides financieras y le gustar\u00eda aprender a multiplicar y proteger adecuadamente sus ahorros;<\/li>\n<li>Tiene deudas y desea pagarlas m\u00e1s r\u00e1pido, as\u00ed como crear otra fuente de ingresos en el negocio de inversi\u00f3n.<\/li>\n<li>Quiere aprender a crear ingresos de sus inversiones de 15% a 35% por a\u00f1o con la seguridad garantizada de las inversiones;<\/li>\n<li>Le gustar\u00eda entender y darse cuenta de lo que significa crear 300%-1000% de ingresos en sus inversiones;<\/li>\n<li>Desea saber qu\u00e9 hacer para crear un capital de $ 1,000,000 o m\u00e1s durante un per\u00edodo de 5-10 a\u00f1os con el menor riesgo y alta seguridad;<\/li>\n<li>Quiere aprender c\u00f3mo distinguir las pir\u00e1mides financieras y las empresas disfuncionales de las ofertas que realmente valen la pena y no meterse en problemas con la p\u00e9rdida de ahorros.<\/li>\n<\/ul>\n<p style=\"text-align: center;\"><strong>El programa b\u00e1sico incluye:<\/strong><\/p>\n<ul>\n<li>Curso &#8220;Fundamentos de la inversi\u00f3n&#8221;.<\/li>\n<li>Curso &#8220;Primeros pasos en la inversi\u00f3n privada&#8221;.<\/li>\n<li>El examen con la recepci\u00f3n del certificado &#8220;Inversor Profesional de categor\u00eda 3&#8221;.<\/li>\n<\/ul>\n<p style=\"text-align: center;\"><strong>Qu\u00e9 temas estudiaremos y analizaremos en detalle:<\/strong><\/p>\n<div class=\"accordion\">\n<div class=\"accordion-control\"><strong>+ Curso &#8220;Fundamentos de la inversi\u00f3n&#8221;.<\/strong><\/div>\n<div class=\"accordion-content\">\n<ul>\n<li>Conceptos b\u00e1sicos en la inversi\u00f3n. En qu\u00e9 se basa la Independencia financiera y la Libertad.<\/li>\n<li>Los 5 mandamientos principales de un Inversor Privado.<\/li>\n<li>Planes financieros \u00f3ptimos.<\/li>\n<li>Fundamentos de la diversificaci\u00f3n.<\/li>\n<li>Disciplina y gesti\u00f3n de riesgos en la inversi\u00f3n.<\/li>\n<li>C\u00f3mo controlar la codicia y evitar la pereza.<\/li>\n<li>La inversi\u00f3n m\u00e1s rentable y confiable del mundo en todo momento.<\/li>\n<li>El aumento del capital conduce a la riqueza absoluta.<\/li>\n<li>Reglas para crear un fondo para imprevistos.<\/li>\n<li>Fundamentos del desarrollo financiero y de inversi\u00f3n de la personalidad.<\/li>\n<li>C\u00f3mo $1 se convierte en $1 mill\u00f3n y en qu\u00e9 per\u00edodo<\/li>\n<li>C\u00f3mo aprender a crear un rendimiento de inversi\u00f3n 300-100% anual.<\/li>\n<li>Pr\u00e1ctica.<\/li>\n<\/ul>\n<\/div>\n<\/div>\n<div class=\"accordion\">\n<div class=\"accordion-control\"><strong>+ Curso &#8220;Primeros pasos en la inversi\u00f3n privada&#8221;.<\/strong><\/div>\n<div class=\"accordion-content\">\n<ul>\n<li>Activos y pasivos. Gesti\u00f3n de activos y reducci\u00f3n de pasivos.<\/li>\n<li>Por qu\u00e9 la gente pierde su dinero en la inversi\u00f3n.<\/li>\n<li>Niveles de inversores y para qu\u00e9 entenderlos.<\/li>\n<li>Estrategias de inversi\u00f3n.<\/li>\n<li>Comprender las inversiones de alto rendimiento y c\u00f3mo aprender a gestionar los riesgos.<\/li>\n<li>Programas de pensiones, programas de pensiones alternativos.<\/li>\n<li>Estrategias de diversificaci\u00f3n y cobertura de riesgos.<\/li>\n<li>Elaboraci\u00f3n de un informe de balance personal.<\/li>\n<li>Qu\u00e9 es una estrategia de inversi\u00f3n y c\u00f3mo elegir una estrategia de inversi\u00f3n.<\/li>\n<li>Selecci\u00f3n de sectores de inversi\u00f3n.<\/li>\n<li>Selecci\u00f3n de instrumentos de inversi\u00f3n para crear su propia cartera de inversiones.<\/li>\n<li>M\u00e9todo de control de riesgo\/rendimiento.<\/li>\n<li>Principios b\u00e1sicos de la cartera de inversiones.<\/li>\n<li>Tipos de carteras de inversi\u00f3n.<\/li>\n<li>Equilibrar carteras.<\/li>\n<li>Curso pr\u00e1ctico de elaboraci\u00f3n de planes financieros y carteras de inversiones.<\/li>\n<li>C\u00f3mo crear un capital de $ 1 mill\u00f3n o m\u00e1s.<\/li>\n<\/ul>\n<\/div>\n<\/div>\n<p>&nbsp;<\/p>\n<ul>\n<li><strong>Tiempo para aprender y responder a las preguntas de la prueba:<\/strong>\u00a050-60 horas<\/li>\n<\/ul>\n<p><strong>Formato:<\/strong>\u00a0estudio independiente del material en formato de video en un modo conveniente para usted, 1 sesi\u00f3n de mentor\u00eda, acceso a los materiales de video del programa por un per\u00edodo de 1 a\u00f1o a partir de la fecha de pago.<\/p>\n<p dir=\"ltr\" style=\"text-align: center;\"><strong>Gr\u00e1fico de cambios de precio:<\/strong><\/p>\n<table>\n<tbody>\n<tr>\n<td>\n<p dir=\"ltr\" style=\"text-align: center;\"><strong>PERIODO<br \/>\n<\/strong><\/p>\n<\/td>\n<td style=\"text-align: center;\">\n<p dir=\"ltr\"><strong>COSTE<br \/>\n<\/strong><\/p>\n<\/td>\n<\/tr>\n<tr>\n<td style=\"text-align: center;\">\n<p dir=\"ltr\">del\u00a01.12.2021 al\u00a01.01.2022<\/p>\n<\/td>\n<td style=\"text-align: center;\">\n<p dir=\"ltr\">150 $<\/p>\n<\/td>\n<\/tr>\n<tr>\n<td style=\"text-align: center;\">\n<p dir=\"ltr\">del 1.01.2022 al 1.03.2022<\/p>\n<\/td>\n<td style=\"text-align: center;\">\n<p dir=\"ltr\">170 $<\/p>\n<\/td>\n<\/tr>\n<tr>\n<td style=\"text-align: center;\">\n<p dir=\"ltr\">del 1.03.2022 al 1.04.2022<\/p>\n<\/td>\n<td>\n<p dir=\"ltr\" style=\"text-align: center;\">200 $<\/p>\n<\/td>\n<\/tr>\n<\/tbody>\n<\/table>\n<p>Dentro de 1-3 d\u00edas h\u00e1biles a partir de la fecha de pago, se le enviar\u00e1 una carta con m\u00e1s instrucciones a su correo electr\u00f3nico.<\/p>\n<ul>\n<li><strong>Remitente:<\/strong>\u00a0Academia de Inversor Privado<\/li>\n<\/ul>\n","protected":false},"excerpt":{"rendered":"<p><span data-sheets-value=\"{&quot;1&quot;:2,&quot;2&quot;:&quot;A basic program for those who want to learn the science of investing and learn how to create additional sources of income with the least amount of risk and high security.&quot;}\" data-sheets-userformat=\"{&quot;2&quot;:12801,&quot;3&quot;:{&quot;1&quot;:0},&quot;12&quot;:0,&quot;15&quot;:&quot;Arial, sans-serif&quot;,&quot;16&quot;:11}\">Un programa b\u00e1sico para aquellos que quieren aprender la ciencia de la inversi\u00f3n y aprender a crear fuentes adicionales de ingresos con el menor riesgo y alta seguridad.<\/span><\/p>\n","protected":false},"featured_media":105832,"comment_status":"closed","ping_status":"closed","template":"","meta":{"inline_featured_image":false,"spay_email":""},"product_cat":[436],"product_tag":[],"acf":{"global_goods_id":1378},"_links":{"self":[{"href":"https:\/\/academyprivateinvestment.com\/es\/wp-json\/wp\/v2\/product\/174506"}],"collection":[{"href":"https:\/\/academyprivateinvestment.com\/es\/wp-json\/wp\/v2\/product"}],"about":[{"href":"https:\/\/academyprivateinvestment.com\/es\/wp-json\/wp\/v2\/types\/product"}],"replies":[{"embeddable":true,"href":"https:\/\/academyprivateinvestment.com\/es\/wp-json\/wp\/v2\/comments?post=174506"}],"wp:featuredmedia":[{"embeddable":true,"href":"https:\/\/academyprivateinvestment.com\/es\/wp-json\/wp\/v2\/media\/105832"}],"wp:attachment":[{"href":"https:\/\/academyprivateinvestment.com\/es\/wp-json\/wp\/v2\/media?parent=174506"}],"wp:term":[{"taxonomy":"product_cat","embeddable":true,"href":"https:\/\/academyprivateinvestment.com\/es\/wp-json\/wp\/v2\/product_cat?post=174506"},{"taxonomy":"product_tag","embeddable":true,"href":"https:\/\/academyprivateinvestment.com\/es\/wp-json\/wp\/v2\/product_tag?post=174506"}],"curies":[{"name":"wp","href":"https:\/\/api.w.org\/{rel}","templated":true}]}}