{"id":174508,"date":"2021-12-06T18:33:33","date_gmt":"2021-12-06T15:33:33","guid":{"rendered":"https:\/\/academyprivateinvestment.com\/programs\/icons-profinvest-mix-2\/"},"modified":"2022-10-07T18:33:48","modified_gmt":"2022-10-07T15:33:48","slug":"icons-profinvest-mix","status":"publish","type":"product","link":"https:\/\/academyprivateinvestment.com\/es\/programs\/icons-profinvest-mix\/","title":{"rendered":"Mezcla de inversi\u00f3n educativa de la Academia de Inversor Privado &#8220;Asesor de inversiones + Inversor Professional  categor\u00eda 1&#8221; (v\u00eddeo curso)"},"content":{"rendered":"<p><span style=\"font-weight: 400;\">Oferta \u00fanica de la Academia de Inversor Privado: un enfoque completamente nuevo en la capacitaci\u00f3n de inversi\u00f3n, la capacitaci\u00f3n de Inversores profesionales Privados y Asesores de Inversi\u00f3n a un precio especial.<\/span><\/p>\n<p style=\"text-align: center;\"><b>Qu\u00e9 se incluye en el paquete:<\/b><\/p>\n<p><b>+ Programa \u201cAsesor de inversiones\u201d:<\/b><\/p>\n<p><span style=\"font-weight: 400;\">El programa est\u00e1 dise\u00f1ado para desarrollar ciertas habilidades progresivas de inversi\u00f3n de aquellos Consultores y Asesores que ya trabajan en el campo del mercado financiero, burs\u00e1til y de divisas, y tambi\u00e9n les gustar\u00eda obtener las mayores oportunidades en la industria de crowdinvesting y tecnolog\u00edas de inversi\u00f3n criptogr\u00e1fica.<\/span><\/p>\n<ul>\n<li>Conocimiento te\u00f3rico (mercados financieros globales, mercado de valores y divisas, mercado de tecnolog\u00eda blockchain, criptoinvestitsii y crowdinvesting).<\/li>\n<li>Desarrollar habilidades pr\u00e1cticas en los mercados ya establecidos del ecosistema Neemi.<\/li>\n<li>La posibilidad de obtener un resultado que supera de 5 a 25 veces el resultado de los Asesores financieros tradicionales o Asesores de inversi\u00f3n.<\/li>\n<li>La oportunidad de 3-15 meses para llegar a un ingreso estable y en constante crecimiento de la consulta y la creaci\u00f3n de una cartera de inversi\u00f3n personal.<\/li>\n<\/ul>\n<p style=\"text-align: center;\"><b>El programa \u201cAsesor de inversiones\u201d de la Academia de Inversor Privado es necesario para:<\/b><\/p>\n<ul>\n<li>Aquellos que\u00a0<strong>ya trabajan en el mercado de Inversi\u00f3n, en los mercados de Valores y Divisas <\/strong>y est\u00e1n listos para abrir nuevas direcciones progresivas en la Inversi\u00f3n.<\/li>\n<li>Para aquellos que\u00a0<strong>ya trabajan en el sistema de Crowdinvesting Multinivel o en el mercado de Crowdinvesting<\/strong>.<\/li>\n<li>Alguien que cree que Invertir y\u00a0<strong>consultar sobre Inversiones puede ser el negocio de su vida<\/strong>.<\/li>\n<li><strong>Escuch\u00f3 por primera vez sobre este programa y quiere comenzar a estudiar<\/strong>una tendencia que solo est\u00e1 ganando velocidad y en los pr\u00f3ximos a\u00f1os 5-15-20 seguir\u00e1 siendo una de las profesiones m\u00e1s prometedores y solicitadas.<\/li>\n<li>Para los Inversores experimentados\u00a0<strong>que ya han creado millones<\/strong>, pero se han quedado sin combustible y est\u00e1n buscando nuevas experiencias en su negocio y aprendizaje y desean no solo aprender nuevas tecnolog\u00edas innovadoras en la Inversi\u00f3n, sino tambi\u00e9n formar parte de un equipo que est\u00e1 preparado para un \u201cpastel\u201d de Inversi\u00f3n Financiera de cientos de billones de d\u00f3lares.<\/li>\n<\/ul>\n<p style=\"text-align: center;\"><b>Cursos y lecciones que se incluyen en el programa (conocimiento te\u00f3rico + aplicaci\u00f3n en la pr\u00e1ctica):<\/b><\/p>\n<ul>\n<li>Fundamentos del Asesoramiento sobre Inversiones<\/li>\n<li>Especializaci\u00f3n de Asesor de Inversiones, perspectivas de desarrollo de la Profesi\u00f3n para los pr\u00f3ximos 2-10 a\u00f1os<\/li>\n<li>\u00bfQu\u00e9 mercado de la demanda ser\u00e1 para el asesoramiento de Inversi\u00f3n en 2-10 a\u00f1os<\/li>\n<li>C\u00f3mo crear y planificar una Marca Personal de consultor\u00eda de inversi\u00f3n<\/li>\n<li>C\u00f3mo se crean los ingresos Adicionales del 50% al 300% de su salario o Ingresos de hoy<\/li>\n<li>La tecnolog\u00eda de inversi\u00f3n Inteligente y c\u00f3mo mostrar al cliente lo que ve en la oferta cuando ofrece herramientas de inversi\u00f3n a un cliente potencial, y c\u00f3mo usar varias opciones para que el cliente tome la decisi\u00f3n por s\u00ed mismo<\/li>\n<li>Los 10 mejores mercados de Inversi\u00f3n para trabajar con sus clientes potenciales<\/li>\n<li>Qu\u00e9 tecnolog\u00edas de estrategia de inversi\u00f3n deben mostrarse para determinar el nivel de Inversor y comprender la Estrategia de inversi\u00f3n para el Cliente.<\/li>\n<li>Los niveles de Riesgo que se deben mostrar al cliente en la toma de decisiones.<\/li>\n<li>Estrategias de negociaci\u00f3n en la Inversi\u00f3n, que pueden ser adecuadas para el cliente dependiendo de en qu\u00e9 nivel de inversor se encuentra y qu\u00e9 tipo de curso es el Inversor profesional que ha pasado<\/li>\n<li>Cu\u00e1les son los momentos invisibles en el trabajo con los clientes<\/li>\n<li>Estrategias de cartera que pueden ser adoptadas por los clientes y c\u00f3mo trabajar con los administradores de cartera<\/li>\n<li>Garant\u00edas digitales y Tecnolog\u00edas de la Nueva Econom\u00eda Digital<\/li>\n<li>Los mercados de bienes ra\u00edces y c\u00f3mo trabajar con ellos en el Asesoramiento de Inversi\u00f3n<\/li>\n<li>Creaci\u00f3n de una base de clientes que le permitir\u00e1 retirarse en 4-8 a\u00f1os con un ingreso bastante alto de sus inversiones<\/li>\n<li>La metodolog\u00eda de la atracci\u00f3n de los clientes en nuestras regiones<\/li>\n<li>Relaciones p\u00fablicas y Marketing, los fundamentos de la creaci\u00f3n de bases de clientes en R\u00e1pido crecimiento<\/li>\n<li>Inteligencia artificial y Dobles Digitales en la Inversi\u00f3n<\/li>\n<li>Fundamentos de Oratoria y Presentaciones Motivacionales de su negocio<\/li>\n<li>Crear un plan de Negocios de su Vida para los pr\u00f3ximos 50 a\u00f1os<\/li>\n<li>Algoritmo de Inicio R\u00e1pido<\/li>\n<\/ul>\n<p><strong>+ Ex\u00e1men<\/strong><\/p>\n<p><strong>+ Certificado de \u201cAsesor de Inversiones\u201d<\/strong><\/p>\n<p style=\"text-align: center;\"><b>+ Programa de \u00e9lite \u201cInversor Profesional\u201d (incluye categor\u00edas 2 y 3):<\/b><\/p>\n<p style=\"text-align: center;\"><b>Este programa es para aquellos que:<\/b><\/p>\n<ul>\n<li><strong>tiene un gran deseo de aprender a invertir<\/strong>, pero a\u00fan no sabe nada al respecto;<\/li>\n<li><strong>ha tenido una experiencia negativa en la inversi\u00f3n<\/strong>, pero tambi\u00e9n desea aprender la ciencia de la inversi\u00f3n para preservar y multiplicar adecuadamente sus ahorros;<\/li>\n<li><strong>ha tenido experiencia en la p\u00e9rdida de fondos <\/strong>de empresas sin escr\u00fapulos o pir\u00e1mides financieras y le gustar\u00eda aprender a multiplicar y proteger adecuadamente sus ahorros;<\/li>\n<li><strong>tiene deudas y desea pagarlas lo m\u00e1s r\u00e1pido posible <\/strong>y crear otra fuente de ingresos en el negocio de inversi\u00f3n;<\/li>\n<li><strong>quiere aprender a crear ingresos de sus inversiones <\/strong>de 15% a 35% por a\u00f1o con la seguridad garantizada de las inversiones;<\/li>\n<li><strong>le gustar\u00eda entender <\/strong>y darse cuenta de\u00a0<strong>lo que significa crear 300% -1000% de ingresos<\/strong>\u00a0en sus inversiones;<\/li>\n<li><strong>desea saber <\/strong>qu\u00e9 hacer para\u00a0<strong>crear un capital de $ 1,000,000<\/strong>\u00a0o m\u00e1s durante un per\u00edodo de 5-10 a\u00f1os con el menor riesgo y alta seguridad;<\/li>\n<li>quiere aprender a\u00a0<strong>distinguir las pir\u00e1mides financieras <\/strong>y las empresas disfuncionales de\u00a0<strong>las ofertas que realmente valen la pena<\/strong>\u00a0y protegerse de los problemas y la p\u00e9rdida de fondos;<\/li>\n<li><strong>desea obtener planes financieros <\/strong>para todas las categor\u00edas y niveles de inversores;<\/li>\n<li>quien est\u00e1 interesado en\u00a0<strong>explorar los mercados de valores, divisas y criptomonedas <\/strong>y aprender a administrar su capital en estos mercados;<\/li>\n<li>quien se pregunta qu\u00e9 es el sistema financiero moderno y\u00a0<strong>c\u00f3mo protegerse contra la inflaci\u00f3n, la hiperinflaci\u00f3n y las crisis mundiales<\/strong>;<\/li>\n<li>quien se pregunta por qu\u00e9 existen programas de alto rendimiento y fondos de cobertura y\u00a0<strong>c\u00f3mo definirlos para su cartera<\/strong>;<\/li>\n<li>quien est\u00e1 interesado en saber\u00a0<strong>c\u00f3mo operar en los mercados de valores <\/strong>y crear carteras con un alto rendimiento de\u00a0<strong>2-5% por mes<\/strong>.<\/li>\n<\/ul>\n<p style=\"text-align: center;\"><b>El programa de \u00e9lite de la Academia de Inversor Privado incluye 8 cursos<\/b><\/p>\n<ul>\n<li>Fundamentos de inversi\u00f3n<\/li>\n<li>Primeros pasos en la inversi\u00f3n privada<\/li>\n<li>Curso avanzado de inversores privados, mercados burs\u00e1tiles y gesti\u00f3n de capital personal de cartera<\/li>\n<li>Finanzas mundiales, estatales y corporativas, evoluci\u00f3n de la creaci\u00f3n de pol\u00edticas descentralizadas digitales modernas<\/li>\n<li>Mercado de divisas Forex: historia y perspectivas de desarrollo, beneficios y riesgos para los inversores privados<\/li>\n<li>Mercado de criptomonedas y tecnolog\u00eda blockchain, alto rendimiento y riesgos para inversores privados<\/li>\n<li>Mercado de riesgo y mercado de capital empresarial<\/li>\n<li>Globalidad en la creaci\u00f3n de una cartera de inversiones: ventajas, pros y contras<\/li>\n<\/ul>\n<p><span style=\"font-weight: 400;\">+ <strong>B\u00f3nus<\/strong><\/span><b>: <\/b><span style=\"font-weight: 400;\">\u00a1suscripci\u00f3n anual al <\/span><a href=\"https:\/\/office.academyprivateinvestment.com\/privateclub\"><span style=\"font-weight: 400;\">Club de Inversores Privados<\/span><\/a> <span style=\"font-weight: 400;\">como regalo!<\/span><\/p>\n<p><strong>+ Preguntas de prueba<\/strong><\/p>\n<p><strong>+ Certificado de &#8220;Inversor Professional categor\u00eda 1&#8221;<\/strong><\/p>\n<ul>\n<li><b>Formato: <\/b><span style=\"font-weight: 400;\">estudio independiente del material en formato de video en un modo conveniente para usted, 4 sesiones de tutor\u00eda, acceso a los materiales de video del programa por un per\u00edodo de 1 a\u00f1o desde el momento del pago.<\/span><\/li>\n<\/ul>\n<p style=\"text-align: center;\"><b>Gr\u00e1fico de cambios de precios:<\/b><\/p>\n<table>\n<tbody>\n<tr>\n<td><b>PER\u00cdODO<\/b><\/td>\n<td><b>PRECIO<\/b><\/td>\n<\/tr>\n<tr>\n<td><span style=\"font-weight: 400;\">desde 1.12.2021 hasta 1.01.2022<\/span><\/td>\n<td><span style=\"font-weight: 400;\">989 $<\/span><\/td>\n<\/tr>\n<tr>\n<td><span style=\"font-weight: 400;\">desde 1.01.2022 hasta 1.03.2022<\/span><\/td>\n<td><span style=\"font-weight: 400;\">1300 $<\/span><\/td>\n<\/tr>\n<tr>\n<td><span style=\"font-weight: 400;\">desde 1.03.2022 hasta 1.04.2022<\/span><\/td>\n<td><span style=\"font-weight: 400;\">1700 $<\/span><\/td>\n<\/tr>\n<tr>\n<td><span style=\"font-weight: 400;\">desde 1.04.2022<\/span><\/td>\n<td><span style=\"font-weight: 400;\">2000 $<\/span><\/td>\n<\/tr>\n<\/tbody>\n<\/table>\n<p>En el plazo de 1-3 d\u00edas h\u00e1biles desde el pago recibir\u00e1 un correo electr\u00f3nico con m\u00e1s instrucciones.<\/p>\n<ul>\n<li style=\"font-weight: 400;\" aria-level=\"1\"><span style=\"font-weight: 400;\">Remitente: Academia de Inversor Privado<\/span><\/li>\n<\/ul>\n","protected":false},"excerpt":{"rendered":"<p>Oferta \u00fanica de la Academia de Inversor Privado: un enfoque completamente nuevo en la capacitaci\u00f3n de inversi\u00f3n, la capacitaci\u00f3n de Inversores profesionales Privados y Asesores de Inversi\u00f3n a un precio especial.<br \/>\nQu\u00e9 se incluye en el paquete:<br \/>\n+ Programa \u201cAsesor de inversiones\u201d:<br \/>\nEl programa est\u00e1 dise\u00f1ado para desarrollar ciertas habilidades progresivas de inversi\u00f3n de aquellos Consultores y Asesores que ya trabajan en el campo del mercado financiero, burs\u00e1til y de divisas, y tambi\u00e9n les gustar\u00eda obtener las mayores oportunidades en la industria de crowdinvesting y tecnolog\u00edas de inversi\u00f3n criptogr\u00e1fica&#8230;.<\/p>\n","protected":false},"featured_media":105811,"comment_status":"closed","ping_status":"closed","template":"","meta":{"inline_featured_image":false,"spay_email":""},"product_cat":[443],"product_tag":[],"acf":{"global_goods_id":1390},"_links":{"self":[{"href":"https:\/\/academyprivateinvestment.com\/es\/wp-json\/wp\/v2\/product\/174508"}],"collection":[{"href":"https:\/\/academyprivateinvestment.com\/es\/wp-json\/wp\/v2\/product"}],"about":[{"href":"https:\/\/academyprivateinvestment.com\/es\/wp-json\/wp\/v2\/types\/product"}],"replies":[{"embeddable":true,"href":"https:\/\/academyprivateinvestment.com\/es\/wp-json\/wp\/v2\/comments?post=174508"}],"wp:featuredmedia":[{"embeddable":true,"href":"https:\/\/academyprivateinvestment.com\/es\/wp-json\/wp\/v2\/media\/105811"}],"wp:attachment":[{"href":"https:\/\/academyprivateinvestment.com\/es\/wp-json\/wp\/v2\/media?parent=174508"}],"wp:term":[{"taxonomy":"product_cat","embeddable":true,"href":"https:\/\/academyprivateinvestment.com\/es\/wp-json\/wp\/v2\/product_cat?post=174508"},{"taxonomy":"product_tag","embeddable":true,"href":"https:\/\/academyprivateinvestment.com\/es\/wp-json\/wp\/v2\/product_tag?post=174508"}],"curies":[{"name":"wp","href":"https:\/\/api.w.org\/{rel}","templated":true}]}}