{"id":174611,"date":"2022-11-02T00:32:22","date_gmt":"2022-11-01T21:32:22","guid":{"rendered":"https:\/\/academyprivateinvestment.com\/?post_type=product&#038;p=174611"},"modified":"2022-11-02T00:33:30","modified_gmt":"2022-11-01T21:33:30","slug":"confirmacion-anual-de-la-calificacion-inversor-profesional-categoria-1-superior","status":"publish","type":"product","link":"https:\/\/academyprivateinvestment.com\/es\/programs\/confirmacion-anual-de-la-calificacion-inversor-profesional-categoria-1-superior\/","title":{"rendered":"Confirmaci\u00f3n anual de la calificaci\u00f3n. Inversor Profesional categor\u00eda 1 (Superior)"},"content":{"rendered":"<p style=\"text-align: justify;\">La prueba anual de calificaci\u00f3n es necesaria para confirmar la relevancia de sus conocimientos, teniendo en cuenta los cambios en las tendencias, la legislaci\u00f3n, la tecnolog\u00eda y las herramientas para los &#8220;inversores Profesionales&#8221; y &#8220;Asesores de inversi\u00f3n&#8221;, la preservaci\u00f3n de la calificaci\u00f3n, as\u00ed como en relaci\u00f3n con la introducci\u00f3n del sistema de grados y privilegios para los graduados de API.<\/p>\n<p>&nbsp;<\/p>\n<p style=\"text-align: justify;\">Sobre la base del m\u00e1s alto de los certificados existentes, se asigna <strong>un grado <\/strong>: pertenencia a un grupo de graduados de la Academia de Inversor Privado de un cierto nivel, que tienen <strong>un sistema igual de privilegios<\/strong>. El grado asignado es v\u00e1lido por <strong>365 d\u00edas<\/strong>.<\/p>\n<p>&nbsp;<\/p>\n<p style=\"text-align: justify;\">Cada grado se asigna <strong>secuencialmente<\/strong>y hasta que no haya aprobado la prueba para la categor\u00eda 2 (Avanzado) el acceso al estudio de la categor\u00eda 1 (Superior) no est\u00e1 disponible.<\/p>\n<p>&nbsp;<\/p>\n<p style=\"text-align: justify;\">La confirmaci\u00f3n de la calificaci\u00f3n no es necesaria, pero sin ella despu\u00e9s de <strong>365 d\u00edas <\/strong>la validez del certificado finaliza y su calificaci\u00f3n se reduce a &#8220;Inversor profesional categor\u00eda 2 (Avanzado)&#8221; con una renovaci\u00f3n por los pr\u00f3ximos 365 d\u00edas. Adem\u00e1s, el Grado actual no.3 se reduce al Grado no. 2, lo que significa que todos los <strong>privilegios<\/strong> que otorga se reducen.<\/p>\n<p>&nbsp;<\/p>\n<p>Puede verificar las calificaciones y su validez <a href=\"https:\/\/office-new.academyprivateinvestment.com\/main\" target=\"_blank\" rel=\"noopener\">aqu\u00ed<\/a>.<\/p>\n<p>&nbsp;<\/p>\n<p>La confirmaci\u00f3n de la calificaci\u00f3n se realiza mediante la realizaci\u00f3n de una prueba. La entrega exitosa se considera al tener m\u00e1s del 80% de respuestas correctas.<\/p>\n<p>&nbsp;<\/p>\n<p style=\"text-align: justify;\">Sobre la base de la confirmaci\u00f3n exitosa de la calificaci\u00f3n, se establece la calificaci\u00f3n <strong>&#8220;Inversor profesional categor\u00eda 1 (Superior)&#8221;<\/strong> y se le asigna <strong>Grado \u21163<\/strong> por un per\u00edodo de 365 d\u00edas.<\/p>\n<p>&nbsp;<\/p>\n<p style=\"text-align: justify;\">La confirmaci\u00f3n de la calificaci\u00f3n (pasar la prueba) tiene <strong>los plazos recomendados<\/strong>. Su costo depende del tiempo que tarde en pasar la prueba:<\/p>\n<ul>\n<li style=\"font-weight: 400;\" aria-level=\"1\"><span style=\"font-weight: 400;\">hasta la fecha l\u00edmite de la calificaci\u00f3n hay un descuento del 100% del costo del curso principal <strong>&#8220;Inversor profesional categor\u00eda 1 (Superior)&#8221;<\/strong>, es decir, <strong>sin pago<\/strong>;<\/span><\/li>\n<li style=\"font-weight: 400;\" aria-level=\"1\"><span style=\"font-weight: 400;\">hasta 30 d\u00edas despu\u00e9s de la finalizaci\u00f3n de la calificaci\u00f3n: 80% de descuento en el precio del curso principal;<\/span><\/li>\n<li style=\"font-weight: 400;\" aria-level=\"1\"><span style=\"font-weight: 400;\">m\u00e1s de 30 d\u00edas despu\u00e9s de la finalizaci\u00f3n de la calificaci\u00f3n o sin pagar el curso principal: 50% de descuento en el precio del curso principal.<\/span><\/li>\n<\/ul>\n<p>&nbsp;<\/p>\n<p style=\"text-align: justify;\">Hace falta planificar y pagar la prueba de confirmaci\u00f3n de calificaci\u00f3n por adelantado y solo si est\u00e1 seguro de que tendr\u00e1 tiempo para aprobar la prueba con \u00e9xito en el tiempo asignado. No hay l\u00edmite en el n\u00famero de intentos de hacer le ex\u00e1men.<\/p>\n<p>&nbsp;<\/p>\n<p style=\"text-align: justify;\">Si no tiene y no ha tenido la calificaci\u00f3n de <strong>&#8220;Inversor profesional categor\u00eda 1 (Superior)&#8221;<\/strong> de la Academia de Inversor Privado, pero tiene suficientes conocimientos y habilidades y conf\u00eda en su preparaci\u00f3n, entonces para usted est\u00e1 disponible <strong>un paquete de confirmaci\u00f3n de calificaci\u00f3n <\/strong> con un descuento del <strong>50%<\/strong> del costo del curso. El per\u00edodo de acceso a la prueba es de 30 d\u00edas a partir de la fecha de compra.<\/p>\n<p>&nbsp;<\/p>\n<p style=\"text-align: justify;\"><strong>\u00a1Importante!<\/strong> Si ha pagado el paquete de confirmaci\u00f3n de calificaci\u00f3n sin tener la calificaci\u00f3n de API, pero no pudo aprobar con \u00e9xito la prueba, puede comprar el curso <a href=\"https:\/\/academyprivateinvestment.com\/en\/programs\/profi-investor-1-cat\/\" target=\"_blank\" rel=\"noopener\">&#8220;Inversor profesional categor\u00eda 1 (Superior)&#8221;<\/a> para completar la capacitaci\u00f3n y trabajar en simuladores, seguido de una nueva certificaci\u00f3n en el tiempo recomendado. El acceso a los contenidos y simuladores ser\u00e1 indefinido.<\/p>\n","protected":false},"excerpt":{"rendered":"<p style=\"text-align: justify;\"><span data-sheets-value=\"{&quot;1&quot;:2,&quot;2&quot;:&quot;Sobre la base de la confirmaci\u00f3n exitosa de la calificaci\u00f3n, se establece la calificaci\u00f3n \" data-sheets-userformat=\"{&quot;2&quot;:15105,&quot;3&quot;:{&quot;1&quot;:0},&quot;11&quot;:3,&quot;12&quot;:0,&quot;14&quot;:{&quot;1&quot;:2,&quot;2&quot;:0},&quot;15&quot;:&quot;Arial&quot;,&quot;16&quot;:11}\">Sobre la base de la confirmaci\u00f3n exitosa de la calificaci\u00f3n, se establece la calificaci\u00f3n &#8220;Inversor profesional categor\u00eda 1 (Superior)&#8221; y se le asigna Grado \u21163 por un per\u00edodo de 365 d\u00edas.<\/span><\/p>\n","protected":false},"featured_media":174596,"comment_status":"closed","ping_status":"closed","template":"","meta":{"inline_featured_image":false,"spay_email":""},"product_cat":[528],"product_tag":[],"acf":{"global_goods_id":1528},"_links":{"self":[{"href":"https:\/\/academyprivateinvestment.com\/es\/wp-json\/wp\/v2\/product\/174611"}],"collection":[{"href":"https:\/\/academyprivateinvestment.com\/es\/wp-json\/wp\/v2\/product"}],"about":[{"href":"https:\/\/academyprivateinvestment.com\/es\/wp-json\/wp\/v2\/types\/product"}],"replies":[{"embeddable":true,"href":"https:\/\/academyprivateinvestment.com\/es\/wp-json\/wp\/v2\/comments?post=174611"}],"wp:featuredmedia":[{"embeddable":true,"href":"https:\/\/academyprivateinvestment.com\/es\/wp-json\/wp\/v2\/media\/174596"}],"wp:attachment":[{"href":"https:\/\/academyprivateinvestment.com\/es\/wp-json\/wp\/v2\/media?parent=174611"}],"wp:term":[{"taxonomy":"product_cat","embeddable":true,"href":"https:\/\/academyprivateinvestment.com\/es\/wp-json\/wp\/v2\/product_cat?post=174611"},{"taxonomy":"product_tag","embeddable":true,"href":"https:\/\/academyprivateinvestment.com\/es\/wp-json\/wp\/v2\/product_tag?post=174611"}],"curies":[{"name":"wp","href":"https:\/\/api.w.org\/{rel}","templated":true}]}}