{"id":174895,"date":"2022-11-21T11:12:52","date_gmt":"2022-11-21T08:12:52","guid":{"rendered":"https:\/\/academyprivateinvestment.com\/?post_type=product&#038;p=174895"},"modified":"2022-11-21T11:14:04","modified_gmt":"2022-11-21T08:14:04","slug":"genio-de-finanzas-lider-cualificado-estandar","status":"publish","type":"product","link":"https:\/\/academyprivateinvestment.com\/es\/programs\/genio-de-finanzas-lider-cualificado-estandar\/","title":{"rendered":"\u201cGenio de finanzas\u201d, lider cualificado. EST\u00c1NDAR"},"content":{"rendered":"\r\n<p style=\"text-align: justify;\">Para aquellos que buscan la oportunidad de ganar m\u00e1s, sue\u00f1an con llevar la educaci\u00f3n financiera a las masas y convertirse en el propietario de un conjunto completo de herramientas \u00fanicas para esto.<\/p>\r\n<p style=\"text-align: justify;\">\u00a0<\/p>\r\n\r\n<p style=\"text-align: justify;\"><\/p>\r\n<p style=\"text-align: justify;\">No solo tendr\u00e1 acceso a un curso de capacitaci\u00f3n que lo convertir\u00e1 en un l\u00edder profesional de la capacitaci\u00f3n &#8220;genio de las Finanzas&#8221;, sino tambi\u00e9n la oportunidad de convertirse en el propietario de este bestseller: su propia copia de la versi\u00f3n en Caja de la capacitaci\u00f3n. Y al finalizar la capacitaci\u00f3n y aprobar con \u00e9xito la prueba que confirme su profesionalismo, recibir\u00e1 un certificado de l\u00edder y la oportunidad de entrenar a otros.<\/p>\r\n<p style=\"text-align: justify;\">\r\n\r\n<\/p>\r\n<h2>Qu\u00e9 entra en el paquete STANDARD:<\/h2>\r\n<p style=\"text-align: justify;\">\r\n\r\n<\/p>\r\n<ul class=\"quote-list\">\r\n<li>Curso especial &#8220;Entrenamiento para los l\u00edderes del juego &#8220;Genio de Finanzas &#8220;(juego de mesa)\u201d<\/li>\r\n<li>Certificado de presentador calificado (condici\u00f3n de recepci\u00f3n: aprobaci\u00f3n exitosa de la prueba de certificaci\u00f3n)<\/li>\r\n<li>Conectar un embudo de ventas autom\u00e1tico para atraer clientes (solo para presentadores certificados, disponible a voluntad)<\/li>\r\n<\/ul>\r\n<p style=\"text-align: justify;\">\r\n\r\n<\/p>\r\n<p style=\"text-align: center;\"><strong>\u00a1TENGA EN CUENTA!<\/strong><\/p>\r\n<p style=\"text-align: justify;\">\r\n\r\n<\/p>\r\n<p style=\"text-align: justify;\">\u00a1No se proporciona una versi\u00f3n de entrenamiento de juego &#8220;Genio de Finanzas&#8221; en esta tarifa!<\/p>\r\n<p style=\"text-align: justify;\">\u00a0<\/p>\r\n<p style=\"text-align: justify;\"><\/p>\r\n<p style=\"text-align: justify;\"><\/p>\r\n<p style=\"text-align: justify;\">Si desea convertirse en un presentador calificado y obtener una versi\u00f3n adicional en caja de la capacitaci\u00f3n, use la oferta &#8220;GENIO DE FINANZAS&#8221;, un PRESENTADOR CALIFICADO. PREMIUM<\/p>\r\n<p style=\"text-align: justify;\">\u00a0<\/p>\r\n<p style=\"text-align: justify;\"><\/p>\r\n<p style=\"text-align: justify;\"><\/p>\r\n<p style=\"text-align: justify;\">El enlace a los tutoriales llegar\u00e1 a su correo electr\u00f3nico de registro de la cuenta API dentro de 1-3 d\u00edas h\u00e1biles desde el pago.<\/p>\r\n<p style=\"text-align: justify;\"><\/p>","protected":false},"excerpt":{"rendered":"<p><span data-sheets-value=\"{&quot;1&quot;:2,&quot;2&quot;:&quot;Para aquellos que buscan la oportunidad de ganar m\u00e1s, sue\u00f1an con llevar la educaci\u00f3n financiera a las masas y convertirse en el propietario de un conjunto completo de herramientas \u00fanicas para esto. \" data-sheets-userformat=\"{&quot;2&quot;:12801,&quot;3&quot;:{&quot;1&quot;:0},&quot;12&quot;:0,&quot;15&quot;:&quot;Arial, sans-serif&quot;,&quot;16&quot;:11}\">Para aquellos que buscan la oportunidad de ganar m\u00e1s, sue\u00f1an con llevar la educaci\u00f3n financiera a las masas y convertirse en el propietario de un conjunto completo de herramientas \u00fanicas para esto. \u00a1No se proporciona una versi\u00f3n de entrenamiento de juego &#8220;Genio de Finanzas&#8221; en esta tarifa!<\/span><\/p>\n","protected":false},"featured_media":174561,"comment_status":"closed","ping_status":"closed","template":"","meta":{"inline_featured_image":false,"spay_email":""},"product_cat":[436,442],"product_tag":[],"acf":{"global_goods_id":1283},"_links":{"self":[{"href":"https:\/\/academyprivateinvestment.com\/es\/wp-json\/wp\/v2\/product\/174895"}],"collection":[{"href":"https:\/\/academyprivateinvestment.com\/es\/wp-json\/wp\/v2\/product"}],"about":[{"href":"https:\/\/academyprivateinvestment.com\/es\/wp-json\/wp\/v2\/types\/product"}],"replies":[{"embeddable":true,"href":"https:\/\/academyprivateinvestment.com\/es\/wp-json\/wp\/v2\/comments?post=174895"}],"wp:featuredmedia":[{"embeddable":true,"href":"https:\/\/academyprivateinvestment.com\/es\/wp-json\/wp\/v2\/media\/174561"}],"wp:attachment":[{"href":"https:\/\/academyprivateinvestment.com\/es\/wp-json\/wp\/v2\/media?parent=174895"}],"wp:term":[{"taxonomy":"product_cat","embeddable":true,"href":"https:\/\/academyprivateinvestment.com\/es\/wp-json\/wp\/v2\/product_cat?post=174895"},{"taxonomy":"product_tag","embeddable":true,"href":"https:\/\/academyprivateinvestment.com\/es\/wp-json\/wp\/v2\/product_tag?post=174895"}],"curies":[{"name":"wp","href":"https:\/\/api.w.org\/{rel}","templated":true}]}}