{"id":174520,"date":"2021-12-06T18:33:33","date_gmt":"2021-12-06T15:33:33","guid":{"rendered":"https:\/\/academyprivateinvestment.com\/programs\/icons-profinvest-mix-2\/"},"modified":"2022-10-07T18:38:06","modified_gmt":"2022-10-07T15:38:06","slug":"icons-profinvest-mix","status":"publish","type":"product","link":"https:\/\/academyprivateinvestment.com\/it\/programs\/icons-profinvest-mix\/","title":{"rendered":"Mix educativo a di investimento dell\u2019Accademia dell\u2019Investitore Privato \u201cConsulente di Investimento + Investitore Profi di 1\u00b0 categoria\u201d  (videocorso)"},"content":{"rendered":"<p><span style=\"font-weight: 400;\">Un\u2019offerta unica dell\u2019Accademia dell\u2019Investitore Privato: un approccio completamente nuovo alla formazione sugli investimenti, alla formazione di Investitori Professionali Privati \u200b\u200be Consulenti di Investimento a un prezzo speciale.\u00a0<\/span><\/p>\n<p style=\"text-align: center;\"><b>Cosa c\u2019\u00e8 nel pacchetto:<\/b><\/p>\n<p><b>+ Programma \u201cConsulente di Investimento\u201d:<\/b><\/p>\n<p><span style=\"font-weight: 400;\">Il programma \u00e8 progettato per sviluppare determinate capacit\u00e0 di investimento progressivo in quei consiglieri e consulenti che stanno gi\u00e0 lavorando nei mercati finanziari, azionari e dei cambi vorrebbero anche ottenere le maggiori opportunit\u00e0 nel settore del crowdinvesting e delle tecnologie di cripto-investimento.<\/span><\/p>\n<ul>\n<li>Conoscenze teoriche (mercati finanziari globali, mercati azionari e valutari, mercato della tecnologia blockchain, investimento in criptovalute e crowdinvesting).<\/li>\n<li>Acquisire competenze pratiche nei mercati gi\u00e0 creati dell\u2019ecosistema NEEM.<\/li>\n<li>Possibilit\u00e0 di ottenere un risultato 5-25 volte superiore al risultato dei Consulenti finanziari\u00a0 o dei Consulenti per gli investimenti tradizionali.<\/li>\n<li>Un\u2019opportunit\u00e0 per raggiungere un reddito stabile e in costante crescita dalla consulenza e dalla creazione di un portafoglio di investimenti personali in 3-15 mesi.<\/li>\n<li style=\"list-style-type: none;\"><\/li>\n<\/ul>\n<p style=\"text-align: center;\"><b>Il programma \u201cConsulente di investimento\u201d dell\u2019Accademia dell\u2019Investitore Privato \u00e8 necessario per chi:<\/b><\/p>\n<ul>\n<li><strong>lavora gi\u00e0 nei mercati degli investimenti, dei mercati azionari e dei cambi<\/strong>\u00a0ed \u00e8 pronto ad aprirsi a nuove aree progressiste negli investimenti;<\/li>\n<li><strong>lavora gi\u00e0 nel sistema Multilevel Crowdinvesting<\/strong>\u00a0e nel mercato Crowdinvesting;<\/li>\n<li>ritiene che gli investimenti e\u00a0<strong>la consulenza in materia di investimenti possano diventare il lavoro della sua vita<\/strong>;<\/li>\n<li><strong>ha sentito parlare di questo programma per la prima volta e vuole iniziare a studiare un trend<\/strong>\u00a0che sta solo prendendo velocit\u00e0 e che nei prossimi 5-15-20 anni rimarr\u00e0 uno dei pi\u00f9 promettenti e richiesti;<\/li>\n<li>investitori esperti\u00a0<strong>che hanno gi\u00e0 creato una fonte di reddito stabile<\/strong>\u00a0di milioni di dollari, ma hanno perso la loro passione o sono alla ricerca di nuove esperienze, conoscenze e opportunit\u00e0 per espandere la propria attivit\u00e0, e desiderano inoltre non solo apprendere tecnologie innovative negli investimenti, ma anche entrare a far parte di una squadra pronta a condividere la \u201ctorta finanziaria e di investimento\u201d in centinaia di trilioni.<\/li>\n<\/ul>\n<p style=\"text-align: center;\"><b>Corsi e lezioni inclusi nel programma (conoscenza teorica + applicazione pratica):<\/b><\/p>\n<ul>\n<li style=\"font-weight: 400;\" aria-level=\"1\">Fondamenti di consulenza in materia di investimenti.<\/li>\n<li style=\"font-weight: 400;\" aria-level=\"1\">Specializzazione \u201cConsulente di investimento\u201d: prospettive di sviluppo della professione per i prossimi 2-10 anni.<\/li>\n<li style=\"font-weight: 400;\" aria-level=\"1\">Domanda prevista di consulenza di investimento nei prossimi 2-10 anni.<\/li>\n<li style=\"font-weight: 400;\" aria-level=\"1\">Come pianificare e creare correttamente un marchio personale per la consulenza sugli investimenti.<\/li>\n<li style=\"font-weight: 400;\" aria-level=\"1\">Come creare un\u2019ulteriore fonte di reddito dal 50% al 300% del tuo stipendio o reddito attuale.<\/li>\n<li style=\"font-weight: 400;\" aria-level=\"1\">Tecnologia di investimento intelligente: come offrire e spiegare correttamente al cliente eventuali strumenti di investimento e quali opzioni utilizzare affinch\u00e9 il cliente possa prendere una decisione da solo.<\/li>\n<li style=\"font-weight: 400;\" aria-level=\"1\">I 10 migliori mercati di investimento per lavorare con potenziali clienti.<\/li>\n<li style=\"font-weight: 400;\" aria-level=\"1\">Quali tecnologie utilizzare per determinare il Livello dell\u2019Investitore e scegliere la strategia di investimento pi\u00f9 adatta al cliente.<\/li>\n<li style=\"font-weight: 400;\" aria-level=\"1\">Livelli di rischio che devono essere mostrati al cliente quando si prende una decisione.<\/li>\n<li style=\"font-weight: 400;\" aria-level=\"1\">Strategie di trading negli investimenti che possono essere adatte al cliente, a seconda del Livello dell\u2019investitore in cui si trova.<\/li>\n<li style=\"font-weight: 400;\" aria-level=\"1\">Le insidie del lavoro con i clienti.<\/li>\n<li style=\"font-weight: 400;\" aria-level=\"1\">Strategie di portafoglio che possono essere adottate dai clienti e come lavorare con i gestori di portafoglio.<\/li>\n<li style=\"font-weight: 400;\" aria-level=\"1\">Garanzie e tecnologie digitali della Nuova Economia Digitale.<\/li>\n<li style=\"font-weight: 400;\" aria-level=\"1\">Mercati immobiliari e come lavorare con essi nella consulenza sugli investimenti.<\/li>\n<li style=\"font-weight: 400;\" aria-level=\"1\">Creazione di una base clienti che ti permetter\u00e0 di andare in pensione in 4-8 anni con un ritorno sull\u2019investimento abbastanza elevato.<\/li>\n<li style=\"font-weight: 400;\" aria-level=\"1\">Il metodo per attrarre clienti nelle regioni.<br \/>\nPR e marketing: le basi per costruire una base di clienti in rapida crescita.<\/li>\n<li style=\"font-weight: 400;\" aria-level=\"1\">Intelligenza artificiale e gemelli digitali negli investimenti.<\/li>\n<li style=\"font-weight: 400;\" aria-level=\"1\">Le basi del parlare in pubblico e delle presentazioni motivazionali per la tua attivit\u00e0.<\/li>\n<li style=\"font-weight: 400;\" aria-level=\"1\">Crea un business plan per la tua vita per i prossimi 50 anni.<\/li>\n<li style=\"font-weight: 400;\" aria-level=\"1\">Algoritmo di avvio rapido.<\/li>\n<\/ul>\n<p><strong>+ Esame<\/strong><\/p>\n<p><strong>+ Certificato di \u201cConsulente di investimento\u201d<\/strong><\/p>\n<p style=\"text-align: center;\"><b>+ Programma Elite \u201cInvestitore Profi di 1\u00b0 categoria\u201d (comprende 2\u00b0 e 3\u00b0 categorie):<\/b><\/p>\n<p style=\"text-align: center;\"><b>Questo programma \u00e8 stato creato per coloro che:<\/b><\/p>\n<ul>\n<li><strong>ha tanta voglia di imparare ad investire<\/strong>, ma non ne sa ancora nulla;<\/li>\n<li><strong>ha avuto un\u2019esperienza negativa nell\u2019investimento<\/strong>, ma vuole anche imparare la scienza dell\u2019investimento al fine di preservare e aumentare adeguatamente i propri risparmi;<\/li>\n<li>h<strong>a avuto l\u2019esperienza di perdere fondi<\/strong>\u00a0da societ\u00e0 senza scrupoli o piramidi finanziarie e vorrebbe imparare a moltiplicare e proteggere adeguatamente i propri risparmi;<\/li>\n<li><strong>ha debiti e vuole estinguerli il prima possibile<\/strong>\u00a0e creare un\u2019altra fonte di reddito nell\u2019attivit\u00e0 di investimento;<\/li>\n<li><strong>vuole imparare a creare reddito<\/strong>\u00a0dai propri investimenti dal 15% al \u200b\u200b35% annuo con garanzia di sicurezza degli investimenti;<\/li>\n<li><strong>vuole capire<\/strong>\u00a0e realizzare c<strong>osa significa creare un reddito del 300% -1000%<\/strong>\u00a0sui propri investimenti;<\/li>\n<li><strong>vuole sapere<\/strong>\u00a0cosa fare per c<strong>reare un capitale di $ 1.000.000<\/strong>\u00a0o pi\u00f9 in un periodo di 5-10 anni con i rischi pi\u00f9 bassi e un\u2019elevata sicurezza;<\/li>\n<li>vuole imparare a\u00a0<strong>distinguere gli schemi piramidali<\/strong>\u00a0e le aziende disfunzionali\u00a0<strong>dalle offerte davvero utili<\/strong>\u00a0e proteggersi da problemi e perdite di fondi;<\/li>\n<li><strong>vuole ricevere piani finanziari<\/strong>\u00a0per tutte le categorie e livelli di investitori;<\/li>\n<li>\u00e8 interessato a\u00a0<strong>studiare i mercati azionari, valutari e delle criptovalute<\/strong>\u00a0e imparare a gestire il proprio capitale in questi mercati;<\/li>\n<li>\u00e8 interessato a cosa sia il moderno sistema finanziario e\u00a0<strong>come proteggersi dall\u2019inflazione, dall\u2019iperinflazione e dalle crisi globali<\/strong>;<\/li>\n<li>\u00e8 interessato al motivo per cui esistono programmi ad alto rendimento e hedge fund e\u00a0<strong>come definirli per il proprio portafoglio<\/strong>;<\/li>\n<li>\u00e8 interessato a imparare a\u00a0<strong>lavorare nei mercati azionari e creare portafogli<\/strong>\u00a0con alti rendimenti del\u00a0<strong>2-5% al \u200b\u200bmese<\/strong>.<\/li>\n<\/ul>\n<p style=\"text-align: center;\"><b>Il programma Elite dell\u2019Accademia dell\u2019Investitore Privato comprende 8 corsi:<\/b><\/p>\n<ul>\n<li>Nozioni di base sugli investimenti<\/li>\n<li>Primi passi negli investimenti privati<\/li>\n<li>Corso avanzato per investitori privati, mercati azionari e gestione di portafogli patrimoniali personali<\/li>\n<li>Finanza globale, pubblica e d\u2019impresa, l\u2019evoluzione della creazione di una moderna politica decentralizzata digitale<\/li>\n<li>Mercato dei cambi Forex: storia e prospettive di sviluppo, benefici e rischi per gli investitori privati<\/li>\n<li>Mercato delle criptovalute e tecnologie blockchain, alta redditivit\u00e0 e rischi per gli investitori privati<\/li>\n<li>Mercato del capitale di rischio e mercato azionario aziendale<\/li>\n<li>Globalit\u00e0 nella creazione di un portafoglio di investimento: vantaggi, pro e contro<\/li>\n<\/ul>\n<p><span style=\"font-weight: 400;\">+ <strong>Bonus<\/strong><\/span><b>: <\/b><span style=\"font-weight: 400;\">un abbonamento annuale al <\/span><a href=\"https:\/\/office.academyprivateinvestment.com\/privateclub\"><span style=\"font-weight: 400;\">Club dell\u2019Investitore Privato<\/span><\/a> <span style=\"font-weight: 400;\">in regalo!<\/span><\/p>\n<p><strong>+ Domande di prova<\/strong><\/p>\n<p><strong>+ Certificato di \u201cInvestitore Profi di 3\u00b0, 2\u00b0 e 1\u00b0 categoria\u201d<\/strong><\/p>\n<ul>\n<li><b>Formato: <\/b><span style=\"font-weight: 400;\">studio autonomo del materiale in formato video in una modalit\u00e0 conveniente per te, 4 sessioni di tutoraggio, accesso ai materiali video del programma per un periodo di 1 anno dalla data di pagamento.<\/span><\/li>\n<\/ul>\n<p style=\"text-align: center;\"><b>Grafico variazione prezzo:<\/b><\/p>\n<table>\n<tbody>\n<tr>\n<td><b>PERIODO<\/b><\/td>\n<td><b>PREZZO<\/b><\/td>\n<\/tr>\n<tr>\n<td><span style=\"font-weight: 400;\">dal 1.12.2021 al 1.01.2022<\/span><\/td>\n<td><span style=\"font-weight: 400;\">989 $<\/span><\/td>\n<\/tr>\n<tr>\n<td><span style=\"font-weight: 400;\">dal 1.01.2022 al 1.03.2022<\/span><\/td>\n<td><span style=\"font-weight: 400;\">1300 $<\/span><\/td>\n<\/tr>\n<tr>\n<td><span style=\"font-weight: 400;\">dal 1.03.2022 al 1.04.2022<\/span><\/td>\n<td><span style=\"font-weight: 400;\">1700 $<\/span><\/td>\n<\/tr>\n<tr>\n<td><span style=\"font-weight: 400;\">dal 1.04.2022<\/span><\/td>\n<td><span style=\"font-weight: 400;\">2000 $<\/span><\/td>\n<\/tr>\n<\/tbody>\n<\/table>\n<p>Entro 1-3 giorni lavorativi dalla data di pagamento, verr\u00e0 inviata una lettera con ulteriori istruzioni alla tua e-mail.<\/p>\n<ul>\n<li style=\"font-weight: 400;\" aria-level=\"1\"><span style=\"font-weight: 400;\">Mittente: Accademia dell\u2019Investitore Privato<\/span><\/li>\n<\/ul>\n","protected":false},"excerpt":{"rendered":"<p>Un\u2019offerta unica dell\u2019Accademia dell\u2019Investitore Privato: un approccio completamente nuovo alla formazione sugli investimenti, alla formazione di Investitori Professionali Privati \u200b\u200be Consulenti di Investimento a un prezzo speciale.\u00a0<br \/>\nCosa c\u2019\u00e8 nel pacchetto:<br \/>\n+ Programma \u201cConsulente di Investimento\u201d:<br \/>\nIl programma \u00e8 progettato per sviluppare determinate capacit\u00e0 di investimento progressivo in quei consiglieri e consulenti che stanno gi\u00e0 lavorando nei mercati finanziari, azionari e dei cambi vorrebbero anche ottenere le maggiori opportunit\u00e0 nel settore del crowdinvesting e delle tecnologie di cripto-investimento&#8230;.<\/p>\n","protected":false},"featured_media":105809,"comment_status":"closed","ping_status":"closed","template":"","meta":{"inline_featured_image":false,"spay_email":""},"product_cat":[431],"product_tag":[],"acf":{"global_goods_id":1390},"_links":{"self":[{"href":"https:\/\/academyprivateinvestment.com\/it\/wp-json\/wp\/v2\/product\/174520"}],"collection":[{"href":"https:\/\/academyprivateinvestment.com\/it\/wp-json\/wp\/v2\/product"}],"about":[{"href":"https:\/\/academyprivateinvestment.com\/it\/wp-json\/wp\/v2\/types\/product"}],"replies":[{"embeddable":true,"href":"https:\/\/academyprivateinvestment.com\/it\/wp-json\/wp\/v2\/comments?post=174520"}],"wp:featuredmedia":[{"embeddable":true,"href":"https:\/\/academyprivateinvestment.com\/it\/wp-json\/wp\/v2\/media\/105809"}],"wp:attachment":[{"href":"https:\/\/academyprivateinvestment.com\/it\/wp-json\/wp\/v2\/media?parent=174520"}],"wp:term":[{"taxonomy":"product_cat","embeddable":true,"href":"https:\/\/academyprivateinvestment.com\/it\/wp-json\/wp\/v2\/product_cat?post=174520"},{"taxonomy":"product_tag","embeddable":true,"href":"https:\/\/academyprivateinvestment.com\/it\/wp-json\/wp\/v2\/product_tag?post=174520"}],"curies":[{"name":"wp","href":"https:\/\/api.w.org\/{rel}","templated":true}]}}