{"id":174613,"date":"2022-11-01T23:36:04","date_gmt":"2022-11-01T20:36:04","guid":{"rendered":"https:\/\/academyprivateinvestment.com\/?post_type=product&#038;p=174613"},"modified":"2022-11-01T23:54:56","modified_gmt":"2022-11-01T20:54:56","slug":"conferma-annuale-della-qualifica-investitore-profi-di-3-categoria-base","status":"publish","type":"product","link":"https:\/\/academyprivateinvestment.com\/it\/programs\/conferma-annuale-della-qualifica-investitore-profi-di-3-categoria-base\/","title":{"rendered":"Conferma annuale della qualifica. Investitore Profi di 3^ categoria (Base)"},"content":{"rendered":"<p style=\"text-align: justify;\"><span style=\"font-weight: 400;\">La conferma annuale delle qualifiche \u00e8 necessaria per confermare la pertinenza delle tue conoscenze, tenendo conto dei cambiamenti nelle tendenze, nella legislazione, nelle tecnologie e negli strumenti per &#8220;Investitori profi&#8221; e &#8220;Consulenti di investimento&#8221;, mantenendo le qualifiche, nonch\u00e9 in connessione con l&#8217;introduzione di un sistema di voti e privilegi per i laureati dell&#8217;AIP.<\/span><\/p>\n<p>&nbsp;<\/p>\n<p style=\"text-align: justify;\"><span style=\"font-weight: 400;\">In base al certificato pi\u00f9 alto valido viene assegnato il <strong>grado<\/strong> \u2013 appartenenza ad un gruppo di laureati dell&#8217;Accademia dell&#8217;investitore privato di un certo livello, aventi pari <strong>sistema di privilegi<\/strong>. Il grado assegnato \u00e8 valido per <strong>365 giorni<\/strong>.<\/span><\/p>\n<p>&nbsp;<\/p>\n<p style=\"text-align: justify;\"><span style=\"font-weight: 400;\">Non \u00e8 richiesta la conferma della qualifica, ma senza di essa, trascorsi <strong>365 giorni<\/strong>, la validit\u00e0 del certificato scade e la tua qualifica diventa nulla <strong>Perderai<\/strong> anche il tuo <strong>grado<\/strong> attuale e quindi tutti i <strong>privilegi<\/strong> che esso ti conferisce.<\/span><\/p>\n<p>&nbsp;<\/p>\n<p style=\"text-align: justify;\"><span style=\"font-weight: 400;\">Puoi controllare la qualifica e la data di scadenza <a href=\"https:\/\/office-new.academyprivateinvestment.com\/main\" target=\"_blank\" rel=\"noopener\">qui<\/a>.<\/span><\/p>\n<p>&nbsp;<\/p>\n<p style=\"text-align: justify;\"><span style=\"font-weight: 400;\">La qualificazione \u00e8 confermata dal superamento di un test. Un superamento \u00e8 considerato pi\u00f9 dell&#8217;80% di risposte corrette.<\/span><\/p>\n<p>&nbsp;<\/p>\n<p style=\"text-align: justify;\"><span style=\"font-weight: 400;\">Sulla base della conferma della qualifica, viene stabilita la qualifica di <strong>&#8220;Investitore profi di 3^ categoria (Base)&#8221;<\/strong> e viene assegnato <strong>il Grado n. 1 <\/strong> per un periodo di 365 giorni.<\/span><\/p>\n<p>&nbsp;<\/p>\n<p style=\"text-align: justify;\"><span style=\"font-weight: 400;\">La conferma della qualifica (superamento del test) ha una <strong>tempistica consigliata<\/strong>. La scadenza determina anche il suo costo:<\/span><\/p>\n<ul>\n<li style=\"font-weight: 400;\" aria-level=\"1\"><span style=\"font-weight: 400;\">prima dell&#8217;ultima data di conseguimento del titolo &#8211; 100% di sconto sul costo del corso principale <strong>&#8220;Investitore profi di 3^ categoria (Base)&#8221;<\/strong>, ovvero <strong>senza pagamento<\/strong>;<\/span><\/li>\n<li style=\"font-weight: 400;\" aria-level=\"1\"><span style=\"font-weight: 400;\">fino a 30 giorni dopo la fine della qualifica \u2013 80% di sconto sul costo del corso principale;<\/span><\/li>\n<li style=\"font-weight: 400;\" aria-level=\"1\"><span style=\"font-weight: 400;\">oltre 30 giorni dal termine della qualifica o senza pagamento del corso principale \u2013 sconto del 50% sul costo del corso principale.<\/span><\/li>\n<\/ul>\n<p>&nbsp;<\/p>\n<p style=\"text-align: justify;\"><span style=\"font-weight: 400;\">\u00c8 necessario pianificare il test e pagare il test di conferma della qualifica in anticipo e solo se si \u00e8 sicuri di avere il tempo per superare con successo il test entro il tempo assegnato. Non c&#8217;\u00e8 limite al numero di tentativi per superare il test.<\/span><\/p>\n<p>&nbsp;<\/p>\n<p style=\"text-align: justify;\"><span style=\"font-weight: 400;\">Se non possiedi e non hai ottenuto la qualifica di <strong>&#8220;Investitore profi di 3^ categoria (Base)&#8221; <\/strong> dall&#8217;Accademia dell\u2019investitore privato, ma hai conoscenze e competenze sufficienti e sei sicuro della tua formazione, \u00e8 disponibile un <strong>pacchetto di conferma della qualifica <\/strong> con uno sconto del <strong>50%<\/strong> sul prezzo del corso. Il periodo di accesso al test \u00e8 di 30 giorni dalla data di acquisto.<\/span><\/p>\n<p>&nbsp;<\/p>\n<p style=\"text-align: justify;\"><span style=\"font-weight: 400;\"><strong>Importante!<\/strong> Se hai pagato un pacchetto di conferma della qualifica senza possedere una qualifica AIP, ma non sei riuscito a superare con successo il test, puoi acquistare il corso <a href=\"https:\/\/academyprivateinvestment.com\/en\/programs\/profi-investor-3-cat\/\" target=\"_blank\" rel=\"noopener\">&#8220;Investitore profi di 3^ categoria (Base)&#8221;<\/a> per la formazione e il lavoro sui simulatori con successiva ricertificazione entro il periodo di tempo consigliato. L&#8217;accesso a contenuti e simulatori sar\u00e0 a tempo indeterminato.<\/span><\/p>\n","protected":false},"excerpt":{"rendered":"<p style=\"text-align: justify;\"><span data-sheets-value=\"{&quot;1&quot;:2,&quot;2&quot;:&quot;Sulla base della conferma della qualifica, viene stabilita la qualifica di \" data-sheets-userformat=\"{&quot;2&quot;:15105,&quot;3&quot;:{&quot;1&quot;:0},&quot;11&quot;:3,&quot;12&quot;:0,&quot;14&quot;:{&quot;1&quot;:2,&quot;2&quot;:0},&quot;15&quot;:&quot;Arial&quot;,&quot;16&quot;:11}\">Sulla base della conferma della qualifica, viene stabilita la qualifica di &#8220;Investitore profi di 3^ categoria (Base)&#8221; e viene assegnato il Grado n. 1 per un periodo di 365 giorni.<\/span><\/p>\n","protected":false},"featured_media":174627,"comment_status":"closed","ping_status":"closed","template":"","meta":{"inline_featured_image":false,"spay_email":""},"product_cat":[429,529],"product_tag":[],"acf":{"global_goods_id":1526},"_links":{"self":[{"href":"https:\/\/academyprivateinvestment.com\/it\/wp-json\/wp\/v2\/product\/174613"}],"collection":[{"href":"https:\/\/academyprivateinvestment.com\/it\/wp-json\/wp\/v2\/product"}],"about":[{"href":"https:\/\/academyprivateinvestment.com\/it\/wp-json\/wp\/v2\/types\/product"}],"replies":[{"embeddable":true,"href":"https:\/\/academyprivateinvestment.com\/it\/wp-json\/wp\/v2\/comments?post=174613"}],"wp:featuredmedia":[{"embeddable":true,"href":"https:\/\/academyprivateinvestment.com\/it\/wp-json\/wp\/v2\/media\/174627"}],"wp:attachment":[{"href":"https:\/\/academyprivateinvestment.com\/it\/wp-json\/wp\/v2\/media?parent=174613"}],"wp:term":[{"taxonomy":"product_cat","embeddable":true,"href":"https:\/\/academyprivateinvestment.com\/it\/wp-json\/wp\/v2\/product_cat?post=174613"},{"taxonomy":"product_tag","embeddable":true,"href":"https:\/\/academyprivateinvestment.com\/it\/wp-json\/wp\/v2\/product_tag?post=174613"}],"curies":[{"name":"wp","href":"https:\/\/api.w.org\/{rel}","templated":true}]}}