{"id":10248,"date":"2021-07-25T22:08:55","date_gmt":"2021-07-25T19:08:55","guid":{"rendered":"https:\/\/academyprivateinvestment.com\/thien-tai-tai-chinh\/"},"modified":"2021-10-12T19:09:57","modified_gmt":"2021-10-12T16:09:57","slug":"thien-tai-tai-chinh","status":"publish","type":"page","link":"https:\/\/academyprivateinvestment.com\/vi\/thien-tai-tai-chinh\/","title":{"rendered":"Thi\u00ean t\u00e0i t\u00e0i ch\u00ednh"},"content":{"rendered":"\n<p>Thi\u00ean t\u00e0i t\u00e0i ch\u00ednh<\/p>\n","protected":false},"excerpt":{"rendered":"<p>Thi\u00ean t\u00e0i t\u00e0i ch\u00ednh&#8230;<\/p>\n","protected":false},"author":1,"featured_media":0,"parent":0,"menu_order":154,"comment_status":"closed","ping_status":"closed","template":"","meta":{"inline_featured_image":false,"spay_email":""},"acf":[],"_links":{"self":[{"href":"https:\/\/academyprivateinvestment.com\/vi\/wp-json\/wp\/v2\/pages\/10248"}],"collection":[{"href":"https:\/\/academyprivateinvestment.com\/vi\/wp-json\/wp\/v2\/pages"}],"about":[{"href":"https:\/\/academyprivateinvestment.com\/vi\/wp-json\/wp\/v2\/types\/page"}],"author":[{"embeddable":true,"href":"https:\/\/academyprivateinvestment.com\/vi\/wp-json\/wp\/v2\/users\/1"}],"replies":[{"embeddable":true,"href":"https:\/\/academyprivateinvestment.com\/vi\/wp-json\/wp\/v2\/comments?post=10248"}],"version-history":[{"count":1,"href":"https:\/\/academyprivateinvestment.com\/vi\/wp-json\/wp\/v2\/pages\/10248\/revisions"}],"predecessor-version":[{"id":10249,"href":"https:\/\/academyprivateinvestment.com\/vi\/wp-json\/wp\/v2\/pages\/10248\/revisions\/10249"}],"wp:attachment":[{"href":"https:\/\/academyprivateinvestment.com\/vi\/wp-json\/wp\/v2\/media?parent=10248"}],"curies":[{"name":"wp","href":"https:\/\/api.w.org\/{rel}","templated":true}]}}