{"id":10458,"date":"2021-08-02T21:24:39","date_gmt":"2021-08-02T18:24:39","guid":{"rendered":"https:\/\/academyprivateinvestment.com\/cac-giam-doc-va-lanh-dao-cac-bo-phan-phu-trach\/"},"modified":"2021-10-13T12:00:50","modified_gmt":"2021-10-13T09:00:50","slug":"cac-giam-doc-va-lanh-dao-cac-bo-phan-phu-trach","status":"publish","type":"page","link":"https:\/\/academyprivateinvestment.com\/vi\/cac-giam-doc-va-lanh-dao-cac-bo-phan-phu-trach\/","title":{"rendered":"C\u00e1c gi\u00e1m \u0111\u1ed1c v\u00e0 l\u00e3nh \u0111\u1ea1o c\u00e1c b\u1ed9 ph\u1eadn ph\u1ee5 tr\u00e1ch"},"content":{"rendered":"\n<div style=\"height:60px\" aria-hidden=\"true\" class=\"wp-block-spacer\"><\/div>\n\n<section id=\"group-list\">\r\n  <div class=\"wraper contacts-list\">\r\n\r\n<hr\/>\r\n\r\n    <div class=\"row group-list\">\r\n      <div class=\"col-12 col-sm-12 col-md-5 col-xl-5 block-1\">\r\n        <div class=\"block\">\r\n          <div class=\"img\">\r\n            <img src=\"\/wp-content\/uploads\/2021\/07\/khovratov.png\" alt=\"\"\/>\r\n          <\/div>\r\n          <div class=\"title\">\r\n            <h3>Khovratov Andrey Fedorovich<\/h3>\r\n            <h4>T\u00e1c gi\u1ea3, Nh\u00e0 s\u00e1ng l\u1eadp v\u00e0 T\u1ed5ng gi\u00e1m \u0111\u1ed1c &#8220;H\u1ecdc vi\u1ec7n Nh\u00e0 \u0111\u1ea7u t\u01b0 t\u01b0 nh\u00e2n&#8221;<\/h4>\r\n          <\/div>\r\n        <\/div>\r\n      <\/div>\r\n      <div class=\"col-12 col-sm-12 col-md-7 col-xl-7 block-2\">\r\n        <div class=\"block\">\r\n          <p><\/p><ul><li>Nh\u00e0 \u0111\u1ea7u t\u01b0 chuy\u00ean nghi\u1ec7p \u0111a ng\u00e0nh, doanh nh\u00e2n<\/li><li>B\u1eadc th\u1ea7y trong vi\u1ec7c hi\u1ec7n th\u1ef1c h\u00f3a \u01b0\u1edbc m\u01a1.<\/li><li>Ng\u01b0\u1eddi d\u1eabn ch\u01b0\u01a1ng tr\u00ecnh truy\u1ec1n h\u00ecnh c\u1ee7a ch\u01b0\u01a1ng tr\u00ecnh \u201cB\u00ed m\u1eadt tri\u1ec7u ph\u00fa c\u00f9ng v\u1edbi Andrey Khovratov\u201d;<\/li><li>C\u1ed1 v\u1ea5n v\u00e0 hu\u1ea5n luy\u1ec7n vi\u00ean kinh doanh xu\u1ea5t s\u1eafc nh\u1ea5t trong l\u0129nh v\u1ef1c t\u00e0i ch\u00ednh v\u00e0 \u0111\u1ea7u t\u01b0 ph\u00e1t tri\u1ec3n c\u00e1 nh\u00e2n n\u0103m 2018 theo t\u1ea1p ch\u00ed MELON RICH and FINANCE TIMES.<\/li><li>Ch\u1ee7 t\u1ecbch H\u1ed9i \u0111\u1ed3ng \u0111\u1ea7u t\u01b0 ki\u00eam Thi\u1ebfu t\u01b0\u1edbng &#8211; Nh\u00e0 t\u1ea1o l\u1eadp H\u00f2a b\u00ecnh c\u1ee7a Hi\u1ec7p h\u1ed9i \u201cC\u00e1c t\u01b0\u1edbng l\u0129nh th\u1ebf gi\u1edbi v\u00ec H\u00f2a b\u00ecnh\u201d.<\/li><li> \u0110\u01b0\u1ee3c trao t\u1eb7ng c\u00e1c huy ch\u01b0\u01a1ng &#8220;Chim b\u1ed3 c\u00e2u h\u00f2a b\u00ecnh&#8221;, &#8220;B\u1ea3o v\u1ec7 h\u00f2a b\u00ecnh&#8221; c\u1ee7a Hi\u1ec7p h\u1ed9i c\u00e1c t\u01b0\u1edbng l\u0129nh v\u00ec h\u00f2a b\u00ecnh<\/li><li>\u0110\u01b0\u1ee3c \u0111\u01b0a v\u00e0o TOP -100 nh\u00e0 l\u00e3nh \u0111\u1ea1o h\u00e0ng \u0111\u1ea7u n\u01b0\u1edbc Nga trong B\u00e1ch khoa to\u00e0n th\u01b0 &#8220;Nh\u1eefng con ng\u01b0\u1eddi c\u1ee7a thi\u00ean nhi\u00ean k\u1ef7 ch\u00fang ta\u201d<\/li><\/ul>\r\n          <div class=\"more-wrap\">\r\n            <a class=\"more\" href=\"https:\/\/academyprivateinvestment.com\/vi\/cac-tac-gia-va-giang-vien\/andrey-khovratov\/\">\u0110\u1ecdc chi ti\u1ebft h\u01a1n<\/a>\r\n          <\/div>\r\n        <\/div>\r\n      <\/div>\r\n    <\/div>\r\n\r\n<hr\/>\r\n\r\n    <div class=\"row group-list\">\r\n      <div class=\"col-12 col-sm-12 col-md-5 col-xl-5 block-1\">\r\n        <div class=\"block\">\r\n          <div class=\"img\">\r\n            <img src=\"\/wp-content\/uploads\/2021\/07\/serdjukova.png\" alt=\"\"\/>\r\n          <\/div>\r\n          <div class=\"title\">\r\n            <h3>Mila Serdjukova<\/h3>\r\n            <h4>Chuy\u00ean gia t\u01b0 v\u1ea5n \u0111\u1ea7u t\u01b0 H\u1ecdc vi\u1ec7n Nh\u00e0 \u0111\u1ea7u t\u01b0 T\u01b0 nh\u00e2n<\/h4>\r\n          <\/div>\r\n        <\/div>\r\n      <\/div>\r\n      <div class=\"col-12 col-sm-12 col-md-7 col-xl-7 block-2\">\r\n        <div class=\"block\">\r\n          <p><\/p><ul><li>Ng\u01b0\u1eddi d\u1eabn ch\u01b0\u01a1ng tr\u00ecnh  \u201cThi\u00ean t\u00e0i t\u00e0i ch\u00ednh \u201d \u0111\u01b0\u1ee3c ch\u1ee9ng nh\u1eadn<\/li><li>Nh\u00e0 \u0111\u1ea7u t\u01b0 t\u01b0 nh\u00e2n <\/li><li>Th\u00e0nh vi\u00ean Hi\u1ec7p h\u1ed9i \u201cC\u00e1c t\u01b0\u1ee1ng l\u0129nh Th\u1ebf gi\u1edbi &#8211; v\u00ec H\u00f2a b\u00ecnh\u201d<\/li><li>Di\u1ec5n gi\u1ea3 \u0111\u01b0\u1ee3c m\u1eddi.<\/li><\/ul>\r\n          <div class=\"more-wrap\">\r\n            <a class=\"more\" href=\"https:\/\/academyprivateinvestment.com\/vi\/cac-tac-gia-va-giang-vien\/mila-serdjukova\/\">\u0110\u1ecdc chi ti\u1ebft h\u01a1n<\/a>\r\n          <\/div>\r\n        <\/div>\r\n      <\/div>\r\n    <\/div>\r\n\r\n<hr\/>\r\n\r\n    <div class=\"row group-list\">\r\n      <div class=\"col-12 col-sm-12 col-md-5 col-xl-5 block-1\">\r\n        <div class=\"block\">\r\n          <div class=\"img\">\r\n            <img src=\"\/wp-content\/uploads\/2021\/07\/armands.png\" alt=\"\"\/>\r\n          <\/div>\r\n          <div class=\"title\">\r\n            <h3>Armand Murnieks<\/h3>\r\n            <h4>Nh\u00e0 \u0111\u1ea7u t\u01b0 t\u01b0 nh\u00e2n<\/h4>\r\n          <\/div>\r\n        <\/div>\r\n      <\/div>\r\n      <div class=\"col-12 col-sm-12 col-md-7 col-xl-7 block-2\">\r\n        <div class=\"block\">\r\n          <ul><li>Di\u1ec5n gi\u1ea3 t\u1ea1o \u0111\u1ed9ng l\u1ef1c xu\u1ea5t s\u1eafc nh\u1ea5t 2018 theo t\u1ea1p ch\u00ed MELON RICH v\u00e0 t\u1ea1p ch\u00ed kinh doanh FINANCE TIMES;<\/li><li>Ng\u01b0\u1eddi d\u1eabn ch\u01b0\u01a1ng tr\u00ecnh &#8220;Thi\u00ean t\u00e0i t\u00e0i ch\u00ednh&#8221; \u0111\u01b0\u1ee3c ch\u1ee9ng nh\u1eadn;<\/li><li>Th\u00e0nh vi\u00ean Hi\u1ec7p h\u1ed9i &#8220;C\u00e1c t\u01b0\u1edbng l\u0129nh Th\u1ebf gi\u1edbi &#8211; v\u00ec H\u00f2a b\u00ecnh&#8221;;<\/li><li>Di\u1ec5n gi\u1ea3 \u0111\u01b0\u1ee3c m\u1eddi .<\/li><\/ul>\r\n          <div class=\"more-wrap\">\r\n           <a class=\"more\" href=\"https:\/\/academyprivateinvestment.com\/vi\/cac-tac-gia-va-giang-vien\/armand-murnieks-2\/\">\u0110\u1ecdc chi ti\u1ebft h\u01a1n<\/a>\r\n          <\/div>\r\n        <\/div>\r\n      <\/div>\r\n    <\/div>\r\n\r\n<hr\/>\r\n\r\n  <\/div>\r\n<\/section>\r\n\n<div style=\"height:60px\" aria-hidden=\"true\" class=\"wp-block-spacer\"><\/div>\n\n<p><\/p>\n","protected":false},"excerpt":{"rendered":"<p>Khovratov Andrey Fedorovich<br \/>\n            T\u00e1c gi\u1ea3, Nh\u00e0 s\u00e1ng l\u1eadp v\u00e0 T\u1ed5ng gi\u00e1m \u0111\u1ed1c &#8220;H\u1ecdc vi\u1ec7n Nh\u00e0 \u0111\u1ea7u t\u01b0 t\u01b0 nh\u00e2n&#8221;<\/p>\n<ul>\n<li>Nh\u00e0 \u0111\u1ea7u t\u01b0 chuy\u00ean nghi\u1ec7p \u0111a ng\u00e0nh, doanh nh\u00e2n<\/li>\n<li>B\u1eadc th\u1ea7y trong vi\u1ec7c hi\u1ec7n th\u1ef1c h\u00f3a \u01b0\u1edbc m\u01a1.<\/li>\n<li>Ng\u01b0\u1eddi d\u1eabn ch\u01b0\u01a1ng tr\u00ecnh truy\u1ec1n h\u00ecnh c\u1ee7a ch\u01b0\u01a1ng tr\u00ecnh \u201cB\u00ed m\u1eadt tri\u1ec7u ph\u00fa c\u00f9ng v\u1edbi Andrey Khovratov\u201d;<\/li>\n<li>C\u1ed1 v\u1ea5n v\u00e0 hu\u1ea5n luy\u1ec7n vi\u00ean kinh doanh xu\u1ea5t s\u1eafc nh\u1ea5t trong l\u0129nh v\u1ef1c t\u00e0i ch\u00ednh v\u00e0 \u0111\u1ea7u t\u01b0 ph\u00e1t tri\u1ec3n c\u00e1 nh\u00e2n n\u0103m 2018 theo t\u1ea1p ch\u00ed MELON RICH and FINANCE TIMES.<\/li>\n<\/ul>\n<p>&#8230;<\/p>\n","protected":false},"author":1,"featured_media":0,"parent":0,"menu_order":110,"comment_status":"closed","ping_status":"closed","template":"","meta":{"inline_featured_image":false,"spay_email":""},"acf":[],"_links":{"self":[{"href":"https:\/\/academyprivateinvestment.com\/vi\/wp-json\/wp\/v2\/pages\/10458"}],"collection":[{"href":"https:\/\/academyprivateinvestment.com\/vi\/wp-json\/wp\/v2\/pages"}],"about":[{"href":"https:\/\/academyprivateinvestment.com\/vi\/wp-json\/wp\/v2\/types\/page"}],"author":[{"embeddable":true,"href":"https:\/\/academyprivateinvestment.com\/vi\/wp-json\/wp\/v2\/users\/1"}],"replies":[{"embeddable":true,"href":"https:\/\/academyprivateinvestment.com\/vi\/wp-json\/wp\/v2\/comments?post=10458"}],"version-history":[{"count":1,"href":"https:\/\/academyprivateinvestment.com\/vi\/wp-json\/wp\/v2\/pages\/10458\/revisions"}],"predecessor-version":[{"id":10459,"href":"https:\/\/academyprivateinvestment.com\/vi\/wp-json\/wp\/v2\/pages\/10458\/revisions\/10459"}],"wp:attachment":[{"href":"https:\/\/academyprivateinvestment.com\/vi\/wp-json\/wp\/v2\/media?parent=10458"}],"curies":[{"name":"wp","href":"https:\/\/api.w.org\/{rel}","templated":true}]}}