{"id":10479,"date":"2021-07-25T22:05:30","date_gmt":"2021-07-25T19:05:30","guid":{"rendered":"https:\/\/academyprivateinvestment.com\/lien-he\/"},"modified":"2022-09-02T15:49:56","modified_gmt":"2022-09-02T12:49:56","slug":"lien-he","status":"publish","type":"page","link":"https:\/\/academyprivateinvestment.com\/vi\/lien-he\/","title":{"rendered":"Li\u00ean h\u1ec7"},"content":{"rendered":"\r\n<h1 class=\"has-text-align-left\">Li\u00ean h\u1ec7<\/h1>\r\n\r\n\r\n\r\n<div class=\"wp-block-columns contacts-info\">\r\n<div class=\"wp-block-column\" style=\"flex-basis: 50%;\">\r\n<div class=\"wp-block-columns\">\r\n<div class=\"wp-block-column contacts-info\">\r\n\r\n\r\n<p>&nbsp;<\/p>\r\n<\/div>\r\n<!-- \/wp:column --><\/div>\r\n<!-- \/wp:columns --><\/div>\r\n<!-- \/wp:column --><\/div>\r\n<!-- \/wp:columns -->\r\n\r\n<!-- wp:heading {\"translatedWithWPMLTM\":\"1\"} -->\r\n<h2>API Kazakhstan<\/h2>\r\n<!-- \/wp:heading -->\r\n\r\n<!-- wp:columns {\"className\":\"contacts-info\"} -->\r\n<div class=\"wp-block-columns contacts-info\"><!-- wp:column {\"width\":\"50%\"} -->\r\n<div class=\"wp-block-column\" style=\"flex-basis: 50%;\"><!-- wp:html {\"translatedWithWPMLTM\":\"1\"} -->\r\n<div id=\"YMap-KZ\" class=\"YMap\">\u00a0<\/div>\r\n<!-- \/wp:html --><\/div>\r\n<!-- \/wp:column -->\r\n\r\n<!-- wp:column {\"width\":\"50%\"} -->\r\n<div class=\"wp-block-column\" style=\"flex-basis: 50%;\"><!-- wp:columns -->\r\n<div class=\"wp-block-columns\"><!-- wp:column {\"className\":\"contacts-info\"} -->\r\n<div class=\"wp-block-column contacts-info\"><!-- wp:heading {\"level\":3,\"translatedWithWPMLTM\":\"1\"} -->\r\n<h3>\u0110\u1ecba ch\u1ec9 ph\u00e1p l\u00fd<\/h3>\r\n<!-- \/wp:heading -->\r\n\r\n<!-- wp:paragraph {\"translatedWithWPMLTM\":\"1\"} -->\r\n<p>Kazakhstan, Nur-Sultan, qu\u1eadn Esil, t\u00f2a nh\u00e0 13 \u0111\u1ea1i l\u1ed9 Kabanbai Batyr., c\u0103n h\u1ed9 1<\/p>\r\n<!-- \/wp:paragraph -->\r\n\r\n<!-- wp:heading {\"level\":3,\"translatedWithWPMLTM\":\"1\"} -->\r\n<h3>\u0110\u1ecba ch\u1ec9 th\u1ef1c t\u1ebf<\/h3>\r\n<!-- \/wp:heading -->\r\n\r\n<!-- wp:paragraph {\"translatedWithWPMLTM\":\"1\"} -->\r\n<p>Almaty, \u0111\u01b0\u1eddng Zenkova 24, t\u1ea7ng 1-2 (t\u00f2a nh\u00e0 qu\u00e2n \u0111\u1ed9i)<\/p>\r\n<!-- \/wp:paragraph -->\r\n\r\n<!-- wp:heading {\"level\":3,\"translatedWithWPMLTM\":\"1\"} --><!-- \/wp:paragraph -->\r\n\r\n<!-- wp:heading {\"level\":3,\"translatedWithWPMLTM\":\"1\"} -->\r\n<h3>Email ph\u00f2ng ban \u0111\u1ea1o \u0111\u1ee9c<\/h3>\r\n<!-- \/wp:heading -->\r\n\r\n<!-- wp:paragraph -->\r\n<p><a href=\"Ethics@academyprivateinvestment.com\" data-type=\"URL\" data-id=\"Ethics@academyprivateinvestment.com\">Ethics@academyprivateinvestment.com<\/a><\/p>\r\n<!-- \/wp:paragraph -->\r\n\r\n<!-- wp:heading {\"level\":3,\"translatedWithWPMLTM\":\"1\"} -->\r\n<p>&nbsp;<\/p>\r\n<!-- \/wp:paragraph --><\/div>\r\n<!-- \/wp:column --><\/div>\r\n<!-- \/wp:columns --><\/div>\r\n<!-- \/wp:column --><\/div>\r\n<!-- \/wp:columns -->\r\n\r\n<!-- wp:heading {\"translatedWithWPMLTM\":\"1\"} -->\r\n<h2>API Belarus<\/h2>\r\n<!-- \/wp:heading -->\r\n\r\n<!-- wp:columns {\"className\":\"contacts-info\"} -->\r\n<div class=\"wp-block-columns contacts-info\"><!-- wp:column {\"width\":\"50%\"} -->\r\n<div class=\"wp-block-column\" style=\"flex-basis: 50%;\"><!-- wp:html {\"translatedWithWPMLTM\":\"1\"} -->\r\n<div id=\"YMap-BY\" class=\"YMap\">\u00a0<\/div>\r\n<!-- \/wp:html --><\/div>\r\n<!-- \/wp:column -->\r\n\r\n<!-- wp:column {\"width\":\"50%\"} -->\r\n<div class=\"wp-block-column\" style=\"flex-basis: 50%;\"><!-- wp:columns -->\r\n<div class=\"wp-block-columns\"><!-- wp:column {\"className\":\"contacts-info\"} -->\r\n<div class=\"wp-block-column contacts-info\"><!-- wp:heading {\"level\":3,\"translatedWithWPMLTM\":\"1\"} -->\r\n<h3>\u0110\u1ecba ch\u1ec9 ph\u00e1p l\u00fd<\/h3>\r\n<!-- \/wp:heading -->\r\n\r\n<!-- wp:paragraph {\"translatedWithWPMLTM\":\"1\"} -->\r\n<p>C\u1ed9ng h\u00f2a Belarus, Minsk, 220053, \u0111\u01b0\u1eddng Orlovskaya, t\u00f2a nh\u00e0 40, ph\u00f2ng 26<\/p>\r\n<!-- \/wp:paragraph -->\r\n\r\n<!-- wp:heading {\"level\":3,\"translatedWithWPMLTM\":\"1\"} -->\r\n<h3>\u0110\u1ecba ch\u1ec9 th\u1ef1c t\u1ebf<\/h3>\r\n<!-- \/wp:heading -->\r\n\r\n<!-- wp:paragraph {\"translatedWithWPMLTM\":\"1\"} -->\r\n<p>C\u1ed9ng h\u00f2a Belarus, Minsk, 220053, \u0111\u01b0\u1eddng Orlovskaya, t\u00f2a nh\u00e0 40, ph\u00f2ng 26<\/p>\r\n<!-- \/wp:paragraph -->\r\n\r\n<!-- wp:heading {\"level\":3,\"translatedWithWPMLTM\":\"1\"} --><!-- \/wp:paragraph -->\r\n\r\n<!-- wp:heading {\"level\":3,\"translatedWithWPMLTM\":\"1\"} -->\r\n<h3>Email ph\u00f2ng ban \u0111\u1ea1o \u0111\u1ee9c<\/h3>\r\n<!-- \/wp:heading -->\r\n\r\n<!-- wp:paragraph -->\r\n<p><a href=\"Ethics@academyprivateinvestment.com\" data-type=\"URL\" data-id=\"Ethics@academyprivateinvestment.com\">Ethics@academyprivateinvestment.com<\/a><\/p>\r\n<!-- \/wp:paragraph -->\r\n\r\n<!-- wp:heading {\"level\":3,\"translatedWithWPMLTM\":\"1\"} -->\r\n<p>&nbsp;<\/p>\r\n<!-- \/wp:paragraph --><\/div>\r\n<!-- \/wp:column --><\/div>\r\n<!-- \/wp:columns --><\/div>\r\n<!-- \/wp:column --><\/div>\r\n<!-- \/wp:columns -->\r\n\r\n<!-- wp:heading {\"translatedWithWPMLTM\":\"1\"} -->\r\n<h2>API HOA K\u1ef2<\/h2>\r\n<!-- \/wp:heading -->\r\n\r\n<!-- wp:columns {\"className\":\"contacts-info\"} -->\r\n<div class=\"wp-block-columns contacts-info\"><!-- wp:column {\"width\":\"50%\"} -->\r\n<div class=\"wp-block-column\" style=\"flex-basis: 50%;\"><!-- wp:html {\"translatedWithWPMLTM\":\"1\"} -->\r\n<div id=\"YMap-US\" class=\"YMap\">\u00a0<\/div>\r\n<!-- \/wp:html --><\/div>\r\n<!-- \/wp:column -->\r\n\r\n<!-- wp:column {\"width\":\"50%\"} -->\r\n<div class=\"wp-block-column\" style=\"flex-basis: 50%;\"><!-- wp:columns -->\r\n<div class=\"wp-block-columns\"><!-- wp:column {\"className\":\"contacts-info\"} -->\r\n<div class=\"wp-block-column contacts-info\"><!-- wp:heading {\"level\":3,\"translatedWithWPMLTM\":\"1\"} -->\r\n<h3>\u0110\u1ecba ch\u1ec9 ph\u00e1p l\u00fd<\/h3>\r\n<!-- \/wp:heading -->\r\n\r\n<!-- wp:paragraph -->\r\n<p>State Delaware, 16192 Coastal Highway,Lewes,Delaware 19958, County Sussex<\/p>\r\n<!-- \/wp:paragraph -->\r\n\r\n<!-- wp:heading {\"level\":3,\"translatedWithWPMLTM\":\"1\"} -->\r\n<h3>\u0110\u1ecba ch\u1ec9 th\u1ef1c t\u1ebf<\/h3>\r\n<!-- \/wp:heading -->\r\n\r\n<!-- wp:paragraph -->\r\n<p>State Delaware, 16192 Coastal Highway,Lewes,Delaware 19958, County Sussex<\/p>\r\n<!-- \/wp:paragraph -->\r\n\r\n<!-- wp:heading {\"level\":3,\"translatedWithWPMLTM\":\"1\"} --><!-- \/wp:paragraph -->\r\n\r\n<!-- wp:heading {\"level\":3,\"translatedWithWPMLTM\":\"1\"} -->\r\n<h3>Email ph\u00f2ng ban \u0111\u1ea1o \u0111\u1ee9c<\/h3>\r\n<!-- \/wp:heading -->\r\n\r\n<!-- wp:paragraph -->\r\n<p><a href=\"Ethics@academyprivateinvestment.com\" data-type=\"URL\" data-id=\"Ethics@academyprivateinvestment.com\">Ethics@academyprivateinvestment.com<\/a><\/p>\r\n<!-- \/wp:paragraph -->\r\n\r\n<!-- wp:heading {\"level\":3,\"translatedWithWPMLTM\":\"1\"} -->\r\n<p>&nbsp;<\/p>\r\n<!-- \/wp:paragraph --><\/div>\r\n<!-- \/wp:column --><\/div>\r\n<!-- \/wp:columns --><\/div>\r\n<!-- \/wp:column --><\/div>\r\n<!-- \/wp:columns -->\r\n\r\n<!-- wp:heading {\"translatedWithWPMLTM\":\"1\"} -->\r\n<h2>API DUBAI<\/h2>\r\n<!-- \/wp:heading -->\r\n\r\n<!-- wp:columns {\"className\":\"contacts-info\"} -->\r\n<div class=\"wp-block-columns contacts-info\"><!-- wp:column {\"width\":\"50%\"} -->\r\n<div class=\"wp-block-column\" style=\"flex-basis: 50%;\"><!-- wp:html {\"translatedWithWPMLTM\":\"1\"} -->\r\n<div id=\"YMap-AE\" class=\"YMap\">\u00a0<\/div>\r\n<!-- \/wp:html --><\/div>\r\n<!-- \/wp:column -->\r\n\r\n<!-- wp:column {\"width\":\"50%\"} -->\r\n<div class=\"wp-block-column\" style=\"flex-basis: 50%;\"><!-- wp:columns -->\r\n<div class=\"wp-block-columns\"><!-- wp:column {\"className\":\"contacts-info\"} -->\r\n<div class=\"wp-block-column contacts-info\"><!-- wp:heading {\"level\":3,\"translatedWithWPMLTM\":\"1\"} -->\r\n<h3>\u0110\u1ecba ch\u1ec9 ph\u00e1p l\u00fd<\/h3>\r\n<!-- \/wp:heading -->\r\n\r\n<!-- wp:paragraph -->\r\n<p>A-62-01-02-05 Flamingo Villas, Ajman<\/p>\r\n<!-- \/wp:paragraph -->\r\n\r\n<!-- wp:heading {\"level\":3,\"translatedWithWPMLTM\":\"1\"} -->\r\n<h3>\u0110\u1ecba ch\u1ec9 th\u1ef1c t\u1ebf<\/h3>\r\n<!-- \/wp:heading -->\r\n\r\n<!-- wp:paragraph -->\r\n<p>A-62-01-02-05 Flamingo Villas, Ajman<\/p>\r\n<!-- \/wp:paragraph -->\r\n\r\n<!-- wp:heading {\"level\":3,\"translatedWithWPMLTM\":\"1\"} --><!-- \/wp:paragraph -->\r\n\r\n<!-- wp:heading {\"level\":3,\"translatedWithWPMLTM\":\"1\"} -->\r\n<h3>Email ph\u00f2ng ban \u0111\u1ea1o \u0111\u1ee9c<\/h3>\r\n<!-- \/wp:heading -->\r\n\r\n<!-- wp:paragraph -->\r\n<p><a href=\"Ethics@academyprivateinvestment.com\" data-type=\"URL\" data-id=\"Ethics@academyprivateinvestment.com\">Ethics@academyprivateinvestment.com<\/a><\/p>\r\n<!-- \/wp:paragraph -->\r\n\r\n<!-- wp:heading {\"level\":3,\"translatedWithWPMLTM\":\"1\"} -->\r\n<p>&nbsp;<\/p>\r\n<\/div>\r\n<\/div>\r\n<\/div>\r\n<\/div>\r\n<!-- \/wp:paragraph -->","protected":false},"excerpt":{"rendered":"<p>Li\u00ean h\u1ec7<\/p>\n<p>&nbsp;<\/p>\n<p>API Kazakhstan<\/p>\n<p>\u00a0<\/p>\n<p>\u0110\u1ecba ch\u1ec9 ph\u00e1p l\u00fd<\/p>\n<p>Kazakhstan, Nur-Sultan, qu\u1eadn Esil, t\u00f2a nh\u00e0 13 \u0111\u1ea1i l\u1ed9 Kabanbai Batyr., c\u0103n h\u1ed9 1<\/p>\n<p>\u0110\u1ecba ch\u1ec9 th\u1ef1c t\u1ebf<\/p>\n<p>Almaty, \u0111\u01b0\u1eddng Zenkova 24, t\u1ea7ng 1-2 (t\u00f2a nh\u00e0 qu\u00e2n \u0111\u1ed9i)<\/p>\n<p>Email ph\u00f2ng ban \u0111\u1ea1o \u0111\u1ee9c<\/p>\n<p>Ethics@academyprivateinvestment.com<\/p>\n<p>&nbsp;<\/p>\n<p>API Belarus<\/p>\n<p>\u00a0<\/p>\n<p>\u0110\u1ecba ch\u1ec9 ph\u00e1p l\u00fd<\/p>\n<p>C\u1ed9ng h\u00f2a Belarus, Minsk, 220053, \u0111\u01b0\u1eddng Orlovskaya, t\u00f2a nh\u00e0 40, ph\u00f2ng 26<\/p>\n<p>\u0110\u1ecba ch\u1ec9 th\u1ef1c t\u1ebf<\/p>\n<p>C\u1ed9ng h\u00f2a Belarus, Minsk, 220053, \u0111\u01b0\u1eddng Orlovskaya, t\u00f2a nh\u00e0 40,&#8230;<\/p>\n","protected":false},"author":1,"featured_media":0,"parent":0,"menu_order":158,"comment_status":"closed","ping_status":"closed","template":"","meta":{"inline_featured_image":false,"spay_email":""},"acf":[],"_links":{"self":[{"href":"https:\/\/academyprivateinvestment.com\/vi\/wp-json\/wp\/v2\/pages\/10479"}],"collection":[{"href":"https:\/\/academyprivateinvestment.com\/vi\/wp-json\/wp\/v2\/pages"}],"about":[{"href":"https:\/\/academyprivateinvestment.com\/vi\/wp-json\/wp\/v2\/types\/page"}],"author":[{"embeddable":true,"href":"https:\/\/academyprivateinvestment.com\/vi\/wp-json\/wp\/v2\/users\/1"}],"replies":[{"embeddable":true,"href":"https:\/\/academyprivateinvestment.com\/vi\/wp-json\/wp\/v2\/comments?post=10479"}],"version-history":[{"count":5,"href":"https:\/\/academyprivateinvestment.com\/vi\/wp-json\/wp\/v2\/pages\/10479\/revisions"}],"predecessor-version":[{"id":173236,"href":"https:\/\/academyprivateinvestment.com\/vi\/wp-json\/wp\/v2\/pages\/10479\/revisions\/173236"}],"wp:attachment":[{"href":"https:\/\/academyprivateinvestment.com\/vi\/wp-json\/wp\/v2\/media?parent=10479"}],"curies":[{"name":"wp","href":"https:\/\/api.w.org\/{rel}","templated":true}]}}