{"id":107997,"date":"2021-07-20T09:09:20","date_gmt":"2021-07-20T06:09:20","guid":{"rendered":"https:\/\/academyprivateinvestment.com\/chinh-sach-bao-mat\/"},"modified":"2021-11-30T10:55:52","modified_gmt":"2021-11-30T07:55:52","slug":"chinh-sach-bao-mat","status":"publish","type":"page","link":"https:\/\/academyprivateinvestment.com\/vi\/chinh-sach-bao-mat\/","title":{"rendered":"Ch\u00ednh s\u00e1ch b\u1ea3o m\u1eadt"},"content":{"rendered":"\n<h2>Ch\u00fang t\u00f4i l\u00e0 ai<\/h2>\n\n<p><strong class=\"privacy-policy-tutorial\"> V\u0103n b\u1ea3n \u0111\u1ec1 xu\u1ea5t: <\/strong> \u0110\u1ecba ch\u1ec9 trang web c\u1ee7a ch\u00fang t\u00f4i l\u00e0 https:\/\/academyprivateinvestment.com.<\/p>\n\n<h2>B\u00ecnh lu\u1eadn<\/h2>\n\n<p><strong class=\"privacy-policy-tutorial\"> V\u0103n b\u1ea3n \u0111\u1ec1 xu\u1ea5t: <\/strong> Khi kh\u00e1ch truy c\u1eadp \u0111\u1ec3 l\u1ea1i nh\u1eadn x\u00e9t tr\u00ean trang web, ch\u00fang t\u00f4i thu th\u1eadp d\u1eef li\u1ec7u \u0111\u01b0\u1ee3c hi\u1ec3n th\u1ecb trong bi\u1ec3u m\u1eabu nh\u1eadn x\u00e9t, c\u0169ng nh\u01b0 \u0111\u1ecba ch\u1ec9 IP c\u1ee7a kh\u00e1ch truy c\u1eadp v\u00e0 chu\u1ed7i t\u00e1c nh\u00e2n ng\u01b0\u1eddi d\u00f9ng tr\u00ecnh duy\u1ec7t \u0111\u1ec3 gi\u00fap ph\u00e1t hi\u1ec7n th\u01b0 r\u00e1c.<\/p>\n\n<p>M\u1ed9t chu\u1ed7i \u1ea9n danh \u0111\u01b0\u1ee3c t\u1ea1o t\u1eeb \u0111\u1ecba ch\u1ec9 email c\u1ee7a b\u1ea1n (&#8220;hash&#8221;) c\u00f3 th\u1ec3 \u0111\u01b0\u1ee3c cung c\u1ea5p cho d\u1ecbch v\u1ee5 Gravatar \u0111\u1ec3 x\u00e1c \u0111\u1ecbnh xem b\u1ea1n c\u00f3 \u0111ang s\u1eed d\u1ee5ng n\u00f3 hay kh\u00f4ng. Ch\u00ednh s\u00e1ch b\u1ea3o m\u1eadt c\u1ee7a Gravatar c\u00f3  t\u1ea1i \u0111\u00e2y: https:\/\/automattic.com\/privacy\/. Sau khi nh\u1eadn x\u00e9t \u0111\u01b0\u1ee3c ph\u00ea duy\u1ec7t, \u1ea3nh h\u1ed3 s\u01a1 c\u1ee7a b\u1ea1n s\u1ebd \u0111\u01b0\u1ee3c hi\u1ec3n th\u1ecb c\u00f4ng khai trong ng\u1eef c\u1ea3nh b\u00ecnh lu\u1eadn c\u1ee7a b\u1ea1n.<\/p>\n\n<h2>T\u1ec7p \u0111a ph\u01b0\u01a1ng ti\u1ec7n<\/h2>\n\n<p><strong class=\"privacy-policy-tutorial\"> V\u0103n b\u1ea3n \u0111\u1ec1 xu\u1ea5t: <\/strong> N\u1ebfu b\u1ea1n l\u00e0 ng\u01b0\u1eddi d\u00f9ng \u0111\u00e3 \u0111\u0103ng k\u00fd v\u00e0 t\u1ea3i \u1ea3nh l\u00ean trang web, b\u1ea1n c\u00f3 th\u1ec3 mu\u1ed1n tr\u00e1nh t\u1ea3i l\u00ean h\u00ecnh \u1ea3nh c\u00f3 si\u00eau d\u1eef li\u1ec7u EXIF \u200b\u200bv\u00ec ch\u00fang c\u00f3 th\u1ec3 ch\u1ee9a GPS c\u1ee7a b\u1ea1n v\u1ecb tr\u00ed. Kh\u00e1ch truy c\u1eadp c\u00f3 th\u1ec3 tr\u00edch xu\u1ea5t th\u00f4ng tin n\u00e0y b\u1eb1ng c\u00e1ch t\u1ea3i xu\u1ed1ng h\u00ecnh \u1ea3nh t\u1eeb trang web.<\/p>\n\n<h2>Cookie<\/h2>\n\n<p><strong class=\"privacy-policy-tutorial\"> V\u0103n b\u1ea3n \u0111\u1ec1 xu\u1ea5t: <\/strong> N\u1ebfu b\u1ea1n \u0111\u1ec3 l\u1ea1i b\u00ecnh lu\u1eadn tr\u00ean trang web c\u1ee7a ch\u00fang t\u00f4i, b\u1ea1n c\u00f3 th\u1ec3 b\u1eadt cookie \u0111\u1ec3 l\u01b0u t\u00ean, \u0111\u1ecba ch\u1ec9 email c\u1ee7a b\u1ea1n v\u00e0 trang web. \u0110i\u1ec1u n\u00e0y \u0111\u01b0\u1ee3c th\u1ef1c hi\u1ec7n \u0111\u1ec3 thu\u1eadn ti\u1ec7n cho b\u1ea1n, \u0111\u1ec3 kh\u00f4ng ph\u1ea3i \u0111i\u1ec1n l\u1ea1i d\u1eef li\u1ec7u khi b\u1ea1n \u0111\u1ec3 l\u1ea1i b\u00ecnh lu\u1eadn l\u1ea7n sau. Nh\u1eefng cookie n\u00e0y \u0111\u01b0\u1ee3c l\u01b0u tr\u1eef trong m\u1ed9t n\u0103m.<\/p>\n\n<p>N\u1ebfu b\u1ea1n c\u00f3 t\u00e0i kho\u1ea3n tr\u00ean trang web v\u00e0 b\u1ea1n \u0111\u0103ng nh\u1eadp v\u00e0o \u0111\u00f3, ch\u00fang t\u00f4i s\u1ebd \u0111\u1eb7t m\u1ed9t cookie t\u1ea1m th\u1eddi \u0111\u1ec3 x\u00e1c \u0111\u1ecbnh xem tr\u00ecnh duy\u1ec7t c\u1ee7a b\u1ea1n c\u00f3 h\u1ed7 tr\u1ee3 cookie hay kh\u00f4ng, cookie kh\u00f4ng ch\u1ee9a b\u1ea5t k\u1ef3 th\u00f4ng tin c\u00e1 nh\u00e2n n\u00e0o v\u00e0 s\u1ebd b\u1ecb x\u00f3a khi b\u1ea1n \u0111\u00f3ng tr\u00ecnh duy\u1ec7t c\u1ee7a m\u00ecnh.<\/p>\n\n<p>Khi b\u1ea1n \u0111\u0103ng nh\u1eadp v\u00e0o t\u00e0i kho\u1ea3n c\u1ee7a m\u00ecnh, ch\u00fang t\u00f4i c\u0169ng \u0111\u1eb7t m\u1ed9t s\u1ed1 cookie v\u1edbi c\u00e1c th\u00f4ng tin \u0111\u0103ng nh\u1eadp v\u00e0 c\u00e0i \u0111\u1eb7t m\u00e0n h\u00ecnh. Cookie \u0111\u0103ng nh\u1eadp \u0111\u01b0\u1ee3c l\u01b0u trong hai ng\u00e0y, cookie v\u1edbi c\u00e0i \u0111\u1eb7t m\u00e0n h\u00ecnh &#8211; trong m\u1ed9t n\u0103m. N\u1ebfu b\u1ea1n ch\u1ecdn t\u00f9y ch\u1ecdn &#8220;Nh\u1edb th\u00f4ng tin \u0111\u0103ng nh\u1eadp c\u1ee7a t\u00f4i&#8221;, th\u00f4ng tin \u0111\u0103ng nh\u1eadp c\u1ee7a b\u1ea1n s\u1ebd \u0111\u01b0\u1ee3c l\u01b0u l\u1ea1i trong hai tu\u1ea7n. Khi b\u1ea1n \u0111\u0103ng xu\u1ea5t kh\u1ecfi t\u00e0i kho\u1ea3n c\u1ee7a m\u00ecnh, c\u00e1c cookie \u0111\u0103ng nh\u1eadp s\u1ebd b\u1ecb x\u00f3a.<\/p>\n\n<p>Khi ch\u1ec9nh s\u1eeda ho\u1eb7c \u0111\u0103ng m\u1ed9t b\u00e0i vi\u1ebft tr\u00ean tr\u00ecnh duy\u1ec7t, m\u1ed9t cookie b\u1ed5 sung s\u1ebd \u0111\u01b0\u1ee3c l\u01b0u, n\u00f3 kh\u00f4ng ch\u1ee9a d\u1eef li\u1ec7u c\u00e1 nh\u00e2n v\u00e0 ch\u1ec9 ch\u1ee9a ID c\u1ee7a b\u00e0i vi\u1ebft b\u1ea1n \u0111\u00e3 ch\u1ec9nh s\u1eeda, h\u1ebft hi\u1ec7u l\u1ef1c sau 1 ng\u00e0y.<\/p>\n\n<h2>Nh\u00fang n\u1ed9i dung t\u1eeb c\u00e1c trang web kh\u00e1c<\/h2>\n\n<p><strong class=\"privacy-policy-tutorial\"> V\u0103n b\u1ea3n \u0111\u1ec1 xu\u1ea5t: <\/strong> C\u00e1c b\u00e0i vi\u1ebft tr\u00ean trang web n\u00e0y c\u00f3 th\u1ec3 bao g\u1ed3m n\u1ed9i dung \u0111\u01b0\u1ee3c nh\u00fang (ch\u1eb3ng h\u1ea1n nh\u01b0 video, h\u00ecnh \u1ea3nh, b\u00e0i vi\u1ebft, v.v.), n\u1ed9i dung \u0111\u00f3 ho\u1ea1t \u0111\u1ed9ng gi\u1ed1ng nh\u01b0 khi kh\u00e1ch truy c\u1eadp \u0111\u00e3 \u0111\u1ebfn m\u1ed9t trang web kh\u00e1c.<\/p>\n\n<p>C\u00e1c trang web n\u00e0y c\u00f3 th\u1ec3 thu th\u1eadp d\u1eef li\u1ec7u v\u1ec1 b\u1ea1n, s\u1eed d\u1ee5ng cookie, tri\u1ec3n khai theo d\u00f5i b\u00ean th\u1ee9 ba b\u1ed5 sung v\u00e0 theo d\u00f5i c\u00e1c t\u01b0\u01a1ng t\u00e1c c\u1ee7a b\u1ea1n v\u1edbi n\u1ed9i dung \u0111\u01b0\u1ee3c nh\u00fang, bao g\u1ed3m theo d\u00f5i t\u01b0\u01a1ng t\u00e1c n\u1ebfu b\u1ea1n c\u00f3 t\u00e0i kho\u1ea3n v\u00e0 \u0111\u00e3 \u0111\u0103ng nh\u1eadp v\u00e0o trang web \u0111\u00f3.<\/p>\n\n<h2>Ch\u00fang t\u00f4i chia s\u1ebb d\u1eef li\u1ec7u c\u1ee7a b\u1ea1n v\u1edbi ai<\/h2>\n\n<p><strong class=\"privacy-policy-tutorial\"> V\u0103n b\u1ea3n \u0111\u1ec1 xu\u1ea5t: <\/strong> N\u1ebfu b\u1ea1n y\u00eau c\u1ea7u \u0111\u1eb7t l\u1ea1i m\u1eadt kh\u1ea9u, IP c\u1ee7a b\u1ea1n s\u1ebd \u0111\u01b0\u1ee3c n\u00eau trong email \u0111\u1eb7t l\u1ea1i.<\/p>\n\n<h2>Ch\u00fang t\u00f4i l\u01b0u gi\u1eef d\u1eef li\u1ec7u c\u1ee7a b\u1ea1n trong bao l\u00e2u<\/h2>\n\n<p><strong class=\"privacy-policy-tutorial\"> V\u0103n b\u1ea3n \u0111\u1ec1 xu\u1ea5t: <\/strong> N\u1ebfu b\u1ea1n \u0111\u1ec3 l\u1ea1i b\u00ecnh lu\u1eadn, b\u1ea3n th\u00e2n b\u00ecnh lu\u1eadn v\u00e0 si\u00eau d\u1eef li\u1ec7u c\u1ee7a b\u00ecnh lu\u1eadn \u0111\u00f3 s\u1ebd \u0111\u01b0\u1ee3c l\u01b0u gi\u1eef v\u00f4 th\u1eddi h\u1ea1n. \u0110i\u1ec1u n\u00e0y \u0111\u01b0\u1ee3c th\u1ef1c hi\u1ec7n \u0111\u1ec3 t\u1ef1 \u0111\u1ed9ng ph\u00e1t hi\u1ec7n v\u00e0 ph\u00ea duy\u1ec7t c\u00e1c b\u00ecnh lu\u1eadn ti\u1ebfp theo, thay v\u00ec \u0111\u1eb7t ch\u00fang v\u00e0o h\u00e0ng \u0111\u1ee3i ph\u00ea duy\u1ec7t.<\/p>\n\n<p>\u0110\u1ed1i v\u1edbi ng\u01b0\u1eddi d\u00f9ng \u0111\u0103ng k\u00fd tr\u00ean trang web c\u1ee7a ch\u00fang t\u00f4i, ch\u00fang t\u00f4i l\u01b0u tr\u1eef th\u00f4ng tin c\u00e1 nh\u00e2n m\u00e0 h\u1ecd n\u00eau ra trong h\u1ed3 s\u01a1 c\u1ee7a h\u1ecd. T\u1ea5t c\u1ea3 ng\u01b0\u1eddi d\u00f9ng c\u00f3 th\u1ec3 xem, ch\u1ec9nh s\u1eeda ho\u1eb7c x\u00f3a th\u00f4ng tin h\u1ed3 s\u01a1 c\u1ee7a h\u1ecd b\u1ea5t k\u1ef3 l\u00fac n\u00e0o (ngo\u1ea1i tr\u1eeb t\u00ean ng\u01b0\u1eddi d\u00f9ng c\u1ee7a h\u1ecd). Ban qu\u1ea3n tr\u1ecb website c\u0169ng c\u00f3 th\u1ec3 xem v\u00e0 thay \u0111\u1ed5i th\u00f4ng tin n\u00e0y.<\/p>\n\n<h2>B\u1ea1n c\u00f3 quy\u1ec1n g\u00ec \u0111\u1ed1i v\u1edbi d\u1eef li\u1ec7u c\u1ee7a m\u00ecnh<\/h2>\n\n<p><strong class=\"privacy-policy-tutorial\"> V\u0103n b\u1ea3n \u0111\u1ec1 xu\u1ea5t: <\/strong> N\u1ebfu b\u1ea1n c\u00f3 t\u00e0i kho\u1ea3n tr\u00ean trang web ho\u1eb7c n\u1ebfu b\u1ea1n \u0111\u1ec3 l\u1ea1i b\u00ecnh lu\u1eadn, th\u00ec b\u1ea1n c\u00f3 th\u1ec3 y\u00eau c\u1ea7u xu\u1ea5t t\u1ec7p d\u1eef li\u1ec7u c\u00e1 nh\u00e2n m\u00e0 ch\u00fang t\u00f4i \u0111\u00e3 l\u01b0u tr\u1eef v\u1ec1 b\u1ea1n , bao g\u1ed3m d\u1eef li\u1ec7u b\u1ea1n \u0111\u00e3 cung c\u1ea5p &#8230; B\u1ea1n c\u0169ng c\u00f3 th\u1ec3 y\u00eau c\u1ea7u x\u00f3a d\u1eef li\u1ec7u n\u00e0y, d\u1eef li\u1ec7u n\u00e0y kh\u00f4ng bao g\u1ed3m d\u1eef li\u1ec7u m\u00e0 ch\u00fang t\u00f4i \u0111\u01b0\u1ee3c y\u00eau c\u1ea7u l\u01b0u tr\u1eef cho c\u00e1c m\u1ee5c \u0111\u00edch qu\u1ea3n tr\u1ecb, ph\u00e1p l\u00fd ho\u1eb7c b\u1ea3o m\u1eadt.<\/p>\n\n<h2>Ch\u00fang t\u00f4i g\u1eedi d\u1eef li\u1ec7u c\u1ee7a b\u1ea1n \u0111\u1ebfn \u0111\u00e2u<\/h2>\n\n<p><strong class=\"privacy-policy-tutorial\"> V\u0103n b\u1ea3n \u0111\u1ec1 xu\u1ea5t: <\/strong> D\u1ecbch v\u1ee5 ph\u00e1t hi\u1ec7n spam t\u1ef1 \u0111\u1ed9ng c\u00f3 th\u1ec3 ki\u1ec3m tra b\u00ecnh lu\u1eadn c\u1ee7a ng\u01b0\u1eddi d\u00f9ng.<\/p>\n","protected":false},"excerpt":{"rendered":"<p>Ch\u00fang t\u00f4i l\u00e0 ai<\/p>\n<p> V\u0103n b\u1ea3n \u0111\u1ec1 xu\u1ea5t:  \u0110\u1ecba ch\u1ec9 trang web c\u1ee7a ch\u00fang t\u00f4i l\u00e0 https:\/\/academyprivateinvestment.com.<\/p>\n<p>B\u00ecnh lu\u1eadn<\/p>\n<p> V\u0103n b\u1ea3n \u0111\u1ec1 xu\u1ea5t:  Khi kh\u00e1ch truy c\u1eadp \u0111\u1ec3 l\u1ea1i nh\u1eadn x\u00e9t tr\u00ean trang web, ch\u00fang t\u00f4i thu th\u1eadp d\u1eef li\u1ec7u \u0111\u01b0\u1ee3c hi\u1ec3n th\u1ecb trong bi\u1ec3u m\u1eabu nh\u1eadn x\u00e9t, c\u0169ng nh\u01b0 \u0111\u1ecba ch\u1ec9 IP c\u1ee7a kh\u00e1ch truy c\u1eadp v\u00e0 chu\u1ed7i t\u00e1c nh\u00e2n ng\u01b0\u1eddi d\u00f9ng tr\u00ecnh duy\u1ec7t \u0111\u1ec3 gi\u00fap ph\u00e1t hi\u1ec7n th\u01b0 r\u00e1c.<\/p>\n<p>M\u1ed9t chu\u1ed7i \u1ea9n danh \u0111\u01b0\u1ee3c t\u1ea1o t\u1eeb \u0111\u1ecba ch\u1ec9 email c\u1ee7a b\u1ea1n (&#8220;hash&#8221;) c\u00f3 th\u1ec3 \u0111\u01b0\u1ee3c cung c\u1ea5p cho d\u1ecbch v\u1ee5 Gravatar \u0111\u1ec3 x\u00e1c \u0111\u1ecbnh xem b\u1ea1n c\u00f3 \u0111ang s\u1eed d\u1ee5ng n\u00f3 hay kh\u00f4ng&#8230;.<\/p>\n","protected":false},"author":1,"featured_media":0,"parent":0,"menu_order":24,"comment_status":"closed","ping_status":"open","template":"","meta":{"inline_featured_image":false,"spay_email":""},"acf":[],"_links":{"self":[{"href":"https:\/\/academyprivateinvestment.com\/vi\/wp-json\/wp\/v2\/pages\/107997"}],"collection":[{"href":"https:\/\/academyprivateinvestment.com\/vi\/wp-json\/wp\/v2\/pages"}],"about":[{"href":"https:\/\/academyprivateinvestment.com\/vi\/wp-json\/wp\/v2\/types\/page"}],"author":[{"embeddable":true,"href":"https:\/\/academyprivateinvestment.com\/vi\/wp-json\/wp\/v2\/users\/1"}],"replies":[{"embeddable":true,"href":"https:\/\/academyprivateinvestment.com\/vi\/wp-json\/wp\/v2\/comments?post=107997"}],"version-history":[{"count":3,"href":"https:\/\/academyprivateinvestment.com\/vi\/wp-json\/wp\/v2\/pages\/107997\/revisions"}],"predecessor-version":[{"id":108000,"href":"https:\/\/academyprivateinvestment.com\/vi\/wp-json\/wp\/v2\/pages\/107997\/revisions\/108000"}],"wp:attachment":[{"href":"https:\/\/academyprivateinvestment.com\/vi\/wp-json\/wp\/v2\/media?parent=107997"}],"curies":[{"name":"wp","href":"https:\/\/api.w.org\/{rel}","templated":true}]}}