{"id":13049,"date":"2021-10-29T16:18:43","date_gmt":"2021-10-29T13:18:43","guid":{"rendered":"https:\/\/academyprivateinvestment.com\/shop-2\/"},"modified":"2021-11-29T01:25:20","modified_gmt":"2021-11-28T22:25:20","slug":"programs","status":"publish","type":"page","link":"https:\/\/academyprivateinvestment.com\/vi\/programs\/","title":{"rendered":"C\u00e1c ch\u01b0\u01a1ng tr\u00ecnh \u0111\u00e0o t\u1ea1o"},"content":{"rendered":"","protected":false},"excerpt":{"rendered":"<p>&#8230;<\/p>\n","protected":false},"author":1,"featured_media":0,"parent":0,"menu_order":86,"comment_status":"closed","ping_status":"closed","template":"","meta":{"inline_featured_image":false,"spay_email":""},"acf":[],"_links":{"self":[{"href":"https:\/\/academyprivateinvestment.com\/vi\/wp-json\/wp\/v2\/pages\/13049"}],"collection":[{"href":"https:\/\/academyprivateinvestment.com\/vi\/wp-json\/wp\/v2\/pages"}],"about":[{"href":"https:\/\/academyprivateinvestment.com\/vi\/wp-json\/wp\/v2\/types\/page"}],"author":[{"embeddable":true,"href":"https:\/\/academyprivateinvestment.com\/vi\/wp-json\/wp\/v2\/users\/1"}],"replies":[{"embeddable":true,"href":"https:\/\/academyprivateinvestment.com\/vi\/wp-json\/wp\/v2\/comments?post=13049"}],"version-history":[{"count":3,"href":"https:\/\/academyprivateinvestment.com\/vi\/wp-json\/wp\/v2\/pages\/13049\/revisions"}],"predecessor-version":[{"id":107882,"href":"https:\/\/academyprivateinvestment.com\/vi\/wp-json\/wp\/v2\/pages\/13049\/revisions\/107882"}],"wp:attachment":[{"href":"https:\/\/academyprivateinvestment.com\/vi\/wp-json\/wp\/v2\/media?parent=13049"}],"curies":[{"name":"wp","href":"https:\/\/api.w.org\/{rel}","templated":true}]}}