{"id":107388,"date":"2021-11-22T13:31:00","date_gmt":"2021-11-22T10:31:00","guid":{"rendered":"https:\/\/academyprivateinvestment.com\/program\/genij-finansov-kvalificzirovannyj-vedushhij\/"},"modified":"2022-11-21T11:09:10","modified_gmt":"2022-11-21T08:09:10","slug":"genij-finansov-kvalificzirovannyj-vedushhij","status":"publish","type":"product","link":"https:\/\/academyprivateinvestment.com\/vi\/programs\/genij-finansov-kvalificzirovannyj-vedushhij\/","title":{"rendered":"\u201cThi\u00ean t\u00e0i t\u00e0i ch\u00ednh\u201d, ng\u01b0\u1eddi d\u1eabn ch\u01b0\u01a1ng tr\u00ecnh \u0111\u1ee7 \u0111i\u1ec1u ki\u1ec7n. PREMIUM"},"content":{"rendered":"\r\n<p>D\u00e0nh cho nh\u1eefng ai \u0111ang t\u00ecm ki\u1ebfm c\u01a1 h\u1ed9i ki\u1ebfm th\u00eam ti\u1ec1n v\u00e0 mu\u1ed1n mang ki\u1ebfn \u200b\u200bth\u1ee9c t\u00e0i ch\u00ednh \u0111\u1ebfn v\u1edbi \u0111\u1ea1i ch\u00fang. B\u1ea1n s\u1ebd c\u00f3 quy\u1ec1n truy c\u1eadp v\u00e0o m\u1ed9t kh\u00f3a h\u1ecdc gi\u00fap b\u1ea1n tr\u1edf th\u00e0nh ng\u01b0\u1eddi d\u1eabn ch\u01b0\u01a1ng tr\u00ecnh c\u1ee7a tr\u00f2 ch\u01a1i hu\u1ea5n luy\u1ec7n \u201cThi\u00ean t\u00e0i T\u00e0i ch\u00ednh\u201d. D\u1ef1a tr\u00ean k\u1ebft qu\u1ea3 nh\u1eadn \u0111\u01b0\u1ee3c, b\u1ea1n s\u1ebd kh\u00f4ng ch\u1ec9 nh\u1eadn \u0111\u01b0\u1ee3c ch\u1ee9ng ch\u1ec9 ng\u01b0\u1eddi d\u1eabn ch\u01b0\u01a1ng tr\u00ecnh v\u00e0 c\u01a1 h\u1ed9i \u0111\u00e0o t\u1ea1o nh\u1eefng ng\u01b0\u1eddi kh\u00e1c, m\u00e0 c\u00f2n c\u00f3 nhi\u1ec1u ph\u1ea7n th\u01b0\u1edfng \u0111\u1ed9c quy\u1ec1n!<\/p>\r\n\r\n\r\n\r\n<h2>Trong g\u00f3i bao g\u1ed3m nh\u1eefng g\u00ec:<\/h2>\r\n\r\n\r\n\r\n<ul class=\"quote-list\">\r\n<li>H\u1ed9p c\u00f3 b\u1ed9 tr\u00f2 ch\u01a1i &#8220;Thi\u00ean t\u00e0i t\u00e0i ch\u00ednh&#8221;<\/li>\r\n<li>T\u00fai c\u00f3 logo<\/li>\r\n<li>Kh\u00f3a h\u1ecdc \u0111\u1eb7c bi\u1ec7t &#8220;\u0110\u00e0o t\u1ea1o d\u00e0nh cho ng\u01b0\u1eddi d\u1eabn ch\u01b0\u01a1ng tr\u00ecnh tr\u00f2 ch\u01a1i &#8220;Thi\u00ean t\u00e0i t\u00e0i ch\u00ednh (b\u1ea3n tr\u00f2 ch\u01a1i tr\u00ean b\u00e0n)&#8221;.&#8221;.<\/li>\r\n<li>Gi\u1ea5y ch\u1ee9ng nh\u1eadn ng\u01b0\u1eddi d\u1eabn ch\u01b0\u01a1ng tr\u00ecnh \u0111\u1ee7 \u0111i\u1ec1u ki\u1ec7n tr\u00ecnh \u0111\u1ed9 (\u0111i\u1ec1u ki\u1ec7n: v\u01b0\u1ee3t qua th\u00e0nh c\u00f4ng b\u00e0i thi ki\u1ec3m tra c\u1ea5p ch\u1ee9ng nh\u1eadn)<\/li>\r\n<li>K\u1ebft n\u1ed1i ph\u1ec5u t\u1ef1 \u0111\u1ed9ng (ch\u1ec9 d\u00e0nh cho ng\u01b0\u1eddi d\u1eabn ch\u01b0\u01a1ng tr\u00ecnh \u0111\u1ee7 \u0111i\u1ec1u ki\u1ec7n tr\u00ecnh \u0111\u1ed9)<\/li>\r\n<\/ul>\r\n\r\n\r\n\r\n<p>\u0110\u01b0\u1eddng link \u0111\u1ebfn t\u00e0i li\u1ec7u h\u1ecdc t\u1eadp s\u1ebd \u0111\u01b0\u1ee3c g\u1eedi \u0111\u1ebfn \u0111\u1ecba ch\u1ec9 email \u0111\u01b0\u1ee3c ch\u1ec9 \u0111\u1ecbnh khi \u0111\u0103ng k\u00fd t\u00e0i kho\u1ea3n API c\u1ee7a b\u1ea1n trong v\u00f2ng 1-3 ng\u00e0y l\u00e0m vi\u1ec7c k\u1ec3 t\u1eeb ng\u00e0y thanh to\u00e1n.<\/p>\r\n\r\n\r\n\r\n<p><em>*Gi\u00e1 giao h\u00e0ng \u0111\u00e3 bao g\u1ed3m trong g\u00f3i s\u1ea3n ph\u1ea9m.<\/em><\/p>\r\n\r\n\r\n\r\n<p><strong>QUAN TR\u1eccNG!<\/strong>\u00a0Sau khi thanh to\u00e1n, m\u1ed9t l\u00e1 th\u01b0 c\u00f3 bi\u1ec3u m\u1eabu \u0111\u1ec3 \u0111i\u1ec1n \u0111\u1ecba ch\u1ec9 giao h\u00e0ng s\u1ebd \u0111\u01b0\u1ee3c g\u1eedi \u0111\u1ebfn e-mail v\u00e0 c\u00e1c tin nh\u1eafn c\u00e1 nh\u00e2n trong t\u00e0i kho\u1ea3n c\u00e1 nh\u00e2n API c\u1ee7a b\u1ea1n.<strong>\u00a0H\u00e3y \u0111i\u1ec1n c\u1ea9n th\u1eadn v\u00e0o t\u1eebng \u00f4 c\u1ee7a bi\u1ec3u m\u1eabu\u00a0<\/strong>\u0111\u1ec3 giao h\u00e0ng k\u1ecbp th\u1eddi v\u00e0 th\u00e0nh c\u00f4ng b\u1ea3n tr\u00f2 ch\u01a1i hu\u1ea5n luy\u1ec7n c\u1ee7a b\u1ea1n!<\/p>\r\n","protected":false},"excerpt":{"rendered":"<p><span data-sheets-value=\"{&quot;1&quot;:2,&quot;2&quot;:&quot;M\u1ed9t \u01b0u \u0111\u00e3i tuy\u1ec7t v\u1eddi cho nh\u1eefng ai \u0111ang t\u00ecm ki\u1ebfm c\u01a1 h\u1ed9i ki\u1ebfm th\u00eam ti\u1ec1n v\u00e0 m\u01a1 \u01b0\u1edbc mang ki\u1ebfn \u200b\u200bth\u1ee9c t\u00e0i ch\u00ednh \u0111\u1ebfn v\u1edbi \u0111\u1ea1i ch\u00fang. H\u00e3y tr\u1edf th\u00e0nh ng\u01b0\u1eddi d\u1eabn ch\u01b0\u01a1ng tr\u00ecnh c\u1ee7a kh\u00f3a \u0111\u00e0o t\u1ea1o \\&quot;Thi\u00ean t\u00e0i t\u00e0i ch\u00ednh\\&quot; v\u00e0 l\u00e0 ch\u1ee7 nh\u00e2n c\u1ee7a s\u1ea3n ph\u1ea9m b\u00e1n ch\u1ea1y nh\u1ea5t n\u00e0y - b\u1ed9 tr\u00f2 ch\u01a1i phi\u00ean b\u1ea3n \u0111\u00f3ng h\u1ed9p c\u1ee7a kh\u00f3a \u0111\u00e0o t\u1ea1o.&quot;}\" data-sheets-userformat=\"{&quot;2&quot;:12801,&quot;3&quot;:{&quot;1&quot;:0},&quot;12&quot;:0,&quot;15&quot;:&quot;Arial, sans-serif&quot;,&quot;16&quot;:11}\">M\u1ed9t \u01b0u \u0111\u00e3i tuy\u1ec7t v\u1eddi cho nh\u1eefng ai \u0111ang t\u00ecm ki\u1ebfm c\u01a1 h\u1ed9i ki\u1ebfm th\u00eam ti\u1ec1n v\u00e0 m\u01a1 \u01b0\u1edbc mang ki\u1ebfn \u200b\u200bth\u1ee9c t\u00e0i ch\u00ednh \u0111\u1ebfn v\u1edbi \u0111\u1ea1i ch\u00fang. H\u00e3y tr\u1edf th\u00e0nh ng\u01b0\u1eddi d\u1eabn ch\u01b0\u01a1ng tr\u00ecnh c\u1ee7a kh\u00f3a \u0111\u00e0o t\u1ea1o &#8220;Thi\u00ean t\u00e0i t\u00e0i ch\u00ednh&#8221; v\u00e0 l\u00e0 ch\u1ee7 nh\u00e2n c\u1ee7a s\u1ea3n ph\u1ea9m b\u00e1n ch\u1ea1y nh\u1ea5t n\u00e0y &#8211; b\u1ed9 tr\u00f2 ch\u01a1i phi\u00ean b\u1ea3n \u0111\u00f3ng h\u1ed9p c\u1ee7a kh\u00f3a \u0111\u00e0o t\u1ea1o.<\/span><\/p>\n","protected":false},"featured_media":10727,"comment_status":"closed","ping_status":"closed","template":"","meta":{"inline_featured_image":false,"spay_email":""},"product_cat":[413,424],"product_tag":[],"acf":{"global_goods_id":1251},"_links":{"self":[{"href":"https:\/\/academyprivateinvestment.com\/vi\/wp-json\/wp\/v2\/product\/107388"}],"collection":[{"href":"https:\/\/academyprivateinvestment.com\/vi\/wp-json\/wp\/v2\/product"}],"about":[{"href":"https:\/\/academyprivateinvestment.com\/vi\/wp-json\/wp\/v2\/types\/product"}],"replies":[{"embeddable":true,"href":"https:\/\/academyprivateinvestment.com\/vi\/wp-json\/wp\/v2\/comments?post=107388"}],"wp:featuredmedia":[{"embeddable":true,"href":"https:\/\/academyprivateinvestment.com\/vi\/wp-json\/wp\/v2\/media\/10727"}],"wp:attachment":[{"href":"https:\/\/academyprivateinvestment.com\/vi\/wp-json\/wp\/v2\/media?parent=107388"}],"wp:term":[{"taxonomy":"product_cat","embeddable":true,"href":"https:\/\/academyprivateinvestment.com\/vi\/wp-json\/wp\/v2\/product_cat?post=107388"},{"taxonomy":"product_tag","embeddable":true,"href":"https:\/\/academyprivateinvestment.com\/vi\/wp-json\/wp\/v2\/product_tag?post=107388"}],"curies":[{"name":"wp","href":"https:\/\/api.w.org\/{rel}","templated":true}]}}