{"id":107424,"date":"2021-11-22T11:45:10","date_gmt":"2021-11-22T08:45:10","guid":{"rendered":"https:\/\/academyprivateinvestment.com\/program\/tro-choi-dao-tao-thien-tai-tai-chinh\/"},"modified":"2022-10-05T12:52:37","modified_gmt":"2022-10-05T09:52:37","slug":"gen-fin","status":"publish","type":"product","link":"https:\/\/academyprivateinvestment.com\/vi\/programs\/gen-fin\/","title":{"rendered":"Tr\u00f2 ch\u01a1i \u0111\u00e0o t\u1ea1o &#8220;Thi\u00ean t\u00e0i T\u00e0i ch\u00ednh&#8221;."},"content":{"rendered":"\r\n<p>\u01afu \u0111\u00e3i tuy\u1ec7t v\u1eddi ch\u1ec9 d\u00e0nh ri\u00eang cho c\u00e1c th\u00e0nh vi\u00ean C\u00e2u l\u1ea1c b\u1ed9 Nh\u00e0 \u0111\u1ea7u t\u01b0 T\u01b0 nh\u00e2n<\/p>\r\n\r\n\r\n\r\n<h2>Trong g\u00f3i bao g\u1ed3m nh\u1eefng g\u00ec:<\/h2>\r\n\r\n\r\n\r\n<ol class=\"big\">\r\n<li>H\u1ed9p tr\u00f2 ch\u01a1i &#8220;Thi\u00ean t\u00e0i t\u00e0i ch\u00ednh&#8221;<\/li>\r\n<li>T\u00fai c\u00f3 logo<\/li>\r\n<\/ol>\r\n\r\n\r\n\r\n<p>*Chi ph\u00ed v\u1eadn chuy\u1ec3n \u0111\u00e3 bao g\u1ed3m trong gi\u00e1 s\u1ea3n ph\u1ea9m.<\/p>\r\n\r\n\r\n\r\n<p><strong>QUAN TR\u1eccNG!<\/strong>\u00a0Sau khi thanh to\u00e1n, m\u1ed9t l\u00e1 th\u01b0 c\u00f3 bi\u1ec3u m\u1eabu \u0111\u1ec3 \u0111i\u1ec1n th\u00f4ng tin giao h\u00e0ng s\u1ebd \u0111\u01b0\u1ee3c g\u1eedi \u0111\u1ebfn e-mail v\u00e0 th\u01b0 c\u00e1 nh\u00e2n trong t\u00e0i kho\u1ea3n c\u00e1 nh\u00e2n API c\u1ee7a b\u1ea1n.\u00a0<strong>H\u00e3y \u0111i\u1ec1n c\u1ea9n th\u1eadn v\u00e0o t\u1eebng \u00f4 c\u1ee7a bi\u1ec3u m\u1eabu<\/strong> \u0111\u1ec3 g\u1eedi b\u1ea3n \u0111\u00e0o t\u1ea1o c\u1ee7a b\u1ea1n th\u00e0nh c\u00f4ng v\u00e0 k\u1ecbp th\u1eddi!<\/p>\r\n","protected":false},"excerpt":{"rendered":"<p><span data-sheets-value=\"{&quot;1&quot;:2,&quot;2&quot;:&quot;Phi\u00ean b\u1ea3n c\u1eadp nh\u1eadt tr\u00f2 ch\u01a1i tr\u00ean b\u00e0n c\u1ee7a kh\u00f3a \u0111\u00e0o t\u1ea1o s\u1ebd cho ph\u00e9p b\u1ea1n thay \u0111\u1ed5i th\u00e1i \u0111\u1ed9 \u0111\u1ed1i v\u1edbi t\u00e0i ch\u00ednh ngay t\u1eeb nh\u1eefng ph\u00fat \u0111\u1ea7u ti\u00ean c\u1ee7a tr\u00f2 ch\u01a1i, ki\u1ec3m tra k\u1ef9 n\u0103ng v\u00e0 ki\u1ebfn \u200b\u200bth\u1ee9c c\u1ee7a b\u1ea1n m\u00e0 kh\u00f4ng g\u1eb7p b\u1ea5t k\u1ef3 r\u1ee7i ro n\u00e0o v\u00e0 b\u1eaft \u0111\u1ea7u t\u1ea1o ra c\u00e1c \u00fd t\u01b0\u1edfng \u0111\u1ec3 t\u1ea1o v\u1ed1n v\u00e0 t\u0103ng thu nh\u1eadp c\u1ee7a b\u1ea1n.&quot;}\" data-sheets-userformat=\"{&quot;2&quot;:12801,&quot;3&quot;:{&quot;1&quot;:0},&quot;12&quot;:0,&quot;15&quot;:&quot;Arial, sans-serif&quot;,&quot;16&quot;:11}\">Phi\u00ean b\u1ea3n c\u1eadp nh\u1eadt tr\u00f2 ch\u01a1i tr\u00ean b\u00e0n c\u1ee7a kh\u00f3a \u0111\u00e0o t\u1ea1o s\u1ebd cho ph\u00e9p b\u1ea1n thay \u0111\u1ed5i th\u00e1i \u0111\u1ed9 \u0111\u1ed1i v\u1edbi t\u00e0i ch\u00ednh ngay t\u1eeb nh\u1eefng ph\u00fat \u0111\u1ea7u ti\u00ean c\u1ee7a tr\u00f2 ch\u01a1i, ki\u1ec3m tra k\u1ef9 n\u0103ng v\u00e0 ki\u1ebfn \u200b\u200bth\u1ee9c c\u1ee7a b\u1ea1n m\u00e0 kh\u00f4ng g\u1eb7p b\u1ea5t k\u1ef3 r\u1ee7i ro n\u00e0o v\u00e0 b\u1eaft \u0111\u1ea7u t\u1ea1o ra c\u00e1c \u00fd t\u01b0\u1edfng \u0111\u1ec3 t\u1ea1o v\u1ed1n v\u00e0 t\u0103ng thu nh\u1eadp c\u1ee7a b\u1ea1n.<\/span><\/p>\n","protected":false},"featured_media":95978,"comment_status":"closed","ping_status":"closed","template":"","meta":{"inline_featured_image":false,"spay_email":""},"product_cat":[424],"product_tag":[],"acf":{"global_goods_id":""},"_links":{"self":[{"href":"https:\/\/academyprivateinvestment.com\/vi\/wp-json\/wp\/v2\/product\/107424"}],"collection":[{"href":"https:\/\/academyprivateinvestment.com\/vi\/wp-json\/wp\/v2\/product"}],"about":[{"href":"https:\/\/academyprivateinvestment.com\/vi\/wp-json\/wp\/v2\/types\/product"}],"replies":[{"embeddable":true,"href":"https:\/\/academyprivateinvestment.com\/vi\/wp-json\/wp\/v2\/comments?post=107424"}],"wp:featuredmedia":[{"embeddable":true,"href":"https:\/\/academyprivateinvestment.com\/vi\/wp-json\/wp\/v2\/media\/95978"}],"wp:attachment":[{"href":"https:\/\/academyprivateinvestment.com\/vi\/wp-json\/wp\/v2\/media?parent=107424"}],"wp:term":[{"taxonomy":"product_cat","embeddable":true,"href":"https:\/\/academyprivateinvestment.com\/vi\/wp-json\/wp\/v2\/product_cat?post=107424"},{"taxonomy":"product_tag","embeddable":true,"href":"https:\/\/academyprivateinvestment.com\/vi\/wp-json\/wp\/v2\/product_tag?post=107424"}],"curies":[{"name":"wp","href":"https:\/\/api.w.org\/{rel}","templated":true}]}}