{"id":107986,"date":"2021-12-06T16:20:03","date_gmt":"2021-12-06T13:20:03","guid":{"rendered":"https:\/\/academyprivateinvestment.com\/?post_type=product&#038;p=107986"},"modified":"2021-12-16T13:05:37","modified_gmt":"2021-12-16T10:05:37","slug":"8-rules","status":"publish","type":"product","link":"https:\/\/academyprivateinvestment.com\/vi\/programs\/8-rules\/","title":{"rendered":"8 quy t\u1eafc c\u1ee7a nh\u00e0 \u0111\u1ea7u t\u01b0 t\u01b0 nh\u00e2n"},"content":{"rendered":"<div class=\"reg_form_btn-tovar btn-tovar-top\">\n<div class=\"button\"><a class=\"button\" href=\"\/ru?page_id=135692\">\u0110\u0103ng k\u00fd<\/a><\/div>\n<\/div>\n<p><strong>8 quy t\u1eafc c\u1ee7a m\u1ed9t nh\u00e0 \u0111\u1ea7u t\u01b0 t\u01b0 nh\u00e2n<\/strong> &#8211; m\u1ed9t kh\u00f3a h\u1ecdc \u0111\u1ed9c quy\u1ec1n v\u1ec1 th\u00e0nh c\u00f4ng t\u00e0i ch\u00ednh t\u1eeb t\u00e1c gi\u1ea3, nh\u00e0 s\u00e1ng l\u1eadp v\u00e0 Gi\u00e1m \u0111\u1ed1c \u0111i\u1ec1u h\u00e0nh c\u1ee7a H\u1ecdc vi\u1ec7n Nh\u00e0 \u0111\u1ea7u t\u01b0 t\u01b0 nh\u00e2n, m\u1ed9t nh\u00e0 \u0111\u1ea7u t\u01b0 chuy\u00ean nghi\u1ec7p \u0111a ng\u00e0nh v\u00e0 nh\u00e0 t\u01b0 v\u1ea5n v\u1ec1 b\u1ea3o v\u1ec7, nh\u00e2n v\u1ed1n v\u00e0 qu\u1ea3n l\u00fd v\u1ed1n t\u01b0 nh\u00e2n, <strong>Andrey Khovratov<\/strong>.<\/p>\n<p>N\u1ebfu b\u1ea1n mu\u1ed1n tr\u1edf th\u00e0nh m\u1ed9t ng\u01b0\u1eddi gi\u00e0u c\u00f3 v\u00e0 th\u1ecbnh v\u01b0\u1ee3ng, h\u00e3y h\u1ecdc v\u00e0 th\u1ef1c h\u00e0nh 8 quy t\u1eafc c\u1ee7a m\u1ed9t nh\u00e0 \u0111\u1ea7u t\u01b0 t\u01b0 nh\u00e2n m\u1ed7i ng\u00e0y.<\/p>\n<p style=\"text-align: center;\"><strong>SAU KHI H\u1eccC KH\u00d3A H\u1eccC <\/strong><strong>B\u1ea0N S\u1ebc C\u00d3 TH\u1ec2:<\/strong><\/p>\n<ul>\n<li><strong>x\u00e2y d\u1ef1ng<\/strong> m\u1ed9t chi\u1ebfn l\u01b0\u1ee3c \u0111\u1ec3 \u0111\u1ea1t \u0111\u01b0\u1ee3c s\u1ef1 \u0111\u1ed9c l\u1eadp v\u1ec1 t\u00e0i ch\u00ednh<\/li>\n<li><strong>ki\u1ec3m so\u00e1t<\/strong> thu nh\u1eadp v\u00e0 chi ph\u00ed c\u1ee7a b\u1ea1n<\/li>\n<li><strong>bi\u1ebft nh\u1eefng b\u00ed m\u1eadt l\u1edbn<\/strong> c\u1ee7a nh\u1eefng ng\u01b0\u1eddi gi\u00e0u c\u00f3 tr\u00ean th\u1ebf gi\u1edbi<\/li>\n<li><strong>h\u1ecdc<\/strong> \u0111\u01b0\u1ee3c t\u01b0 duy c\u1ee7a m\u1ed9t ng\u01b0\u1eddi gi\u00e0u<\/li>\n<li><strong>t\u1ea1o ra<\/strong> ngu\u1ed3n thu nh\u1eadp kh\u00f4ng ng\u1eebng t\u0103ng l\u00ean<\/li>\n<li><strong>s\u1eed d\u1ee5ng<\/strong> 10% n\u1ed7 l\u1ef1c \u0111\u1ec3 \u0111\u1ea1t \u0111\u01b0\u1ee3c 100% l\u1ee3i nhu\u1eadn<\/li>\n<li><strong>c\u1ea3m th\u1ea5y<\/strong> \u0111\u1ed9c l\u1eadp v\u1ec1 t\u00e0i ch\u00ednh 24 gi\u1edd m\u1ed9t ng\u00e0y<\/li>\n<\/ul>\n<p>H\u1ea7u h\u1ebft c\u00e1c tri\u1ec7u ph\u00fa ng\u00e0y nay s\u1ebd s\u1eb5n s\u00e0ng tr\u1ea3 nhi\u1ec1u ti\u1ec1n \u0111\u1ec3 tr\u00e1nh m\u1eafc nh\u1eefng sai l\u1ea7m v\u00e0 s\u1edbm bi\u1ebft \u0111\u01b0\u1ee3c ngay khi b\u1eaft \u0111\u1ea7u h\u00e0nh tr\u00ecnh c\u1ee7a h\u1ecd nh\u1eefng \u0111i\u1ec1u b\u1ea1n s\u1ebd nh\u1eadn \u0111\u01b0\u1ee3c trong 8 b\u00e0i h\u1ecdc ng\u1eafn g\u1ecdn nh\u01b0ng c\u1ef1c k\u1ef3 quan tr\u1ecdng n\u00e0y.<\/p>\n<p style=\"text-align: center;\"><strong>\u0110\u0103ng k\u00fd ngay b\u00e2y gi\u1edd v\u00e0 c\u00f3 quy\u1ec1n truy c\u1eadp v\u00e0o kh\u00f3a h\u1ecdc m\u00e0 kh\u00f4ng ph\u1ea3i tr\u1ea3 ti\u1ec1n!<\/strong><\/p>\n<div class=\"reg_form_btn-tovar btn-tovar-bottom\">\n<div class=\"button\"><a class=\"button\" href=\"\/ru?page_id=135692\">\u0110\u0103ng k\u00fd<\/a><\/div>\n<\/div>\n","protected":false},"excerpt":{"rendered":"<p>N\u1ebfu b\u1ea1n mu\u1ed1n tr\u1edf th\u00e0nh m\u1ed9t ng\u01b0\u1eddi gi\u00e0u c\u00f3 v\u00e0 th\u1ecbnh v\u01b0\u1ee3ng, h\u00e3y h\u1ecdc v\u00e0 th\u1ef1c h\u00e0nh 8 quy t\u1eafc c\u1ee7a m\u1ed9t nh\u00e0 \u0111\u1ea7u t\u01b0 t\u01b0 nh\u00e2n m\u1ed7i ng\u00e0y. H\u1ea7u h\u1ebft c\u00e1c tri\u1ec7u ph\u00fa ng\u00e0y nay s\u1ebd s\u1eb5n s\u00e0ng tr\u1ea3 nhi\u1ec1u ti\u1ec1n \u0111\u1ec3 tr\u00e1nh m\u1eafc nh\u1eefng sai l\u1ea7m v\u00e0 s\u1edbm bi\u1ebft \u0111\u01b0\u1ee3c ngay khi b\u1eaft \u0111\u1ea7u h\u00e0nh tr\u00ecnh c\u1ee7a h\u1ecd nh\u1eefng \u0111i\u1ec1u b\u1ea1n s\u1ebd nh\u1eadn \u0111\u01b0\u1ee3c trong 8 b\u00e0i h\u1ecdc ng\u1eafn g\u1ecdn nh\u01b0ng c\u1ef1c k\u1ef3 quan tr\u1ecdng n\u00e0y.<\/p>\n","protected":false},"featured_media":108448,"comment_status":"closed","ping_status":"closed","template":"","meta":{"inline_featured_image":false,"spay_email":""},"product_cat":[426],"product_tag":[],"acf":{"global_goods_id":""},"_links":{"self":[{"href":"https:\/\/academyprivateinvestment.com\/vi\/wp-json\/wp\/v2\/product\/107986"}],"collection":[{"href":"https:\/\/academyprivateinvestment.com\/vi\/wp-json\/wp\/v2\/product"}],"about":[{"href":"https:\/\/academyprivateinvestment.com\/vi\/wp-json\/wp\/v2\/types\/product"}],"replies":[{"embeddable":true,"href":"https:\/\/academyprivateinvestment.com\/vi\/wp-json\/wp\/v2\/comments?post=107986"}],"wp:featuredmedia":[{"embeddable":true,"href":"https:\/\/academyprivateinvestment.com\/vi\/wp-json\/wp\/v2\/media\/108448"}],"wp:attachment":[{"href":"https:\/\/academyprivateinvestment.com\/vi\/wp-json\/wp\/v2\/media?parent=107986"}],"wp:term":[{"taxonomy":"product_cat","embeddable":true,"href":"https:\/\/academyprivateinvestment.com\/vi\/wp-json\/wp\/v2\/product_cat?post=107986"},{"taxonomy":"product_tag","embeddable":true,"href":"https:\/\/academyprivateinvestment.com\/vi\/wp-json\/wp\/v2\/product_tag?post=107986"}],"curies":[{"name":"wp","href":"https:\/\/api.w.org\/{rel}","templated":true}]}}