{"id":174532,"date":"2021-11-26T15:53:04","date_gmt":"2021-11-26T12:53:04","guid":{"rendered":"https:\/\/academyprivateinvestment.com\/programs\/profi-investor-3-cat-2\/"},"modified":"2022-10-07T20:30:20","modified_gmt":"2022-10-07T17:30:20","slug":"profi-investor-3-cat","status":"publish","type":"product","link":"https:\/\/academyprivateinvestment.com\/vi\/programs\/profi-investor-3-cat\/","title":{"rendered":"Nh\u00e0 \u0111\u1ea7u t\u01b0 profi h\u1ea1ng 3 (kh\u00f3a h\u1ecdc video)"},"content":{"rendered":"<p style=\"text-align: center;\"><strong>Ch\u01b0\u01a1ng tr\u00ecnh c\u01a1 b\u1ea3n \u201cNh\u00e0 \u0111\u1ea7u t\u01b0 \u2013 Profi h\u1ea1ng 3\u201d \u0111\u01b0\u1ee3c t\u1ea1o ra d\u00e0nh cho nh\u1eefng ai:<\/strong><\/p>\n<ul>\n<li>C\u00f3 khao kh\u00e1t h\u1ecdc c\u00e1ch \u0111\u1ea7u t\u01b0, nh\u01b0ng ch\u01b0a bi\u1ebft g\u00ec v\u1ec1 \u0111\u1ea7u t\u01b0.<\/li>\n<li>\u0110\u00e3 c\u00f3 kinh nghi\u1ec7m \u0111\u1ea7u t\u01b0 ti\u00eau c\u1ef1c nhi\u1ec1u h\u01a1n t\u00edch c\u1ef1c, nh\u01b0ng c\u0169ng mong mu\u1ed1n t\u00ecm hi\u1ec3u khoa h\u1ecdc v\u1ec1 \u0111\u1ea7u t\u01b0 \u0111\u1ec3 b\u1ea3o to\u00e0n v\u00e0 l\u00e0m cho s\u1ed1 ti\u1ec1n ti\u1ebft ki\u1ec7m c\u1ee7a m\u00ecnh nh\u00e2n l\u00ean g\u1ea5p b\u1ed9i.<\/li>\n<li>\u0110\u00e3 t\u1eebng b\u1ecb m\u1ea5t ti\u1ec1n t\u1eeb c\u00e1c c\u00f4ng ty v\u00f4 \u0111\u1ea1o \u0111\u1ee9c ho\u1eb7c c\u00e1c kim t\u1ef1 th\u00e1p t\u00e0i ch\u00ednh v\u00e0 mu\u1ed1n h\u1ecdc c\u00e1ch b\u1ea3o v\u1ec7 kho\u1ea3n ti\u1ebft ki\u1ec7m c\u1ee7a m\u00ecnh m\u1ed9t c\u00e1ch \u0111\u00fang \u0111\u1eafn.<\/li>\n<li>C\u00f3 c\u00e1c kho\u1ea3n n\u1ee3 v\u00e0 mu\u1ed1n thanh to\u00e1n ch\u00fang nhanh h\u01a1n, c\u0169ng nh\u01b0 t\u1ea1o ra m\u1ed9t ngu\u1ed3n thu nh\u1eadp kh\u00e1c trong ho\u1ea1t \u0111\u1ed9ng kinh doanh \u0111\u1ea7u t\u01b0.<\/li>\n<li>Mu\u1ed1n h\u1ecdc c\u00e1ch t\u1ea1o ra thu nh\u1eadp t\u1eeb c\u00e1c kho\u1ea3n \u0111\u1ea7u t\u01b0 c\u1ee7a m\u00ecnh t\u1eeb 15% \u0111\u1ebfn 35% m\u1ed7i n\u0103m v\u1edbi s\u1ef1 \u0111\u1ea3m b\u1ea3o an to\u00e0n cho c\u00e1c kho\u1ea3n \u0111\u1ea7u t\u01b0 c\u1ee7a m\u00ecnh.<\/li>\n<li>Mu\u1ed1n hi\u1ec3u v\u00e0 nh\u1eadn th\u1ee9c \u0111\u01b0\u1ee3c th\u1ebf n\u00e0o l\u00e0 t\u1ea1o ra 300% -1000% thu nh\u1eadp t\u1eeb c\u00e1c kho\u1ea3n \u0111\u1ea7u t\u01b0 c\u1ee7a m\u00ecnh.<\/li>\n<li>Mu\u1ed1n t\u1ea1o v\u1ed1n t\u1eeb 1 000 000 $ tr\u1edf l\u00ean trong th\u1eddi gian 5-10 n\u0103m v\u1edbi r\u1ee7i ro th\u1ea5p nh\u1ea5t v\u00e0 t\u00ednh an to\u00e0n cao.<\/li>\n<li>Mu\u1ed1n h\u1ecdc c\u00e1ch ph\u00e2n bi\u1ec7t c\u00e1c k\u1ebf ho\u1ea1ch kim t\u1ef1 th\u00e1p v\u00e0 c\u00e1c c\u00f4ng ty ho\u1ea1t \u0111\u1ed9ng k\u00e9m hi\u1ec7u qu\u1ea3 v\u1edbi nh\u1eefng l\u1eddi \u0111\u1ec1 ngh\u1ecb th\u1ef1c s\u1ef1 \u0111\u00e1ng gi\u00e1 v\u00e0 kh\u00f4ng g\u1eb7p r\u1eafc r\u1ed1i v\u1edbi vi\u1ec7c b\u1ecb m\u1ea5t c\u00e1c kho\u1ea3n ti\u1ec1n ti\u1ebft ki\u1ec7m.<\/li>\n<\/ul>\n<p style=\"text-align: center;\"><strong>Ch\u01b0\u01a1ng tr\u00ecnh c\u01a1 b\u1ea3n bao g\u1ed3m:<\/strong><\/p>\n<ul>\n<li>Kh\u00f3a h\u1ecdc &#8220;Nh\u1eefng ki\u1ebfn th\u1ee9c n\u1ec1n t\u1ea3ng v\u1ec1 \u0111\u1ea7u t\u01b0&#8221;.<\/li>\n<li>Kh\u00f3a h\u1ecdc &#8220;Nh\u1eefng b\u01b0\u1edbc \u0111\u1ea7u ti\u00ean trong \u0111\u1ea7u t\u01b0 t\u01b0 nh\u00e2n&#8221;.<\/li>\n<li>Thi ki\u1ec3m tra nh\u1eadn ch\u1ee9ng ch\u1ec9 &#8220;Nh\u00e0 \u0111\u1ea7u t\u01b0 -Profi h\u1ea1ng 3&#8221;.<\/li>\n<\/ul>\n<p style=\"text-align: center;\"><strong>Ch\u00fang ta s\u1ebd nghi\u00ean c\u1ee9u v\u00e0 ph\u00e2n t\u00edch c\u1ee5 th\u1ec3 nh\u1eefng ch\u1ee7 \u0111\u1ec1 n\u00e0o:<\/strong><\/p>\n<div class=\"accordion\">\n<div class=\"accordion-control\"><strong>+ Kh\u00f3a h\u1ecdc \u201cNh\u1eefng ki\u1ebfn th\u1ee9c n\u1ec1n t\u1ea3ng v\u1ec1 \u0111\u1ea7u t\u01b0\u201d<\/strong><\/div>\n<div class=\"accordion-content\">\n<ul>\n<li>C\u00e1c kh\u00e1i ni\u1ec7m c\u01a1 b\u1ea3n trong \u0111\u1ea7u t\u01b0. \u0110\u1ed9c l\u1eadp v\u00e0 t\u1ef1 do t\u00e0i ch\u00ednh d\u1ef1a tr\u00ean c\u01a1 s\u1edf n\u00e0o.<\/li>\n<li>5 \u0111i\u1ec1u r\u0103n c\u01a1 b\u1ea3n c\u1ee7a m\u1ed9t nh\u00e0 \u0111\u1ea7u t\u01b0 t\u01b0 nh\u00e2n.<\/li>\n<li>C\u00e1c k\u1ebf ho\u1ea1ch t\u00e0i ch\u00ednh t\u1ed1i \u01b0u.<\/li>\n<li>Nh\u1eefng ki\u1ebfn th\u1ee9c n\u1ec1n t\u1ea3ng v\u1ec1 \u0111a d\u1ea1ng h\u00f3a.<\/li>\n<li>K\u1ef7 lu\u1eadt v\u00e0 qu\u1ea3n l\u00fd r\u1ee7i ro trong \u0111\u1ea7u t\u01b0.<\/li>\n<li>L\u00e0m th\u1ebf n\u00e0o \u0111\u1ec3 ki\u1ec3m so\u00e1t l\u00f2ng tham v\u00e0 tr\u00e1nh s\u1ef1 l\u01b0\u1eddi bi\u1ebfng.<\/li>\n<li>Kho\u1ea3n \u0111\u1ea7u t\u01b0 c\u00f3 l\u1ee3i nhu\u1eadn v\u00e0 \u0111\u00e1ng tin c\u1eady nh\u1ea5t tr\u00ean th\u1ebf gi\u1edbi t\u1ea1i m\u1ecdi th\u1eddi \u0111i\u1ec3m.<\/li>\n<li>Vi\u1ec7c l\u00e0m cho c\u00e1c kho\u1ea3n v\u1ed1n nh\u00e2n l\u00ean d\u1eabn \u0111\u1ebfn S\u1ef1 gi\u00e0u c\u00f3 tuy\u1ec7t \u0111\u1ed1i nh\u01b0 th\u1ebf n\u00e0o.<\/li>\n<li>C\u00e1c quy t\u1eafc t\u1ea1o qu\u1ef9 d\u1ef1 ph\u00f2ng.<\/li>\n<li>Nh\u1eefng ki\u1ebfn th\u1ee9c n\u1ec1n t\u1ea3ng v\u1ec1 ph\u00e1t tri\u1ec3n t\u00e0i ch\u00ednh v\u00e0 \u0111\u1ea7u t\u01b0 c\u00e1 nh\u00e2n.<\/li>\n<li>L\u00e0m th\u1ebf n\u00e0o \u0111\u1ec3 1 \u0111\u00f4 la ph\u00e1t tri\u1ec3n th\u00e0nh 1 tri\u1ec7u \u0111\u00f4 la v\u00e0 trong bao l\u00e2u.<\/li>\n<li>L\u00e0m th\u1ebf n\u00e0o \u0111\u1ec3 h\u1ecdc c\u00e1ch t\u1ea1o ra thu nh\u1eadp \u0111\u1ea7u t\u01b0 300-100% m\u1ed7i n\u0103m.<\/li>\n<li>Th\u1ef1c h\u00e0nh.<\/li>\n<\/ul>\n<\/div>\n<\/div>\n<div class=\"accordion\">\n<div class=\"accordion-control\"><strong>+ Kh\u00f3a h\u1ecdc \u201cNh\u1eefng b\u01b0\u1edbc \u0111\u1ea7u ti\u00ean trong \u0111\u1ea7u t\u01b0 t\u01b0 nh\u00e2n\u201d<\/strong><\/div>\n<div class=\"accordion-content\">\n<ul>\n<li>T\u00e0i s\u1ea3n v\u00e0 n\u1ee3 ph\u1ea3i tr\u1ea3 Qu\u1ea3n l\u00fd t\u00e0i s\u1ea3n v\u00e0 gi\u1ea3m n\u1ee3 ph\u1ea3i tr\u1ea3.<\/li>\n<li>T\u1ea1i sao m\u1ecdi ng\u01b0\u1eddi m\u1ea5t ti\u1ec1n trong \u0111\u1ea7u t\u01b0.<\/li>\n<li>C\u00e1c c\u1ea5p \u0111\u1ed9 c\u1ee7a nh\u00e0 \u0111\u1ea7u t\u01b0 v\u00e0 l\u00fd do v\u00ec sao b\u1ea1n c\u1ea7n hi\u1ec3u ch\u00fang.<\/li>\n<li>C\u00e1c chi\u1ebfn l\u01b0\u1ee3c \u0111\u1ea7u t\u01b0.<\/li>\n<li>Hi\u1ec3u bi\u1ebft v\u1ec1 c\u00e1c kho\u1ea3n \u0111\u1ea7u t\u01b0 sinh l\u1eddi cao v\u00e0 h\u1ecdc c\u00e1ch qu\u1ea3n l\u00fd r\u1ee7i ro nh\u01b0 th\u1ebf n\u00e0o.<\/li>\n<li>C\u00e1c ch\u01b0\u01a1ng tr\u00ecnh h\u01b0u tr\u00ed, c\u00e1c k\u1ebf ho\u1ea1ch h\u01b0u tr\u00ed thay th\u1ebf.<\/li>\n<li>\u0110a d\u1ea1ng h\u00f3a v\u00e0 chi\u1ebfn l\u01b0\u1ee3c ph\u00f2ng ng\u1eeba r\u1ee7i ro.<\/li>\n<li>L\u1eadp b\u1ea3ng c\u00e2n \u0111\u1ed1i k\u1ebf to\u00e1n c\u00e1 nh\u00e2n.<\/li>\n<li>Chi\u1ebfn l\u01b0\u1ee3c \u0111\u1ea7u t\u01b0 l\u00e0 g\u00ec v\u00e0 c\u00e1ch l\u1ef1a ch\u1ecdn chi\u1ebfn l\u01b0\u1ee3c \u0111\u1ea7u t\u01b0.<\/li>\n<li>L\u1ef1a ch\u1ecdn l\u0129nh v\u1ef1c \u0111\u1ea7u t\u01b0.<\/li>\n<li>L\u1ef1a ch\u1ecdn c\u00e1c c\u00f4ng c\u1ee5 \u0111\u1ea7u t\u01b0 \u0111\u1ec3 t\u1ea1o danh m\u1ee5c \u0111\u1ea7u t\u01b0 c\u1ee7a ri\u00eang b\u1ea1n.<\/li>\n<li>Ph\u01b0\u01a1ng ph\u00e1p ki\u1ec3m so\u00e1t r\u1ee7i ro -l\u1ee3i nhu\u1eadn.<\/li>\n<li>C\u00e1c nguy\u00ean t\u1eafc c\u01a1 b\u1ea3n c\u1ee7a vi\u1ec7c l\u1eadp danh m\u1ee5c \u0111\u1ea7u t\u01b0.<\/li>\n<li>C\u00e1c lo\u1ea1i danh m\u1ee5c \u0111\u1ea7u t\u01b0.<\/li>\n<li>C\u00e2n b\u1eb1ng danh m\u1ee5c \u0111\u1ea7u t\u01b0.<\/li>\n<li>Th\u1ef1c h\u00e0nh l\u1eadp k\u1ebf ho\u1ea1ch t\u00e0i ch\u00ednh v\u00e0 danh m\u1ee5c \u0111\u1ea7u t\u01b0.<\/li>\n<li>C\u00e1ch t\u1ea1o v\u1ed1n t\u1eeb 1 tri\u1ec7u USD tr\u1edf l\u00ean.<\/li>\n<\/ul>\n<\/div>\n<\/div>\n<p>&nbsp;<\/p>\n<ul>\n<li><strong>Th\u1eddi gian h\u1ecdc v\u00e0 tr\u1ea3 l\u1eddi c\u00e2u h\u1ecfi ki\u1ec3m tra:<\/strong>\u00a050-60 gi\u1edd<\/li>\n<\/ul>\n<p><strong>\u0110\u1ecbnh d\u1ea1ng:<\/strong>\u00a0t\u1ef1 nghi\u00ean c\u1ee9u t\u00e0i li\u1ec7u d\u01b0\u1edbi d\u1ea1ng video \u1edf ch\u1ebf \u0111\u1ed9 thu\u1eadn ti\u1ec7n cho b\u1ea1n, 1 bu\u1ed5i c\u1ed1 v\u1ea5n, quy\u1ec1n truy c\u1eadp v\u00e0o t\u00e0i li\u1ec7u d\u01b0\u1edbi d\u1ea1ng video c\u1ee7a ch\u01b0\u01a1ng tr\u00ecnh trong th\u1eddi gian 1 n\u0103m k\u1ec3 t\u1eeb ng\u00e0y thanh to\u00e1n.<\/p>\n<p dir=\"ltr\" style=\"text-align: center;\"><strong>Bi\u1ec3u \u0111\u1ed3 thay \u0111\u1ed5i gi\u00e1:<\/strong><\/p>\n<table>\n<tbody>\n<tr>\n<td>\n<p dir=\"ltr\" style=\"text-align: center;\"><strong>GIAI \u0110O\u1ea0N<br \/>\n<\/strong><\/p>\n<\/td>\n<td style=\"text-align: center;\">\n<p dir=\"ltr\"><strong>M\u1ee8C PH\u00cd<br \/>\n<\/strong><\/p>\n<\/td>\n<\/tr>\n<tr>\n<td style=\"text-align: center;\">\n<p dir=\"ltr\">t\u1eeb 1.12.2021 \u0111\u1ebfn 1.01.2022<\/p>\n<\/td>\n<td style=\"text-align: center;\">\n<p dir=\"ltr\">150 $<\/p>\n<\/td>\n<\/tr>\n<tr>\n<td style=\"text-align: center;\">\n<p dir=\"ltr\">t\u1eeb 1.01.2022 \u0111\u1ebfn 1.03.2022<\/p>\n<\/td>\n<td style=\"text-align: center;\">\n<p dir=\"ltr\">170 $<\/p>\n<\/td>\n<\/tr>\n<tr>\n<td style=\"text-align: center;\">\n<p dir=\"ltr\">t\u1eeb 1.03.2022 \u0111\u1ebfn 1.04.2022<\/p>\n<\/td>\n<td>\n<p dir=\"ltr\" style=\"text-align: center;\">200 $<\/p>\n<\/td>\n<\/tr>\n<\/tbody>\n<\/table>\n<p>Trong v\u00f2ng 1-3 ng\u00e0y l\u00e0m vi\u1ec7c k\u1ec3 t\u1eeb ng\u00e0y thanh to\u00e1n, m\u1ed9t l\u00e1 th\u01b0 v\u1edbi c\u00e1c h\u01b0\u1edbng d\u1eabn ti\u1ebfp theo s\u1ebd \u0111\u01b0\u1ee3c g\u1eedi \u0111\u1ebfn e-mail c\u1ee7a b\u1ea1n.<\/p>\n<ul>\n<li style=\"text-align: justify;\">Ng\u01b0\u1eddi g\u1eedi: H\u1ecdc vi\u1ec7n Nh\u00e0 \u0111\u1ea7u t\u01b0 t\u01b0 nh\u00e2n<\/li>\n<\/ul>\n","protected":false},"excerpt":{"rendered":"<p><span data-sheets-value=\"{&quot;1&quot;:2,&quot;2&quot;:&quot;A basic program for those who want to learn the science of investing and learn how to create additional sources of income with the least amount of risk and high security.&quot;}\" data-sheets-userformat=\"{&quot;2&quot;:12801,&quot;3&quot;:{&quot;1&quot;:0},&quot;12&quot;:0,&quot;15&quot;:&quot;Arial, sans-serif&quot;,&quot;16&quot;:11}\">Ch\u01b0\u01a1ng tr\u00ecnh c\u01a1 b\u1ea3n d\u00e0nh cho nh\u1eefng ai mu\u1ed1n t\u00ecm hi\u1ec3u khoa h\u1ecdc v\u1ec1 \u0111\u1ea7u t\u01b0 v\u00e0 h\u1ecdc c\u00e1ch t\u1ea1o th\u00eam ngu\u1ed3n thu nh\u1eadp v\u1edbi r\u1ee7i ro th\u1ea5p nh\u1ea5t v\u00e0 t\u00ednh an to\u00e0n cao.<\/span><\/p>\n","protected":false},"featured_media":105833,"comment_status":"closed","ping_status":"closed","template":"","meta":{"inline_featured_image":false,"spay_email":""},"product_cat":[413],"product_tag":[],"acf":{"global_goods_id":1378},"_links":{"self":[{"href":"https:\/\/academyprivateinvestment.com\/vi\/wp-json\/wp\/v2\/product\/174532"}],"collection":[{"href":"https:\/\/academyprivateinvestment.com\/vi\/wp-json\/wp\/v2\/product"}],"about":[{"href":"https:\/\/academyprivateinvestment.com\/vi\/wp-json\/wp\/v2\/types\/product"}],"replies":[{"embeddable":true,"href":"https:\/\/academyprivateinvestment.com\/vi\/wp-json\/wp\/v2\/comments?post=174532"}],"wp:featuredmedia":[{"embeddable":true,"href":"https:\/\/academyprivateinvestment.com\/vi\/wp-json\/wp\/v2\/media\/105833"}],"wp:attachment":[{"href":"https:\/\/academyprivateinvestment.com\/vi\/wp-json\/wp\/v2\/media?parent=174532"}],"wp:term":[{"taxonomy":"product_cat","embeddable":true,"href":"https:\/\/academyprivateinvestment.com\/vi\/wp-json\/wp\/v2\/product_cat?post=174532"},{"taxonomy":"product_tag","embeddable":true,"href":"https:\/\/academyprivateinvestment.com\/vi\/wp-json\/wp\/v2\/product_tag?post=174532"}],"curies":[{"name":"wp","href":"https:\/\/api.w.org\/{rel}","templated":true}]}}