{"id":174534,"date":"2021-12-06T18:33:33","date_gmt":"2021-12-06T15:33:33","guid":{"rendered":"https:\/\/academyprivateinvestment.com\/programs\/icons-profinvest-mix-2\/"},"modified":"2022-10-07T18:45:10","modified_gmt":"2022-10-07T15:45:10","slug":"icons-profinvest-mix","status":"publish","type":"product","link":"https:\/\/academyprivateinvestment.com\/vi\/programs\/icons-profinvest-mix\/","title":{"rendered":"Ch\u01b0\u01a1ng tr\u00ecnh k\u1ebft h\u1ee3p gi\u00e1o d\u1ee5c v\u00e0 \u0111\u1ea7u t\u01b0 t\u1eeb h\u1ecdc vi\u1ec7n nh\u00e0 \u0111\u1ea7u t\u01b0 t\u01b0 nh\u00e2n \u201ct\u01b0 v\u1ea5n vi\u00ean \u0111\u1ea7u t\u01b0 + nh\u00e0 \u0111\u1ea7u t\u01b0-profi h\u1ea1ng 1\u201d (kh\u00f3a h\u1ecdc video)"},"content":{"rendered":"<p><span style=\"font-weight: 400;\">\u0110\u1ec1 xu\u1ea5t \u0111\u1ed9c \u0111\u00e1o t\u1eeb H\u1ecdc vi\u1ec7n Nh\u00e0 \u0111\u1ea7u t\u01b0 T\u01b0 nh\u00e2n: m\u1ed9t c\u00e1ch ti\u1ebfp c\u1eadn ho\u00e0n to\u00e0n m\u1edbi trong vi\u1ec7c gi\u00e1o d\u1ee5c v\u1ec1 \u0111\u1ea7u t\u01b0, \u0111\u00e0o t\u1ea1o Nh\u00e0 \u0111\u1ea7u t\u01b0-profi t\u01b0 nh\u00e2n v\u00e0 T\u01b0 v\u1ea5n vi\u00ean \u0111\u1ea7u t\u01b0 v\u1edbi m\u1ee9c gi\u00e1 \u0111\u1eb7c bi\u1ec7t.\u00a0<\/span><\/p>\n<p style=\"text-align: center;\"><b>Trong g\u00f3i bao g\u1ed3m nh\u1eefng g\u00ec:<\/b><\/p>\n<p><b>+ Ch\u01b0\u01a1ng tr\u00ecnh \u201cT\u01b0 v\u1ea5n vi\u00ean \u0111\u1ea7u t\u01b0\u201d:<\/b><\/p>\n<p><span style=\"font-weight: 400;\">Ch\u01b0\u01a1ng tr\u00ecnh \u0111\u01b0\u1ee3c t\u1ea1o ra \u0111\u1ec3 h\u00ecnh th\u00e0nh m\u1ed9t s\u1ed1 k\u1ef9 n\u0103ng c\u1ea5p ti\u1ebfn v\u1ec1 \u0111\u1ea7u t\u01b0 cho nh\u1eefng T\u01b0 v\u1ea5n vi\u00ean ho\u1eb7c C\u1ed1 v\u1ea5n \u0111\u00e3 l\u00e0m vi\u1ec7c trong l\u0129nh v\u1ef1c t\u00e0i ch\u00ednh, th\u1ecb tr\u01b0\u1eddng ch\u1ee9ng kho\u00e1n v\u00e0 ngo\u1ea1i h\u1ed1i, \u0111\u1ed3ng th\u1eddi c\u0169ng mu\u1ed1n c\u00f3 \u0111\u01b0\u1ee3c nh\u1eefng c\u01a1 h\u1ed9i l\u1edbn nh\u1ea5t trong ng\u00e0nh \u0111\u1ea7u t\u01b0 c\u1ed9ng \u0111\u1ed3ng v\u00e0 \u0111\u1ea7u t\u01b0 \u2013 c\u00f4ng ngh\u1ec7 ti\u1ec1n \u0111i\u1ec7n t\u1eed.<\/span><\/p>\n<ul>\n<li>Nh\u1eefng ki\u1ebfn th\u1ee9c l\u00fd thuy\u1ebft (th\u1ecb tr\u01b0\u1eddng t\u00e0i ch\u00ednh to\u00e0n c\u1ea7u, th\u1ecb tr\u01b0\u1eddng ch\u1ee9ng kho\u00e1n v\u00e0 ngo\u1ea1i h\u1ed1i, th\u1ecb tr\u01b0\u1eddng c\u00f4ng ngh\u1ec7 blockchain, \u0111\u1ea7u t\u01b0 ti\u1ec1n \u0111i\u1ec7n t\u1eed v\u00e0 \u0111\u1ea7u t\u01b0 c\u1ed9ng \u0111\u1ed3ng).<\/li>\n<li>Ph\u00e1t tri\u1ec3n c\u00e1c k\u1ef9 n\u0103ng th\u1ef1c t\u1ebf trong nh\u1eefng th\u1ecb tr\u01b0\u1eddng \u0111\u00e3 \u0111\u01b0\u1ee3c t\u1ea1o ra c\u1ee7a h\u1ec7 sinh th\u00e1i NEEW.<\/li>\n<li>C\u01a1 h\u1ed9i nh\u1eadn \u0111\u01b0\u1ee3c m\u1ed9t k\u1ebft qu\u1ea3 cao g\u1ea5p 5-25 l\u1ea7n so v\u1edbi k\u1ebft qu\u1ea3 c\u1ee7a C\u00e1c c\u1ed1 v\u1ea5n t\u00e0i ch\u00ednh ho\u1eb7c T\u01b0 v\u1ea5n vi\u00ean \u0111\u1ea7u t\u01b0 truy\u1ec1n th\u1ed1ng.<\/li>\n<li>C\u01a1 h\u1ed9i \u0111\u1ea1t thu nh\u1eadp \u1ed5n \u0111\u1ecbnh v\u00e0 kh\u00f4ng ng\u1eebng t\u0103ng l\u00ean t\u1eeb vi\u1ec7c t\u01b0 v\u1ea5n v\u00e0 t\u1ea1o danh m\u1ee5c \u0111\u1ea7u t\u01b0 c\u00e1 nh\u00e2n trong 3-15 th\u00e1ng.<\/li>\n<\/ul>\n<p style=\"text-align: center;\"><b>+ Ch\u01b0\u01a1ng tr\u00ecnh \u201cT\u01b0 v\u1ea5n vi\u00ean \u0111\u1ea7u t\u01b0\u201d t\u1eeb H\u1ecdc vi\u1ec7n Nh\u00e0 \u0111\u1ea7u t\u01b0 T\u01b0 nh\u00e2n c\u1ea7n thi\u1ebft cho nh\u1eefng ai:<\/b><\/p>\n<ul>\n<li><strong>\u0111\u00e3 l\u00e0m vi\u1ec7c tr\u00ean th\u1ecb tr\u01b0\u1eddng \u0111\u1ea7u t\u01b0, th\u1ecb tr\u01b0\u1eddng ch\u1ee9ng kho\u00e1n v\u00e0 ngo\u1ea1i h\u1ed1i\u00a0<\/strong>v\u00e0 s\u1eb5n s\u00e0ng m\u1edf ra nh\u1eefng h\u01b0\u1edbng \u0111i m\u1edbi ti\u1ebfn b\u1ed9 trong \u0111\u1ea7u t\u01b0;<\/li>\n<li><strong>\u0111\u00e3 l\u00e0m vi\u1ec7c trong h\u1ec7 th\u1ed1ng \u0110\u1ea7u t\u01b0 c\u1ed9ng \u0111\u1ed3ng \u0111a c\u1ea5p \u0111\u1ed9 ho\u1eb7c tr\u00ean<\/strong>th\u1ecb tr\u01b0\u1eddng \u0110\u1ea7u t\u01b0 c\u1ed9ng \u0111\u1ed3ng;<\/li>\n<li>cho r\u1eb1ng \u0111\u1ea7u t\u01b0 v\u00e0\u00a0<strong>t\u01b0 v\u1ea5n \u0111\u1ea7u t\u01b0 c\u00f3 th\u1ec3 l\u00e0 c\u00f4ng vi\u1ec7c c\u1ee7a cu\u1ed9c \u0111\u1eddi m\u00ecnh;<\/strong><\/li>\n<li><strong>l\u1ea7n \u0111\u1ea7u ti\u00ean nghe n\u00f3i v\u1ec1 ch\u01b0\u01a1ng tr\u00ecnh n\u00e0y v\u00e0 mu\u1ed1n b\u1eaft \u0111\u1ea7u nghi\u00ean c\u1ee9u\u00a0<\/strong>m\u1ed9t xu h\u01b0\u1edbng m\u00e0 ch\u1ec9 \u0111ang b\u1eaft \u0111\u1ea7u l\u1ea5y \u0111\u00e0 t\u0103ng t\u1ed1c v\u00e0 trong 5-15-20 n\u0103m t\u1edbi s\u1ebd v\u1eabn l\u00e0 m\u1ed9t trong nh\u1eefng xu h\u01b0\u1edbng c\u00f3 nhi\u1ec1u tri\u1ec3n v\u1ecdng v\u00e0 nhu c\u1ea7u tr\u00ean th\u1ecb tr\u01b0\u1eddng;<\/li>\n<li>nh\u1eefng nh\u00e0 \u0111\u1ea7u t\u01b0 c\u00f3 kinh nghi\u1ec7m\u00a0<strong>\u0111\u00e3 t\u1ea1o ra ngu\u1ed3n thu nh\u1eadp h\u00e0ng tri\u1ec7u \u0111\u00f4 la \u1ed5n \u0111\u1ecbnh<\/strong>, nh\u01b0ng \u0111\u00e3 h\u1ebft l\u1eeda \u0111am m\u00ea ho\u1eb7c \u0111ang t\u00ecm ki\u1ebfm tr\u1ea3i nghi\u1ec7m m\u1edbi, nh\u1eefng c\u01a1 h\u1ed9i l\u00e0m quen v\u00e0 m\u1edf r\u1ed9ng kinh doanh, \u0111\u1ed3ng th\u1eddi mong mu\u1ed1n kh\u00f4ng ch\u1ec9 h\u1ecdc h\u1ecfi c\u00e1c c\u00f4ng ngh\u1ec7 ti\u00ean ti\u1ebfn trong \u0111\u1ea7u t\u01b0 m\u00e0 c\u00f2n tr\u1edf th\u00e0nh m\u1ed9t ph\u1ea7n c\u1ee7a \u0111\u1ed9i nh\u00f3m s\u1eb5n s\u00e0ng chia s\u1ebb \u201cchi\u1ebfc b\u00e1nh t\u00e0i ch\u00ednh v\u00e0 \u0111\u1ea7u t\u01b0\u201d h\u00e0ng tr\u0103m ngh\u00ecn t\u1ef7.<\/li>\n<\/ul>\n<p style=\"text-align: center;\"><b>+ C\u00e1c kh\u00f3a h\u1ecdc v\u00e0 b\u00e0i h\u1ecdc c\u00f3 trong ch\u01b0\u01a1ng tr\u00ecnh (ki\u1ebfn th\u1ee9c l\u00fd thuy\u1ebft + \u1ee9ng d\u1ee5ng v\u00e0o th\u1ef1c t\u1ebf):<\/b><\/p>\n<ul>\n<li>Nh\u1eefng ki\u1ebfn th\u1ee9c n\u1ec1n t\u1ea3ng v\u1ec1 t\u01b0 v\u1ea5n \u0111\u1ea7u t\u01b0.<\/li>\n<li>Chuy\u00ean ng\u00e0nh T\u01b0 v\u1ea5n vi\u00ean \u0111\u1ea7u t\u01b0, tri\u1ec3n v\u1ecdng ph\u00e1t tri\u1ec3n ngh\u1ec1 nghi\u1ec7p trong 2-10 n\u0103m t\u1edbi.<\/li>\n<li>D\u1ef1 ki\u1ebfn \u200b\u200bnhu c\u1ea7u t\u01b0 v\u1ea5n \u0111\u1ea7u t\u01b0 trong 2-10 n\u0103m t\u1edbi.<\/li>\n<li>L\u00e0m th\u1ebf n\u00e0o \u0111\u1ec3 l\u1eadp k\u1ebf ho\u1ea1ch v\u00e0 t\u1ea1o Th\u01b0\u01a1ng hi\u1ec7u \u0441\u00e1 nh\u00e2n cho T\u01b0 v\u1ea5n \u0110\u1ea7u t\u01b0 \u0111\u00fang c\u00e1ch.<\/li>\n<li>C\u00e1ch t\u1ea1o th\u00eam ngu\u1ed3n thu nh\u1eadp t\u1eeb 50% \u0111\u1ebfn 300% m\u1ee9c l\u01b0\u01a1ng ho\u1eb7c thu nh\u1eadp hi\u1ec7n t\u1ea1i c\u1ee7a b\u1ea1n.<\/li>\n<li>C\u00f4ng ngh\u1ec7 \u201c\u0110\u1ea7u t\u01b0 th\u00f4ng minh\u201d: c\u00e1ch \u0111\u1ec1 xu\u1ea5t v\u00e0 gi\u1ea3i th\u00edch ch\u00ednh x\u00e1c cho kh\u00e1ch h\u00e0ng v\u1ec1 b\u1ea5t k\u1ef3 c\u00f4ng c\u1ee5 \u0111\u1ea7u t\u01b0 n\u00e0o v\u00e0 nh\u1eefng ph\u01b0\u01a1ng \u00e1n n\u00e0o \u0111\u01b0\u1ee3c s\u1eed d\u1ee5ng \u0111\u1ec3 kh\u00e1ch h\u00e0ng t\u1ef1 \u0111\u01b0a ra quy\u1ebft \u0111\u1ecbnh.<\/li>\n<li>Top 10 th\u1ecb tr\u01b0\u1eddng \u0111\u1ea7u t\u01b0 h\u00e0ng \u0111\u1ea7u \u0111\u1ec3 l\u00e0m vi\u1ec7c v\u1edbi Kh\u00e1ch h\u00e0ng ti\u1ec1m n\u0103ng c\u1ee7a b\u1ea1n.<\/li>\n<li>S\u1eed d\u1ee5ng nh\u1eefng c\u00f4ng ngh\u1ec7 n\u00e0o \u0111\u1ec3 x\u00e1c \u0111\u1ecbnh C\u1ea5p \u0111\u1ed9 nh\u00e0 \u0111\u1ea7u t\u01b0 v\u00e0 l\u1ef1a ch\u1ecdn chi\u1ebfn l\u01b0\u1ee3c \u0111\u1ea7u t\u01b0 ph\u00f9 h\u1ee3p nh\u1ea5t cho kh\u00e1ch h\u00e0ng.<\/li>\n<li>C\u00e1c c\u1ea5p \u0111\u1ed9 r\u1ee7i ro c\u1ea7n \u0111\u01b0\u1ee3c ch\u1ec9 ra cho kh\u00e1ch h\u00e0ng trong qu\u00e1 tr\u00ecnh \u0111\u01b0a ra quy\u1ebft \u0111\u1ecbnh.<\/li>\n<li>C\u00e1c chi\u1ebfn l\u01b0\u1ee3c giao d\u1ecbch trong \u0111\u1ea7u t\u01b0 c\u00f3 th\u1ec3 ph\u00f9 h\u1ee3p v\u1edbi kh\u00e1ch h\u00e0ng t\u00f9y thu\u1ed9c v\u00e0o c\u1ea5p \u0111\u1ed9 c\u1ee7a nh\u00e0 \u0111\u1ea7u t\u01b0.<\/li>\n<li>Nh\u1eefng tr\u1edf ng\u1ea1i khi l\u00e0m vi\u1ec7c v\u1edbi kh\u00e1ch h\u00e0ng.<\/li>\n<li>C\u00e1c chi\u1ebfn l\u01b0\u1ee3c danh m\u1ee5c \u0111\u1ea7u t\u01b0 c\u00f3 th\u1ec3 \u0111\u01b0\u1ee3c kh\u00e1ch h\u00e0ng ch\u1ea5p nh\u1eadn v\u00e0 c\u00e1ch l\u00e0m vi\u1ec7c v\u1edbi ng\u01b0\u1eddi qu\u1ea3n l\u00fd danh m\u1ee5c \u0111\u1ea7u t\u01b0<\/li>\n<li>C\u00e1c \u0111\u1ea3m b\u1ea3o k\u1ef9 thu\u1eadt s\u1ed1 v\u00e0 C\u00e1c c\u00f4ng ngh\u1ec7 c\u1ee7a n\u1ec1n kinh t\u1ebf k\u1ef9 thu\u1eadt s\u1ed1 m\u1edbi<\/li>\n<li>Th\u1ecb tr\u01b0\u1eddng B\u1ea5t \u0111\u1ed9ng s\u1ea3n v\u00e0 C\u00e1ch l\u00e0m vi\u1ec7c v\u1edbi th\u1ecb tr\u01b0\u1eddng n\u00e0y trong T\u01b0 v\u1ea5n \u0111\u1ea7u t\u01b0<\/li>\n<li>T\u1ea1o c\u01a1 s\u1edf d\u1eef li\u1ec7u kh\u00e1ch h\u00e0ng cho ph\u00e9p b\u1ea1n ngh\u1ec9 h\u01b0u sau 4-8 n\u0103m v\u1edbi thu nh\u1eadp kh\u00e1 cao t\u1eeb c\u00e1c kho\u1ea3n \u0111\u1ea7u t\u01b0 c\u1ee7a b\u1ea1n.<\/li>\n<li>Ph\u01b0\u01a1ng ph\u00e1p thu h\u00fat kh\u00e1ch h\u00e0ng trong c\u00e1c khu v\u1ef1c.<\/li>\n<li>PR v\u00e0 Marketing,\u00a0 nh\u1eefng n\u1ec1n t\u1ea3ng \u0111\u1ec3 x\u00e2y d\u1ef1ng c\u01a1 s\u1edf d\u1eef li\u1ec7u kh\u00e1ch h\u00e0ng \u0111ang ph\u00e1t tri\u1ec3n nhanh ch\u00f3ng.<\/li>\n<li>Tr\u00ed tu\u1ec7 nh\u00e2n t\u1ea1o v\u00e0 Digital Doubles trong \u0110\u1ea7u t\u01b0.<\/li>\n<li>Nh\u1eefng ki\u1ebfn th\u1ee9c n\u1ec1n t\u1ea3ng v\u1ec1 ngh\u1ec7 thu\u1eadt di\u1ec5n thuy\u1ebft v\u00e0 thuy\u1ebft tr\u00ecnh t\u1ea1o c\u1ea3m h\u1ee9ng cho c\u00f4ng vi\u1ec7c kinh doanh c\u1ee7a b\u1ea1n.<\/li>\n<li>L\u1eadp k\u1ebf ho\u1ea1ch kinh doanh cho cu\u1ed9c \u0111\u1eddi c\u1ee7a b\u1ea1n trong 50 n\u0103m t\u1edbi.<\/li>\n<li>Thu\u1eadt to\u00e1n \u0111\u1ec3 B\u1eaft \u0111\u1ea7u nhanh ch\u00f3ng.<\/li>\n<\/ul>\n<p><strong>+ Thi<\/strong><\/p>\n<p><strong>+ \u201cT\u01b0 v\u1ea5n vi\u00ean \u0111\u1ea7u t\u01b0\u201d gi\u1ea5y ch\u1ee9ng nh\u1eadn<\/strong><\/p>\n<p style=\"text-align: center;\"><b>+ Ch\u01b0\u01a1ng tr\u00ecnh th\u01b0\u1ee3ng h\u1ea1ng \u201cNh\u00e0 \u0111\u1ea7u t\u01b0 \u2013 profi h\u1ea1ng 1\u201d (g\u1ed3m h\u1ea1ng 2 v\u00e0 h\u1ea1ng 3):<\/b><\/p>\n<p style=\"text-align: center;\"><b>Ch\u01b0\u01a1ng tr\u00ecnh n\u00e0y d\u00e0nh cho nh\u1eefng ai:<\/b><\/p>\n<ul>\n<li><strong>c\u00f3 mong mu\u1ed1n h\u1ecdc c\u00e1ch \u0111\u1ea7u t\u01b0, <\/strong>nh\u01b0ng v\u1eabn ch\u01b0a bi\u1ebft g\u00ec v\u1ec1 \u0111\u1ea7u t\u01b0.<\/li>\n<li><strong>\u0111\u00e3 c\u00f3 tr\u1ea3i nghi\u1ec7m ti\u00eau c\u1ef1c trong \u0111\u1ea7u t\u01b0,<\/strong>nh\u01b0ng c\u0169ng mu\u1ed1n t\u00ecm hi\u1ec3u khoa h\u1ecdc v\u1ec1 \u0111\u1ea7u t\u01b0 \u0111\u1ec3 b\u1ea3o to\u00e0n v\u00e0 l\u00e0m t\u0103ng s\u1ed1 ti\u1ec1n ti\u1ebft ki\u1ec7m c\u1ee7a m\u00ecnh l\u00ean \u0111\u00fang c\u00e1ch;<\/li>\n<li><strong>c\u00f3 tr\u1ea3i nghi\u1ec7m m\u1ea5t ti\u1ec1n<\/strong>t\u1eeb c\u00e1c c\u00f4ng ty v\u00f4 \u0111\u1ea1o \u0111\u1ee9c ho\u1eb7c c\u00e1c kim t\u1ef1 th\u00e1p t\u00e0i ch\u00ednh v\u00e0 mu\u1ed1n h\u1ecdc c\u00e1ch nh\u00e2n l\u00ean s\u1ed1 ti\u1ec1n v\u00e0 b\u1ea3o v\u1ec7 kho\u1ea3n ti\u1ebft ki\u1ec7m c\u1ee7a m\u00ecnh \u0111\u00fang c\u00e1ch;<\/li>\n<li><strong>c\u00f3 c\u00e1c kho\u1ea3n n\u1ee3 v\u00e0 mong mu\u1ed1n tr\u1ea3 h\u1ebft n\u1ee3 c\u00e0ng nhanh c\u00e0ng t\u1ed1t\u00a0<\/strong>v\u00e0 t\u1ea1o th\u00eam m\u1ed9t ngu\u1ed3n thu nh\u1eadp kh\u00e1c trong kinh doanh \u0111\u1ea7u t\u01b0;<\/li>\n<li><strong>mu\u1ed1n h\u1ecdc c\u00e1ch t\u1ea1o thu nh\u1eadp t\u1eeb c\u00e1c kho\u1ea3n \u0111\u1ea7u t\u01b0<\/strong>\u1edf m\u1ee9c t\u1eeb 15% \u0111\u1ebfn 35% m\u1ed7i n\u0103m v\u1edbi s\u1ef1 an to\u00e0n \u0111\u1ea3m b\u1ea3o cho c\u00e1c kho\u1ea3n \u0111\u1ea7u t\u01b0 c\u1ee7a m\u00ecnh;<\/li>\n<li><strong>mu\u1ed1n hi\u1ec3u<\/strong>v\u00e0 nh\u1eadn th\u1ee9c \u0111\u01b0\u1ee3c<strong>\u00a0vi\u1ec7c t\u1ea1o ra 300% -1000% thu nh\u1eadp t\u1eeb\u00a0<\/strong>c\u00e1c kho\u1ea3n \u0111\u1ea7u t\u01b0 c\u1ee7a m\u00ecnh<strong>\u00a0l\u00e0 nh\u01b0 th\u1ebf n\u00e0o;<\/strong><\/li>\n<li><strong>mu\u1ed1n hi\u1ec3u<\/strong>c\u1ea7n l\u00e0m g\u00ec \u0111\u1ec3\u00a0<strong>t\u1ea1o ra ngu\u1ed3n v\u1ed1n t\u1eeb 1 000 000 USD tr\u1edf l\u00ean<\/strong>\u00a0trong th\u1eddi gian 5 \u2013 10 n\u0103m v\u1edbi r\u1ee7i ro th\u1ea5p nh\u1ea5t v\u00e0 t\u00ednh an to\u00e0n cao;<\/li>\n<li>mu\u1ed1n h\u1ecdc<strong>c\u00e1ch ph\u00e2n bi\u1ec7t c\u00e1c k\u1ebf ho\u1ea1ch kim t\u1ef1 th\u00e1p<\/strong>\u00a0v\u00e0 c\u00e1c c\u00f4ng ty ho\u1ea1t \u0111\u1ed9ng kh\u00f4ng hi\u1ec7u qu\u1ea3\u00a0<strong>v\u1edbi nh\u1eefng l\u1eddi \u0111\u1ec1 ngh\u1ecb th\u1ef1c s\u1ef1 \u0111\u00e1ng gi\u00e1\u00a0<\/strong>v\u00e0 t\u1ef1 b\u1ea3o v\u1ec7 m\u00ecnh kh\u1ecfi nh\u1eefng r\u1eafc r\u1ed1i v\u00e0 m\u1ea5t ti\u1ec1n;<\/li>\n<li><strong>mu\u1ed1n nh\u1eadn c\u00e1c k\u1ebf ho\u1ea1ch t\u00e0i ch\u00ednh<\/strong>d\u00e0nh cho t\u1ea5t c\u1ea3 c\u00e1c h\u1ea1ng m\u1ee5c v\u00e0 c\u1ea5p \u0111\u1ed9 c\u1ee7a nh\u00e0 \u0111\u1ea7u t\u01b0;<\/li>\n<li>nh\u1eefng ai quan t\u00e2m \u0111\u1ebfn vi\u1ec7c\u00a0<strong>nghi\u00ean c\u1ee9u th\u1ecb tr\u01b0\u1eddng ch\u1ee9ng kho\u00e1n, ti\u1ec1n t\u1ec7 v\u00e0 ti\u1ec1n \u0111i\u1ec7n t\u1eed\u00a0<\/strong>v\u00e0 h\u1ecdc c\u00e1ch qu\u1ea3n l\u00fd v\u1ed1n c\u1ee7a h\u1ecd tr\u00ean c\u00e1c th\u1ecb tr\u01b0\u1eddng n\u00e0y.<\/li>\n<li>nh\u1eefng ai quan t\u00e2m \u0111\u1ebfn vi\u1ec7c hi\u1ec3u h\u1ec7 th\u1ed1ng t\u00e0i ch\u00ednh hi\u1ec7n \u0111\u1ea1i nh\u01b0 l\u00e0 g\u00ec\u00a0<strong>v\u00e0 c\u00e1ch \u0111\u1ec3 b\u1ea3o v\u1ec7 b\u1ea3n th\u00e2n kh\u1ecfi l\u1ea1m ph\u00e1t, si\u00eau l\u1ea1m ph\u00e1t v\u00e0 c\u00e1c cu\u1ed9c kh\u1ee7ng ho\u1ea3ng th\u1ebf gi\u1edbi;<\/strong><\/li>\n<li>nh\u1eefng ai quan t\u00e2m \u0111\u1ebfn vi\u1ec7c hi\u1ec3u t\u1ea1i sao c\u00e1c ch\u01b0\u01a1ng tr\u00ecnh thu nh\u1eadp cao v\u00e0 c\u00e1c qu\u1ef9 ph\u00f2ng h\u1ed9 l\u1ea1i t\u1ed3n t\u1ea1i v\u00e0<strong>\u00a0c\u00e1ch x\u00e1c \u0111\u1ecbnh ch\u00fang cho danh m\u1ee5c \u0111\u1ea7u t\u01b0 c\u1ee7a m\u00ecnh;<\/strong><\/li>\n<li>nh\u1eefng ai quan t\u00e2m \u0111\u1ebfn vi\u1ec7c t\u00ecm hi\u1ec3u<strong>c\u00e1ch th\u1ee9c ho\u1ea1t \u0111\u1ed9ng c\u1ee7a th\u1ecb tr\u01b0\u1eddng ch\u1ee9ng kho\u00e1n v\u00e0 t\u1ea1o danh m\u1ee5c \u0111\u1ea7u t\u01b0\u00a0<\/strong>v\u1edbi l\u1ee3i nhu\u1eadn danh m\u1ee5c \u0111\u1ea7u t\u01b0 cao<strong>\u00a0t\u1eeb 2-5% m\u1ed7i th\u00e1ng.<\/strong><\/li>\n<\/ul>\n<p style=\"text-align: center;\"><b>Trong ch\u01b0\u01a1ng tr\u00ecnh th\u01b0\u1ee3ng h\u1ea1ng t\u1eeb H\u1ecdc vi\u1ec7n Nh\u00e0 \u0111\u1ea7u t\u01b0 T\u01b0 nh\u00e2n c\u00f3 8 kh\u00f3a h\u1ecdc:<\/b><\/p>\n<ul>\n<li style=\"list-style-type: none;\">\n<ul>\n<li style=\"font-weight: 400;\" aria-level=\"1\">Nh\u1eefng ki\u1ebfn th\u1ee9c n\u1ec1n t\u1ea3ng v\u1ec1 \u0110\u1ea7u t\u01b0<\/li>\n<li style=\"font-weight: 400;\" aria-level=\"1\">Nh\u1eefng b\u01b0\u1edbc \u0111\u1ea7u ti\u00ean trong \u0111\u1ea7u t\u01b0 t\u01b0 nh\u00e2n<\/li>\n<li style=\"font-weight: 400;\" aria-level=\"1\">Kh\u00f3a h\u1ecdc Nh\u00e0 \u0111\u1ea7u t\u01b0 t\u01b0 nh\u00e2n n\u00e2ng cao, th\u1ecb tr\u01b0\u1eddng ch\u1ee9ng kho\u00e1n v\u00e0 qu\u1ea3n l\u00fd v\u1ed1n ch\u1ee7 s\u1edf h\u1eefu danh m\u1ee5c \u0111\u1ea7u t\u01b0<\/li>\n<li style=\"font-weight: 400;\" aria-level=\"1\">T\u00e0i ch\u00ednh th\u1ebf gi\u1edbi, T\u00e0i ch\u00ednh qu\u1ed1c gia v\u00e0 T\u00e0i ch\u00ednh doanh nghi\u1ec7p, s\u1ef1 ti\u1ebfn h\u00f3a c\u1ee7a vi\u1ec7c t\u1ea1o ra m\u1ed9t ch\u00ednh s\u00e1ch phi t\u1eadp trung k\u1ef9 thu\u1eadt s\u1ed1 hi\u1ec7n \u0111\u1ea1i<\/li>\n<li style=\"font-weight: 400;\" aria-level=\"1\">Th\u1ecb tr\u01b0\u1eddng ti\u1ec1n t\u1ec7 Forex, l\u1ecbch s\u1eed v\u00e0 tri\u1ec3n v\u1ecdng ph\u00e1t tri\u1ec3n, l\u1ee3i \u00edch v\u00e0 r\u1ee7i ro cho nh\u00e0 \u0111\u1ea7u t\u01b0 t\u01b0 nh\u00e2n<\/li>\n<li style=\"font-weight: 400;\" aria-level=\"1\">Th\u1ecb tr\u01b0\u1eddng ti\u1ec1n \u0111i\u1ec7n t\u1eed v\u00e0 c\u00f4ng ngh\u1ec7 blockchain, m\u1ee9c l\u1ee3i nhu\u1eadn cao v\u00e0 c\u00e1c r\u1ee7i ro \u0111\u1ed1i v\u1edbi nh\u1eefng nh\u00e0 \u0111\u1ea7u t\u01b0 t\u01b0 nh\u00e2n<\/li>\n<li style=\"font-weight: 400;\" aria-level=\"1\">Th\u1ecb tr\u01b0\u1eddng m\u1ea1o hi\u1ec3m v\u00e0 th\u1ecb tr\u01b0\u1eddng g\u00f3p v\u1ed1n kinh doanh<\/li>\n<li style=\"font-weight: 400;\" aria-level=\"1\">T\u00ednh to\u00e0n c\u1ea7u trong vi\u1ec7c t\u1ea1o danh m\u1ee5c \u0111\u1ea7u t\u01b0: nh\u1eefng l\u1ee3i th\u1ebf, \u01b0u v\u00e0 nh\u01b0\u1ee3c \u0111i\u1ec3m g\u00ec<\/li>\n<\/ul>\n<\/li>\n<\/ul>\n<p><span style=\"font-weight: 400;\">+ <strong>Ph\u1ea7n th\u01b0\u1edfng<\/strong><\/span><b>: <\/b><span style=\"font-weight: 400;\">qu\u00e0 t\u1eb7ng g\u00f3i \u0111\u0103ng k\u00fd m\u1ed9t n\u0103m <\/span><a href=\"https:\/\/office.academyprivateinvestment.com\/privateclub\"><span style=\"font-weight: 400;\">C\u00e2u l\u1ea1c b\u1ed9 Nh\u00e0 \u0111\u1ea7u t\u01b0 t\u01b0 nh\u00e2n <\/span><\/a> <span style=\"font-weight: 400;\">!<\/span><\/p>\n<p><strong>+ C\u00e2u h\u1ecfi ki\u1ec3m tra<\/strong><\/p>\n<p><strong>+ Gi\u1ea5y ch\u1ee9ng nh\u1eadn \u00abNh\u00e0 \u0111\u1ea7u t\u01b0 \u2013 Profi h\u1ea1ng 3,2 v\u00e0 1\u00bb<\/strong><\/p>\n<ul>\n<li><b>\u0110\u1ecbnh d\u1ea1ng: <\/b><span style=\"font-weight: 400;\">t\u1ef1 nghi\u00ean c\u1ee9u t\u00e0i li\u1ec7u d\u01b0\u1edbi d\u1ea1ng video \u1edf ch\u1ebf \u0111\u1ed9 thu\u1eadn ti\u1ec7n cho b\u1ea1n, 4 bu\u1ed5i c\u1ed1 v\u1ea5n, truy c\u1eadp v\u00e0o t\u00e0i li\u1ec7u video c\u1ee7a ch\u01b0\u01a1ng tr\u00ecnh trong th\u1eddi gian 1 n\u0103m k\u1ec3 t\u1eeb ng\u00e0y thanh to\u00e1n.<\/span><\/li>\n<\/ul>\n<p style=\"text-align: center;\"><b>Bi\u1ec3u \u0111\u1ed3 thay \u0111\u1ed5i gi\u00e1:<\/b><\/p>\n<table>\n<tbody>\n<tr>\n<td><b> GIAI \u0110O\u1ea0N<\/b><\/td>\n<td><b>M\u1ee8C GI\u00c1<\/b><\/td>\n<\/tr>\n<tr>\n<td><span style=\"font-weight: 400;\">t\u1eeb 1.12.2021 \u0111\u1ebfn 1.01.2022<\/span><\/td>\n<td><span style=\"font-weight: 400;\">989 $<\/span><\/td>\n<\/tr>\n<tr>\n<td><span style=\"font-weight: 400;\">t\u1eeb 1.01.2022 \u0111\u1ebfn 1.03.2022<\/span><\/td>\n<td><span style=\"font-weight: 400;\">1300 $<\/span><\/td>\n<\/tr>\n<tr>\n<td><span style=\"font-weight: 400;\">t\u1eeb 1.03.2022 \u0111\u1ebfn 1.04.2022<\/span><\/td>\n<td><span style=\"font-weight: 400;\">1700 $<\/span><\/td>\n<\/tr>\n<tr>\n<td><span style=\"font-weight: 400;\">t\u1eeb 1.04.2022<\/span><\/td>\n<td><span style=\"font-weight: 400;\">2000 $<\/span><\/td>\n<\/tr>\n<\/tbody>\n<\/table>\n<p>Trong v\u00f2ng 1-3 ng\u00e0y l\u00e0m vi\u1ec7c k\u1ec3 t\u1eeb ng\u00e0y thanh to\u00e1n, m\u1ed9t l\u00e1 th\u01b0 ch\u1ee9a c\u00e1c h\u01b0\u1edbng d\u1eabn ti\u1ebfp theo s\u1ebd \u0111\u01b0\u1ee3c g\u1eedi \u0111\u1ebfn e-mail c\u1ee7a b\u1ea1n.<\/p>\n<ul>\n<li style=\"font-weight: 400;\" aria-level=\"1\">Ng\u01b0\u1eddi g\u1eedi: H\u1ecdc vi\u1ec7n Nh\u00e0 \u0111\u1ea7u t\u01b0 t\u01b0 nh\u00e2n<\/li>\n<\/ul>\n","protected":false},"excerpt":{"rendered":"<p>\u0110\u1ec1 xu\u1ea5t \u0111\u1ed9c \u0111\u00e1o t\u1eeb H\u1ecdc vi\u1ec7n Nh\u00e0 \u0111\u1ea7u t\u01b0 T\u01b0 nh\u00e2n: m\u1ed9t c\u00e1ch ti\u1ebfp c\u1eadn ho\u00e0n to\u00e0n m\u1edbi trong vi\u1ec7c gi\u00e1o d\u1ee5c v\u1ec1 \u0111\u1ea7u t\u01b0, \u0111\u00e0o t\u1ea1o Nh\u00e0 \u0111\u1ea7u t\u01b0-profi t\u01b0 nh\u00e2n v\u00e0 T\u01b0 v\u1ea5n vi\u00ean \u0111\u1ea7u t\u01b0 v\u1edbi m\u1ee9c gi\u00e1 \u0111\u1eb7c bi\u1ec7t.\u00a0<br \/>\nTrong g\u00f3i bao g\u1ed3m nh\u1eefng g\u00ec:<br \/>\n+ Ch\u01b0\u01a1ng tr\u00ecnh \u201cT\u01b0 v\u1ea5n vi\u00ean \u0111\u1ea7u t\u01b0\u201d:<br \/>\nCh\u01b0\u01a1ng tr\u00ecnh \u0111\u01b0\u1ee3c t\u1ea1o ra \u0111\u1ec3 h\u00ecnh th\u00e0nh m\u1ed9t s\u1ed1 k\u1ef9 n\u0103ng c\u1ea5p ti\u1ebfn v\u1ec1 \u0111\u1ea7u t\u01b0 cho nh\u1eefng T\u01b0 v\u1ea5n vi\u00ean ho\u1eb7c C\u1ed1 v\u1ea5n \u0111\u00e3 l\u00e0m vi\u1ec7c trong l\u0129nh v\u1ef1c t\u00e0i ch\u00ednh,&#8230;<\/p>\n","protected":false},"featured_media":105812,"comment_status":"closed","ping_status":"closed","template":"","meta":{"inline_featured_image":false,"spay_email":""},"product_cat":[426],"product_tag":[],"acf":{"global_goods_id":1390},"_links":{"self":[{"href":"https:\/\/academyprivateinvestment.com\/vi\/wp-json\/wp\/v2\/product\/174534"}],"collection":[{"href":"https:\/\/academyprivateinvestment.com\/vi\/wp-json\/wp\/v2\/product"}],"about":[{"href":"https:\/\/academyprivateinvestment.com\/vi\/wp-json\/wp\/v2\/types\/product"}],"replies":[{"embeddable":true,"href":"https:\/\/academyprivateinvestment.com\/vi\/wp-json\/wp\/v2\/comments?post=174534"}],"wp:featuredmedia":[{"embeddable":true,"href":"https:\/\/academyprivateinvestment.com\/vi\/wp-json\/wp\/v2\/media\/105812"}],"wp:attachment":[{"href":"https:\/\/academyprivateinvestment.com\/vi\/wp-json\/wp\/v2\/media?parent=174534"}],"wp:term":[{"taxonomy":"product_cat","embeddable":true,"href":"https:\/\/academyprivateinvestment.com\/vi\/wp-json\/wp\/v2\/product_cat?post=174534"},{"taxonomy":"product_tag","embeddable":true,"href":"https:\/\/academyprivateinvestment.com\/vi\/wp-json\/wp\/v2\/product_tag?post=174534"}],"curies":[{"name":"wp","href":"https:\/\/api.w.org\/{rel}","templated":true}]}}