{"id":174633,"date":"2022-11-02T00:25:55","date_gmt":"2022-11-01T21:25:55","guid":{"rendered":"https:\/\/academyprivateinvestment.com\/?post_type=product&#038;p=174633"},"modified":"2022-11-02T00:23:52","modified_gmt":"2022-11-01T21:23:52","slug":"xac-nhan-trinh-do-nghiep-vu-hang-nam-nha-dau-tu-profi-hang-2-trung-cap","status":"publish","type":"product","link":"https:\/\/academyprivateinvestment.com\/vi\/programs\/xac-nhan-trinh-do-nghiep-vu-hang-nam-nha-dau-tu-profi-hang-2-trung-cap\/","title":{"rendered":"X\u00e1c nh\u1eadn tr\u00ecnh \u0111\u1ed9 nghi\u1ec7p v\u1ee5 h\u00e0ng n\u0103m. Nh\u00e0 \u0111\u1ea7u t\u01b0 profi h\u1ea1ng 2 (Trung c\u1ea5p)"},"content":{"rendered":"<p style=\"text-align: justify;\">X\u00e1c nh\u1eadn tr\u00ecnh \u0111\u1ed9 nghi\u1ec7p v\u1ee5 h\u00e0ng n\u0103m l\u00e0 vi\u1ec7c c\u1ea7n thi\u1ebft \u0111\u1ec3 x\u00e1c nh\u1eadn m\u1ee9c \u0111\u1ed9 ph\u00f9 h\u1ee3p c\u1ee7a ki\u1ebfn th\u1ee9c c\u1ee7a b\u1ea1n, c\u00f3 t\u00ednh \u0111\u1ebfn nh\u1eefng thay \u0111\u1ed5i v\u1ec1 xu h\u01b0\u1edbng, lu\u1eadt ph\u00e1p, c\u00f4ng ngh\u1ec7 v\u00e0 c\u00f4ng c\u1ee5 \u0111\u1ed1i v\u1edbi &#8220;Nh\u00e0 \u0111\u1ea7u t\u01b0 profi&#8221; v\u00e0 &#8220;T\u01b0 v\u1ea5n vi\u00ean \u0111\u1ea7u t\u01b0&#8221;, gi\u1eef v\u1eefng tr\u00ecnh \u0111\u1ed9 nghi\u1ec7p v\u1ee5, \u0111i\u1ec1u n\u00e0y c\u0169ng li\u00ean quan \u0111\u1ebfn vi\u1ec7c \u00e1p d\u1ee5ng h\u1ec7 th\u1ed1ng c\u00e1c th\u1ee9 h\u1ea1ng v\u00e0 \u0111\u1eb7c quy\u1ec1n d\u00e0nh cho h\u1ecdc vi\u00ean t\u1ed1t nghi\u1ec7p API.<\/p>\n<p>&nbsp;<\/p>\n<p style=\"text-align: justify;\">Tr\u00ean c\u01a1 gi\u1ea5y ch\u1ee9ng nh\u1eadn c\u00f3 hi\u1ec7u l\u1ef1c cao nh\u1ea5t s\u1ebd c\u1ea5p <strong>th\u1ee9 h\u1ea1ng<\/strong> \u2013 vi\u1ec7c ph\u00e2n nh\u00f3m nh\u1eefng h\u1ecdc vi\u00ean t\u1ed1t nghi\u1ec7p H\u1ecdc vi\u1ec7n Nh\u00e0 \u0111\u1ea7u t\u01b0 t\u01b0 nh\u00e2n c\u00f3 c\u00f9ng m\u1ed9t c\u1ea5p \u0111\u1ed9 nh\u1ea5t \u0111\u1ecbnh, nh\u1eefng ng\u01b0\u1eddi n\u00e0y c\u00f3<strong>h\u1ec7 th\u1ed1ng \u0111\u1eb7c quy\u1ec1n <\/strong>ngang nhau. Th\u1ee9 h\u1ea1ng \u0111\u01b0\u1ee3c c\u1ea5p c\u00f3 gi\u00e1 tr\u1ecb trong <strong>365 ng\u00e0y<\/strong>.<\/p>\n<p>&nbsp;<\/p>\n<p style=\"text-align: justify;\">C\u00e1c th\u1ee9 h\u1ea1ng \u0111\u01b0\u1ee3c c\u1ea5p <strong>tu\u1ea7n t\u1ef1 <\/strong>v\u00e0 cho \u0111\u1ebfn khi ch\u01b0a tr\u1ea3 \u0111\u01b0\u1ee3c b\u00e0i thi ki\u1ec3m tra cho h\u1ea1ng 3 (C\u01a1 b\u1ea3n), th\u00ec quy\u1ec1n truy c\u1eadp v\u00e0o nghi\u00ean c\u1ee9u h\u1ea1ng 2 (Trung c\u1ea5p) s\u1ebd kh\u00f4ng kh\u1ea3 d\u1ee5ng.<\/p>\n<p>&nbsp;<\/p>\n<p style=\"text-align: justify;\">X\u00e1c nh\u1eadn tr\u00ecnh \u0111\u1ed9 nghi\u1ec7p v\u1ee5 kh\u00f4ng ph\u1ea3i l\u00e0 \u0111i\u1ec1u b\u1eaft bu\u1ed9c, nh\u01b0ng n\u1ebfu kh\u00f4ng th\u1ef1c hi\u1ec7n vi\u1ec7c n\u00e0y th\u00ec ch\u1ee9ng ch\u1ec9 s\u1ebd h\u1ebft h\u1ea1n sau <strong>365 ng\u00e0y <\/strong>v\u00e0 tr\u00ecnh \u0111\u1ed9 nghi\u1ec7p v\u1ee5 c\u1ee7a b\u1ea1n s\u1ebd b\u1ecb gi\u1ea3m xu\u1ed1ng \u201cNh\u00e0 \u0111\u1ea7u t\u01b0 profi h\u1ea1ng 3 (C\u01a1 b\u1ea3n)\u201d v\u1edbi th\u1eddi gian gia h\u1ea1n cho 365 ng\u00e0y ti\u1ebfp theo. Ngo\u00e0i ra, Th\u1ee9 h\u1ea1ng 2 hi\u1ec7n t\u1ea1i b\u1ecb h\u1ea1 xu\u1ed1ng Th\u1ee9 h\u1ea1ng 1, \u0111i\u1ec1u n\u00e0y \u0111\u1ed3ng ngh\u0129a v\u1edbi vi\u1ec7c t\u1ea5t c\u1ea3 <strong>c\u00e1c \u0111\u1eb7c quy\u1ec1n<\/strong> m\u00e0 th\u1ee9 h\u1ea1ng n\u00e0y mang l\u1ea1i \u0111\u1ec1u b\u1ecb gi\u1ea3m \u0111i.<\/p>\n<p>&nbsp;<\/p>\n<p>B\u1ea1n c\u00f3 th\u1ec3 ki\u1ec3m tra tr\u00ecnh \u0111\u1ed9 nghi\u1ec7p v\u1ee5 v\u00e0 th\u1eddi h\u1ea1n hi\u1ec7u l\u1ef1c <a href=\"https:\/\/office-new.academyprivateinvestment.com\/main\" target=\"_blank\" rel=\"noopener\">t\u1ea1i \u0111\u00e2y<\/a>.<\/p>\n<p>&nbsp;<\/p>\n<p>Tr\u00ecnh \u0111\u1ed9 nghi\u1ec7p v\u1ee5 \u0111\u01b0\u1ee3c x\u00e1c nh\u1eadn b\u1eb1ng c\u00e1ch tr\u1ea3 m\u1ed9t b\u00e0i thi ki\u1ec3m tra. B\u00e0i thi ki\u1ec3m tra \u0111\u01b0\u1ee3c coi l\u00e0 tr\u1ea3 th\u00e0nh c\u00f4ng khi c\u00f3 h\u01a1n 80% c\u00e2u tr\u1ea3 l\u1eddi \u0111\u00fang.<\/p>\n<p>&nbsp;<\/p>\n<p style=\"text-align: justify;\">D\u1ef1a tr\u00ean vi\u1ec7c x\u00e1c nh\u1eadn th\u00e0nh c\u00f4ng tr\u00ecnh \u0111\u1ed9 nghi\u1ec7p v\u1ee5, s\u1ebd \u0111\u01b0\u1ee3c c\u1ea5p ch\u1ee9ng nh\u1eadn <strong>&#8220;Nh\u00e0 \u0111\u1ea7u t\u01b0 profi h\u1ea1ng 2 (Trung c\u1ea5p)&#8221;<\/strong> v\u00e0 <strong>Th\u1ee9 h\u1ea1ng \u21162 <\/strong>v\u1edbi th\u1eddi h\u1ea1n hi\u1ec7u l\u1ef1c 365 ng\u00e0y.<\/p>\n<p>&nbsp;<\/p>\n<p style=\"text-align: justify;\">Vi\u1ec7c x\u00e1c nh\u1eadn tr\u00ecnh \u0111\u1ed9 nghi\u1ec7p v\u1ee5 (v\u01b0\u1ee3t qua b\u00e0i ki\u1ec3m tra) c\u00f3 <strong>c\u00e1c khung th\u1eddi gian khuy\u1ebfn ngh\u1ecb<\/strong>. M\u1ee9c ph\u00ed ph\u1ee5 thu\u1ed9c v\u00e0o th\u1eddi h\u1ea1n tr\u1ea3 b\u00e0i thi ki\u1ec3m tra:<\/p>\n<ul>\n<li style=\"font-weight: 400;\" aria-level=\"1\"><span style=\"font-weight: 400;\">tr\u01b0\u1edbc ng\u00e0y c\u00f3 hi\u1ec7u l\u1ef1c cu\u1ed1i c\u00f9ng c\u1ee7a tr\u00ecnh \u0111\u1ed9 nghi\u1ec7p v\u1ee5 \u2013 gi\u1ea3m 100% m\u1ee9c ph\u00ed c\u1ee7a kh\u00f3a h\u1ecdc ch\u00ednh <strong>&#8220;Nh\u00e0 \u0111\u1ea7u t\u01b0 profi h\u1ea1ng 2 (Trung c\u1ea5p)&#8221;<\/strong> t\u1ee9c l\u00e0 kh\u00f4ng c\u1ea7n ph\u1ea3i, <strong>tr\u1ea3 ph\u00ed<\/strong>;<\/span><\/li>\n<li style=\"font-weight: 400;\" aria-level=\"1\"><span style=\"font-weight: 400;\">t\u1ed1i \u0111a 30 ng\u00e0y sau khi b\u1ecb h\u1ea1 c\u1ea5p \u0111\u1ed9 tr\u00ecnh \u0111\u1ed9 nghi\u1ec7p v\u1ee5 \u2013 gi\u1ea3m 80% h\u1ecdc ph\u00ed c\u1ee7a kh\u00f3a h\u1ecdc ch\u00ednh;<\/span><\/li>\n<li style=\"font-weight: 400;\" aria-level=\"1\"><span style=\"font-weight: 400;\">t\u1ed1i \u0111a 30 ng\u00e0y sau khi b\u1ecb h\u1ea1 c\u1ea5p \u0111\u1ed9 tr\u00ecnh \u0111\u1ed9 nghi\u1ec7p v\u1ee5 ho\u1eb7c kh\u00f4ng tr\u1ea3 ph\u00ed cho kh\u00f3a h\u1ecdc ch\u00ednh \u2013 gi\u1ea3m 50% h\u1ecdc ph\u00ed c\u1ee7a kh\u00f3a h\u1ecdc ch\u00ednh<\/span><\/li>\n<\/ul>\n<p>&nbsp;<\/p>\n<p style=\"text-align: justify;\">C\u1ea7n ph\u1ea3i l\u00ean k\u1ebf ho\u1ea1ch v\u00e0 thanh to\u00e1n tr\u01b0\u1edbc cho cho vi\u1ec7c tr\u1ea3 b\u00e0i thi ki\u1ec3m tra x\u00e1c nh\u1eadn tr\u00ecnh \u0111\u1ed9 nghi\u1ec7p v\u1ee5 v\u00e0 ch\u1ec9 th\u1ef1c hi\u1ec7n vi\u1ec7c n\u00e0y trong tr\u01b0\u1eddng h\u1ee3p b\u1ea1n ch\u1eafc ch\u1eafn r\u1eb1ng s\u1ebd k\u1ecbp tr\u1ea3 b\u00e0i thi ki\u1ec3m tra th\u00e0nh c\u00f4ng trong th\u1eddi gian quy \u0111\u1ecbnh. Kh\u00f4ng gi\u1edbi h\u1ea1n s\u1ed1 l\u1ea7n th\u1eed \u0111\u1ec3 tr\u1ea3 b\u00e0i thi ki\u1ec3m tra.<\/p>\n<p style=\"text-align: justify;\">N\u1ebfu b\u1ea1n ch\u01b0a t\u1eebng c\u00f3 tr\u00ecnh \u0111\u1ed9 nghi\u1ec7p v\u1ee5 <strong>\u201cNh\u00e0 \u0111\u1ea7u t\u01b0-profi 2 (Trung b\u00ecnh)\u201d <\/strong>t\u1eeb H\u1ecdc vi\u1ec7n Nh\u00e0 \u0111\u1ea7u t\u01b0 T\u01b0 nh\u00e2n, nh\u01b0ng b\u1ea1n c\u00f3 \u0111\u1ee7 ki\u1ebfn th\u1ee9c v\u00e0 k\u1ef9 n\u0103ng v\u00e0 t\u1ef1 tin v\u00e0o s\u1ef1 chu\u1ea9n b\u1ecb c\u1ee7a m\u00ecnh, th\u00ec b\u1ea1n c\u00f3 quy\u1ec1n truy c\u1eadp <strong>g\u00f3i x\u00e1c nh\u1eadn tr\u00ecnh \u0111\u1ed9 nghi\u1ec7p v\u1ee5<\/strong> v\u1edbi m\u1ee9c gi\u1ea3m gi\u00e1 <strong>50%<\/strong> so v\u1edbi m\u1ee9c gi\u00e1 c\u1ee7a kh\u00f3a h\u1ecdc. Th\u1eddi h\u1ea1n truy c\u1eadp v\u00e0o b\u00e0i thi ki\u1ec3m tra \u2013 30 ng\u00e0y k\u1ec3 t\u1eeb ng\u00e0y mua.<\/p>\n<p style=\"text-align: justify;\"><strong>Quan tr\u1ecdng!<\/strong> N\u1ebfu b\u1ea1n \u0111\u00e3 thanh to\u00e1n cho g\u00f3i x\u00e1c nh\u1eadn tr\u00ecnh \u0111\u1ed9 nghi\u1ec7p v\u1ee5 khi b\u1ea1n kh\u00f4ng c\u00f3 tr\u00ecnh \u0111\u1ed9 nghi\u1ec7p v\u1ee5 t\u1eeb API, nh\u01b0ng kh\u00f4ng th\u1ec3 tr\u1ea3 b\u00e0i thi ki\u1ec3m tra th\u00e0nh c\u00f4ng, th\u00ec b\u1ea1n c\u00f3 th\u1ec3 mua kh\u00f3a h\u1ecdc <a href=\"https:\/\/academyprivateinvestment.com\/en\/programs\/profi-investor-2-cat\/\" target=\"_blank\" rel=\"noopener\">\u201cNh\u00e0 \u0111\u1ea7u t\u01b0-profi h\u1ea1ng 2 (Trung c\u1ea5p)\u201d<\/a> \u0111\u1ec3 \u0111\u01b0\u1ee3c \u0111\u00e0o t\u1ea1o v\u00e0 l\u00e0m vi\u1ec7c tr\u00ean c\u00e1c tr\u00ecnh m\u00f4 ph\u1ecfng c\u00f3 k\u00e8m theo vi\u1ec7c t\u00e1i c\u1ea5p ch\u1ee9ng nh\u1eadn trong c\u00e1c khung th\u1eddi gian theo khuy\u1ebfn ngh\u1ecb. Quy\u1ec1n truy c\u1eadp v\u00e0o n\u1ed9i dung v\u00e0 c\u00e1c tr\u00ecnh m\u00f4 ph\u1ecfng kh\u00f4ng gi\u1edbi h\u1ea1n v\u1ec1 m\u1eb7t th\u1eddi gian.<\/p>\n","protected":false},"excerpt":{"rendered":"<p style=\"text-align: justify;\"><span data-sheets-value=\"{&quot;1&quot;:2,&quot;2&quot;:&quot;D\u1ef1a tr\u00ean vi\u1ec7c x\u00e1c nh\u1eadn th\u00e0nh c\u00f4ng tr\u00ecnh \u0111\u1ed9 nghi\u1ec7p v\u1ee5, s\u1ebd \u0111\u01b0\u1ee3c c\u1ea5p ch\u1ee9ng nh\u1eadn \" data-sheets-userformat=\"{&quot;2&quot;:15105,&quot;3&quot;:{&quot;1&quot;:0},&quot;11&quot;:3,&quot;12&quot;:0,&quot;14&quot;:{&quot;1&quot;:2,&quot;2&quot;:0},&quot;15&quot;:&quot;Arial&quot;,&quot;16&quot;:11}\">D\u1ef1a tr\u00ean vi\u1ec7c x\u00e1c nh\u1eadn th\u00e0nh c\u00f4ng tr\u00ecnh \u0111\u1ed9 nghi\u1ec7p v\u1ee5, s\u1ebd \u0111\u01b0\u1ee3c c\u1ea5p ch\u1ee9ng nh\u1eadn &#8220;Nh\u00e0 \u0111\u1ea7u t\u01b0 profi h\u1ea1ng 2 (Trung c\u1ea5p)&#8221; v\u00e0 Th\u1ee9 h\u1ea1ng \u21162 v\u1edbi th\u1eddi h\u1ea1n hi\u1ec7u l\u1ef1c 365 ng\u00e0y.<\/span><\/p>\n","protected":false},"featured_media":174586,"comment_status":"closed","ping_status":"closed","template":"","meta":{"inline_featured_image":false,"spay_email":""},"product_cat":[531],"product_tag":[],"acf":{"global_goods_id":1527},"_links":{"self":[{"href":"https:\/\/academyprivateinvestment.com\/vi\/wp-json\/wp\/v2\/product\/174633"}],"collection":[{"href":"https:\/\/academyprivateinvestment.com\/vi\/wp-json\/wp\/v2\/product"}],"about":[{"href":"https:\/\/academyprivateinvestment.com\/vi\/wp-json\/wp\/v2\/types\/product"}],"replies":[{"embeddable":true,"href":"https:\/\/academyprivateinvestment.com\/vi\/wp-json\/wp\/v2\/comments?post=174633"}],"wp:featuredmedia":[{"embeddable":true,"href":"https:\/\/academyprivateinvestment.com\/vi\/wp-json\/wp\/v2\/media\/174586"}],"wp:attachment":[{"href":"https:\/\/academyprivateinvestment.com\/vi\/wp-json\/wp\/v2\/media?parent=174633"}],"wp:term":[{"taxonomy":"product_cat","embeddable":true,"href":"https:\/\/academyprivateinvestment.com\/vi\/wp-json\/wp\/v2\/product_cat?post=174633"},{"taxonomy":"product_tag","embeddable":true,"href":"https:\/\/academyprivateinvestment.com\/vi\/wp-json\/wp\/v2\/product_tag?post=174633"}],"curies":[{"name":"wp","href":"https:\/\/api.w.org\/{rel}","templated":true}]}}