{"id":174638,"date":"2022-11-02T00:32:22","date_gmt":"2022-11-01T21:32:22","guid":{"rendered":"https:\/\/academyprivateinvestment.com\/programs\/annual-confirmation-of-qualification-profi-investor-1-category-highest\/"},"modified":"2022-11-02T13:32:11","modified_gmt":"2022-11-02T10:32:11","slug":"annual-confirmation-of-qualification-profi-investor-1-category-highest","status":"publish","type":"product","link":"https:\/\/academyprivateinvestment.com\/vi\/programs\/annual-confirmation-of-qualification-profi-investor-1-category-highest\/","title":{"rendered":"X\u00e1c nh\u1eadn tr\u00ecnh \u0111\u1ed9 nghi\u1ec7p v\u1ee5 h\u00e0ng n\u0103m. Nh\u00e0 \u0111\u1ea7u t\u01b0-profi h\u1ea1ng 1 (Cao nh\u1ea5t)"},"content":{"rendered":"<p style=\"text-align: justify;\">Annual confirmation of qualifications is necessary to confirm the relevance of your knowledge, taking into account changes in trends, legislation, technologies and tools for Profi-Investors and Invest-Consultants, maintaining qualifications, as well as in connection with the introduction of a system of grades and privileges for API graduates.<\/p>\n<p>&nbsp;<\/p>\n<p style=\"text-align: justify;\">On the basis of the highest valid certificate, a <strong>grade<\/strong> is assigned, belonging to a group of graduates of the Academy of Private Investment of a certain level, who have an equal <strong>system of privileges<\/strong>. The assigned grade is valid for <strong>365 days<\/strong>.<\/p>\n<p>&nbsp;<\/p>\n<p style=\"text-align: justify;\">Each grade is assigned <strong>sequentially<\/strong>, and until the test for the 2nd category (Basic) is passed, access to study the 1st category (Intermediate) is not available.<\/p>\n<p>&nbsp;<\/p>\n<p style=\"text-align: justify;\">Qualification confirmation is not required, but without it, after <strong>365 days<\/strong>, the certificate expires and your qualification is reduced to \u201cProfi Investor Category 2 (Intermediate)\u201d with an extension for the next 365 days. In addition, the current Grade No. 3 is downgraded to Grade No. 2, which means that all the <strong>privileges<\/strong> that it gives are reduced.<\/p>\n<p>&nbsp;<\/p>\n<p>You can check the qualification and validity period <a href=\"https:\/\/office-new.academyprivateinvestment.com\/main\" target=\"_blank\" rel=\"noopener\">here<\/a>.<\/p>\n<p>&nbsp;<\/p>\n<p>Qualification is confirmed by passing a test. A pass is considered to be more than 80% correct answers.<\/p>\n<p>&nbsp;<\/p>\n<p style=\"text-align: justify;\">Based on the successful confirmation of qualifications, the qualification <strong>&#8220;Profi-investor of the 1 category (Highest)&#8221;<\/strong> is established and a <strong>Grade 3<\/strong> is given for a period of 365 days.<\/p>\n<p>&nbsp;<\/p>\n<p style=\"text-align: justify;\">Confirmation of qualification (passing the test) has a <strong>recommended period<\/strong>. The cost depends on the timing of delivery:<\/p>\n<ul>\n<li style=\"font-weight: 400;\" aria-level=\"1\"><span style=\"font-weight: 400;\">before the last date of the qualification a 100% discount from the cost of the main <strong>&#8220;Profi-Investor Category 1 (Basic)&#8221;<\/strong> course, that is, <strong>without payment<\/strong>;<\/span><\/li>\n<li style=\"font-weight: 400;\" aria-level=\"1\"><span style=\"font-weight: 400;\">up to 30 days after the end of the qualification a 80% discount from the cost of the main course;<\/span><\/li>\n<li style=\"font-weight: 400;\" aria-level=\"1\"><span style=\"font-weight: 400;\">more than 30 days after the end of the qualification or without paying the main course a 50% discount from the cost of the main course.<\/span><\/li>\n<\/ul>\n<p>&nbsp;<\/p>\n<p style=\"text-align: justify;\">It is necessary to plan the test and pay for the proficiency confirmation test in advance and only if you are sure that you will have time to successfully pass the test within the allotted time. There is no limit on the number of attempts to pass the test.<\/p>\n<p>&nbsp;<\/p>\n<p style=\"text-align: justify;\">If you do not have and did not have the qualification of <strong>&#8220;Profi Investor 1 category (Highest)&#8221;<\/strong> from the Academy of Private Investment, but you have sufficient knowledge and skills and are confident in your preparation, then a <strong>qualification confirmation package<\/strong> is available to you with a <strong>50%<\/strong> discount from the course cost. The period of access to the test is 30 days from the date of purchase.<\/p>\n<p>&nbsp;<\/p>\n<p style=\"text-align: justify;\"><strong>Important!<\/strong> If you have paid for a qualification confirmation package without having an API qualification, but were not able to successfully pass the test, then you can purchase the <a href=\"https:\/\/academyprivateinvestment.com\/en\/programs\/profi-investor-1-cat\/\" target=\"_blank\" rel=\"noopener\">\u201cProfi Investor 1 category (Highest)\u201d<\/a> course for training and work on simulators with subsequent re-certification within the recommended time frame. Access to content and simulators will be indefinite.<\/p>\n","protected":false},"excerpt":{"rendered":"<p style=\"text-align: justify;\"><span data-sheets-value=\"{&quot;1&quot;:2,&quot;2&quot;:&quot;D\u1ef1a tr\u00ean vi\u1ec7c x\u00e1c nh\u1eadn th\u00e0nh c\u00f4ng tr\u00ecnh \u0111\u1ed9 nghi\u1ec7p v\u1ee5, s\u1ebd \u0111\u01b0\u1ee3c c\u1ea5p ch\u1ee9ng nh\u1eadn \"Nh\u00e0 \u0111\u1ea7u t\u01b0 profi h\u1ea1ng 1 (Cao nh\u1ea5t)\" v\u00e0 Th\u1ee9 h\u1ea1ng 3 v\u1edbi th\u1eddi h\u1ea1n hi\u1ec7u l\u1ef1c 365 ng\u00e0y.\" data-sheets-userformat=\"{&quot;2&quot;:15105,&quot;3&quot;:{&quot;1&quot;:0},&quot;11&quot;:3,&quot;12&quot;:0,&quot;14&quot;:{&quot;1&quot;:2,&quot;2&quot;:0},&quot;15&quot;:&quot;Arial&quot;,&quot;16&quot;:11}\">D\u1ef1a tr\u00ean vi\u1ec7c x\u00e1c nh\u1eadn th\u00e0nh c\u00f4ng tr\u00ecnh \u0111\u1ed9 nghi\u1ec7p v\u1ee5, s\u1ebd \u0111\u01b0\u1ee3c c\u1ea5p ch\u1ee9ng nh\u1eadn &#8220;Nh\u00e0 \u0111\u1ea7u t\u01b0 profi h\u1ea1ng 1 (Cao nh\u1ea5t)&#8221; v\u00e0 Th\u1ee9 h\u1ea1ng 3 v\u1edbi th\u1eddi h\u1ea1n hi\u1ec7u l\u1ef1c 365 ng\u00e0y.<\/span><\/p>\n","protected":false},"featured_media":174597,"comment_status":"closed","ping_status":"closed","template":"","meta":{"inline_featured_image":false,"spay_email":""},"product_cat":[531],"product_tag":[],"acf":{"global_goods_id":1528},"_links":{"self":[{"href":"https:\/\/academyprivateinvestment.com\/vi\/wp-json\/wp\/v2\/product\/174638"}],"collection":[{"href":"https:\/\/academyprivateinvestment.com\/vi\/wp-json\/wp\/v2\/product"}],"about":[{"href":"https:\/\/academyprivateinvestment.com\/vi\/wp-json\/wp\/v2\/types\/product"}],"replies":[{"embeddable":true,"href":"https:\/\/academyprivateinvestment.com\/vi\/wp-json\/wp\/v2\/comments?post=174638"}],"wp:featuredmedia":[{"embeddable":true,"href":"https:\/\/academyprivateinvestment.com\/vi\/wp-json\/wp\/v2\/media\/174597"}],"wp:attachment":[{"href":"https:\/\/academyprivateinvestment.com\/vi\/wp-json\/wp\/v2\/media?parent=174638"}],"wp:term":[{"taxonomy":"product_cat","embeddable":true,"href":"https:\/\/academyprivateinvestment.com\/vi\/wp-json\/wp\/v2\/product_cat?post=174638"},{"taxonomy":"product_tag","embeddable":true,"href":"https:\/\/academyprivateinvestment.com\/vi\/wp-json\/wp\/v2\/product_tag?post=174638"}],"curies":[{"name":"wp","href":"https:\/\/api.w.org\/{rel}","templated":true}]}}