{"id":175005,"date":"2022-11-21T11:12:52","date_gmt":"2022-11-21T08:12:52","guid":{"rendered":"https:\/\/academyprivateinvestment.com\/?post_type=product&#038;p=175005"},"modified":"2022-11-21T11:17:35","modified_gmt":"2022-11-21T08:17:35","slug":"thien-tai-tai-chinh-nguoi-dan-chuong-trinh-du-dieu-kien-standard","status":"publish","type":"product","link":"https:\/\/academyprivateinvestment.com\/vi\/programs\/thien-tai-tai-chinh-nguoi-dan-chuong-trinh-du-dieu-kien-standard\/","title":{"rendered":"&#8220;Thi\u00ean t\u00e0i t\u00e0i ch\u00ednh&#8221;, ng\u01b0\u1eddi d\u1eabn ch\u01b0\u01a1ng tr\u00ecnh \u0111\u1ee7 \u0111i\u1ec1u ki\u1ec7n.STANDARD"},"content":{"rendered":"\r\n<p style=\"text-align: justify;\">D\u00e0nh cho nh\u1eefng ai \u0111ang t\u00ecm c\u01a1 h\u1ed9i ki\u1ebfm th\u00eam thu nh\u1eadp, \u0111\u1ed3ng th\u1eddi mu\u1ed1n mang ki\u1ebfn \u200b\u200bth\u1ee9c t\u00e0i ch\u00ednh \u0111\u1ebfn v\u1edbi c\u00f4ng ch\u00fang v\u00e0 tr\u1edf th\u00e0nh ch\u1ee7 s\u1edf h\u1eefu c\u1ee7a c\u1ea3 b\u1ed9 c\u00f4ng c\u1ee5 \u0111\u1ed9c \u0111\u00e1o d\u00e0nh cho c\u00f4ng vi\u1ec7c n\u00e0y.<\/p>\r\n<p style=\"text-align: justify;\">\u00a0<\/p>\r\n\r\n<p style=\"text-align: justify;\"><\/p>\r\n<p style=\"text-align: justify;\">B\u1ea1n s\u1ebd \u0111\u01b0\u1ee3c kh\u00f4ng ch\u1ec9 \u0111\u01b0\u1ee3c nh\u1eadn quy\u1ec1n truy c\u1eadp v\u00e0o kh\u00f3a h\u1ecdc gi\u00fap b\u1ea1n tr\u1edf th\u00e0nh ng\u01b0\u1eddi d\u1eabn ch\u01b0\u01a1ng tr\u00ecnh chuy\u00ean nghi\u1ec7p tr\u00f2 ch\u01a1i \u0111\u00e0o t\u1ea1o &#8220;Thi\u00ean t\u00e0i T\u00e0i ch\u00ednh&#8221;, m\u00e0 c\u00f2n nh\u1eadn \u0111\u01b0\u1ee3c c\u01a1 h\u1ed9i tr\u1edf th\u00e0nh ch\u1ee7 nh\u00e2n c\u1ee7a s\u1ea3n ph\u1ea9m b\u00e1n ch\u1ea1y nh\u1ea5t &#8211; ch\u00ednh l\u00e0 m\u1ed9t b\u1ea3n c\u1ee7a b\u1ed9 tr\u00f2 ch\u01a1i hu\u1ea5n luy\u1ec7n n\u00e0y \u1edf d\u1ea1ng phi\u00ean b\u1ea3n h\u1ed9p. C\u00f2n sau khi k\u1ebft th\u00fac kh\u00f3a h\u1ecdc v\u00e0 tr\u1ea3 b\u00e0i ki\u1ec3m tra th\u00e0nh c\u00f4ng x\u00e1c nh\u1eadn s\u1ef1 chuy\u00ean nghi\u1ec7p c\u1ee7a m\u00ecnh, b\u1ea1n s\u1ebd nh\u1eadn \u0111\u01b0\u1ee3c ch\u1ee9ng ch\u1ec9 ng\u01b0\u1eddi d\u1eabn ch\u01b0\u01a1ng tr\u00ecnh v\u00e0 c\u01a1 h\u1ed9i \u0111\u00e0o t\u1ea1o nh\u1eefng ng\u01b0\u1eddi kh\u00e1c!<\/p>\r\n<p style=\"text-align: justify;\">\r\n\r\n<\/p>\r\n<h2>Trong g\u00f3i STANDARD bao g\u1ed3m:<\/h2>\r\n<p style=\"text-align: justify;\">\r\n\r\n<\/p>\r\n<ul class=\"quote-list\">\r\n<li>Kh\u00f3a h\u1ecdc \u0111\u1eb7c bi\u1ec7t &#8220;Ch\u01b0\u01a1ng tr\u00ecnh \u0111\u00e0o t\u1ea1o d\u00e0nh cho nh\u1eefng ng\u01b0\u1eddi d\u1eabn ch\u01b0\u01a1ng tr\u00ecnh tr\u00f2 ch\u01a1i &#8220;Thi\u00ean t\u00e0i T\u00e0i ch\u00ednh&#8221; (phi\u00ean b\u1ea3n \u0111\u1ec3 b\u00e0n)&#8221;<\/li>\r\n<li>Ch\u1ee9ng ch\u1ec9 ng\u01b0\u1eddi d\u1eabn ch\u01b0\u01a1ng tr\u00ecnh \u0111\u1ee7 \u0111i\u1ec1u ki\u1ec7n tr\u00ecnh \u0111\u1ed9 chuy\u00ean m\u00f4n (\u0111i\u1ec1u ki\u1ec7n: v\u01b0\u1ee3t qua th\u00e0nh c\u00f4ng b\u00e0i ki\u1ec3m tra ch\u1ee9ng nh\u1eadn)<\/li>\r\n<li>K\u1ebft n\u1ed1i ph\u1ec5u b\u00e1n h\u00e0ng t\u1ef1 \u0111\u1ed9ng \u0111\u1ec3 thu h\u00fat kh\u00e1ch h\u00e0ng (ch\u1ec9 d\u00e0nh cho nh\u1eefng ng\u01b0\u1eddi d\u1eabn ch\u01b0\u01a1ng tr\u00ecnh \u0111\u01b0\u1ee3c ch\u1ee9ng nh\u1eadn, \u0111\u01b0\u1ee3c cung c\u1ea5p theo nguy\u1ec7n v\u1ecdng)<\/li>\r\n<\/ul>\r\n<p style=\"text-align: justify;\">\r\n\r\n<\/p>\r\n<p style=\"text-align: center;\"><strong>CH\u00da \u00dd! <\/strong><\/p>\r\n<p style=\"text-align: justify;\">\r\n\r\n<\/p>\r\n<p style=\"text-align: justify;\">Trong g\u00f3i n\u00e0y kh\u00f4ng bao g\u1ed3m b\u1ea3n tr\u00f2 ch\u01a1i hu\u1ea5n luy\u1ec7n &#8220;Thi\u00ean t\u00e0i T\u00e0i ch\u00ednh&#8221;<\/p>\r\n<p style=\"text-align: justify;\">\u00a0<\/p>\r\n<p style=\"text-align: justify;\"><\/p>\r\n<p style=\"text-align: justify;\"><\/p>\r\n<p style=\"text-align: justify;\">N\u1ebfu nh\u01b0 b\u1ea1n mu\u1ed1n tr\u1edf th\u00e0nh ng\u01b0\u1eddi d\u1eabn ch\u01b0\u01a1ng tr\u00ecnh \u0111\u1ee7 \u0111i\u1ec1u ki\u1ec7n n\u0103ng l\u1ef1c tr\u00ecnh \u0111\u1ed9 v\u00e0 nh\u1eadn th\u00eam phi\u00ean b\u1ea3n d\u1ea1ng h\u1ed9p c\u1ee7a tr\u00f2 ch\u01a1i th\u00ec h\u00e3y s\u1eed d\u1ee5ng g\u00f3i \u201cTHI\u00caN T\u00c0I T\u00c0I CH\u00cdNH\u201d, NG\u01af\u1edcI D\u1eaaN CH\u01af\u01a0NG TR\u00ccNH \u0110\u1ee6 \u0110I\u1ec0U KI\u1ec6N N\u0102NG L\u1ef0C TR\u00ccNH \u0110\u1ed8. PREMIUM<\/p>\r\n<p style=\"text-align: justify;\">\u00a0<\/p>\r\n<p style=\"text-align: justify;\"><\/p>\r\n<p style=\"text-align: justify;\"><\/p>\r\n<p style=\"text-align: justify;\">\u0110\u01b0\u1eddng link li\u00ean k\u1ebft \u0111\u1ebfn t\u00e0i li\u1ec7u h\u1ecdc t\u1eadp s\u1ebd \u0111\u01b0\u1ee3c g\u1eedi \u0111\u1ebfn \u0111\u1ecba ch\u1ec9 email c\u1ee7a b\u1ea1n \u0111\u01b0\u1ee3c n\u00eau khi \u0111\u0103ng k\u00fd t\u00e0i kho\u1ea3n H\u1ecdc vi\u1ec7n Nh\u00e0 \u0111\u1ea7u t\u01b0 t\u01b0 nh\u00e2n (API) trong v\u00f2ng 1-3 ng\u00e0y l\u00e0m vi\u1ec7c k\u1ec3 t\u1eeb ng\u00e0y thanh to\u00e1n.<\/p>\r\n<p style=\"text-align: justify;\"><\/p>","protected":false},"excerpt":{"rendered":"<p><span data-sheets-value=\"{&quot;1&quot;:2,&quot;2&quot;:&quot;D\u00e0nh cho nh\u1eefng ai \u0111ang t\u00ecm c\u01a1 h\u1ed9i ki\u1ebfm th\u00eam thu nh\u1eadp, \u0111\u1ed3ng th\u1eddi mu\u1ed1n mang ki\u1ebfn \u200b\u200bth\u1ee9c t\u00e0i ch\u00ednh \u0111\u1ebfn v\u1edbi c\u00f4ng ch\u00fang v\u00e0 tr\u1edf th\u00e0nh ch\u1ee7 s\u1edf h\u1eefu c\u1ee7a c\u1ea3 b\u1ed9 c\u00f4ng c\u1ee5 \u0111\u1ed9c \u0111\u00e1o d\u00e0nh cho c\u00f4ng vi\u1ec7c n\u00e0y. \" data-sheets-userformat=\"{&quot;2&quot;:12801,&quot;3&quot;:{&quot;1&quot;:0},&quot;12&quot;:0,&quot;15&quot;:&quot;Arial, sans-serif&quot;,&quot;16&quot;:11}\">D\u00e0nh cho nh\u1eefng ai \u0111ang t\u00ecm c\u01a1 h\u1ed9i ki\u1ebfm th\u00eam thu nh\u1eadp, \u0111\u1ed3ng th\u1eddi mu\u1ed1n mang ki\u1ebfn \u200b\u200bth\u1ee9c t\u00e0i ch\u00ednh \u0111\u1ebfn v\u1edbi c\u00f4ng ch\u00fang v\u00e0 tr\u1edf th\u00e0nh ch\u1ee7 s\u1edf h\u1eefu c\u1ee7a c\u1ea3 b\u1ed9 c\u00f4ng c\u1ee5 \u0111\u1ed9c \u0111\u00e1o d\u00e0nh cho c\u00f4ng vi\u1ec7c n\u00e0y. Trong g\u00f3i n\u00e0y kh\u00f4ng bao g\u1ed3m b\u1ea3n tr\u00f2 ch\u01a1i hu\u1ea5n luy\u1ec7n &#8220;Thi\u00ean t\u00e0i T\u00e0i ch\u00ednh&#8221;<\/span><\/p>\n","protected":false},"featured_media":174562,"comment_status":"closed","ping_status":"closed","template":"","meta":{"inline_featured_image":false,"spay_email":""},"product_cat":[413,424],"product_tag":[],"acf":{"global_goods_id":1283},"_links":{"self":[{"href":"https:\/\/academyprivateinvestment.com\/vi\/wp-json\/wp\/v2\/product\/175005"}],"collection":[{"href":"https:\/\/academyprivateinvestment.com\/vi\/wp-json\/wp\/v2\/product"}],"about":[{"href":"https:\/\/academyprivateinvestment.com\/vi\/wp-json\/wp\/v2\/types\/product"}],"replies":[{"embeddable":true,"href":"https:\/\/academyprivateinvestment.com\/vi\/wp-json\/wp\/v2\/comments?post=175005"}],"wp:featuredmedia":[{"embeddable":true,"href":"https:\/\/academyprivateinvestment.com\/vi\/wp-json\/wp\/v2\/media\/174562"}],"wp:attachment":[{"href":"https:\/\/academyprivateinvestment.com\/vi\/wp-json\/wp\/v2\/media?parent=175005"}],"wp:term":[{"taxonomy":"product_cat","embeddable":true,"href":"https:\/\/academyprivateinvestment.com\/vi\/wp-json\/wp\/v2\/product_cat?post=175005"},{"taxonomy":"product_tag","embeddable":true,"href":"https:\/\/academyprivateinvestment.com\/vi\/wp-json\/wp\/v2\/product_tag?post=175005"}],"curies":[{"name":"wp","href":"https:\/\/api.w.org\/{rel}","templated":true}]}}